{"id":506,"date":"2025-05-14T14:58:20","date_gmt":"2025-05-14T14:58:20","guid":{"rendered":"https:\/\/lucky-grape.com\/?page_id=506"},"modified":"2025-07-08T14:38:20","modified_gmt":"2025-07-08T14:38:20","slug":"penho-wines","status":"publish","type":"page","link":"https:\/\/lucky-grape.com\/en\/penho-wines\/","title":{"rendered":"PENH\u00d3 WINES"},"content":{"rendered":"<div class=\"wp-block-cover alignfull\" style=\"padding-top:0;padding-right:var(--wp--preset--spacing--30);padding-bottom:0;padding-left:var(--wp--preset--spacing--30);min-height:444px;aspect-ratio:unset;\"><img loading=\"lazy\" decoding=\"async\" width=\"1024\" height=\"768\" class=\"wp-block-cover__image-background wp-image-513 size-large\" alt=\"\" src=\"https:\/\/lucky-grape.com\/wp-content\/uploads\/2025\/05\/171d5c9f-69d2-4ba4-9925-d4aac1e1674d-1-1024x768.jpg\" data-object-fit=\"cover\" srcset=\"https:\/\/lucky-grape.com\/wp-content\/uploads\/2025\/05\/171d5c9f-69d2-4ba4-9925-d4aac1e1674d-1-1024x768.jpg 1024w, https:\/\/lucky-grape.com\/wp-content\/uploads\/2025\/05\/171d5c9f-69d2-4ba4-9925-d4aac1e1674d-1-300x225.jpg 300w, https:\/\/lucky-grape.com\/wp-content\/uploads\/2025\/05\/171d5c9f-69d2-4ba4-9925-d4aac1e1674d-1-768x576.jpg 768w, https:\/\/lucky-grape.com\/wp-content\/uploads\/2025\/05\/171d5c9f-69d2-4ba4-9925-d4aac1e1674d-1-1536x1152.jpg 1536w, https:\/\/lucky-grape.com\/wp-content\/uploads\/2025\/05\/171d5c9f-69d2-4ba4-9925-d4aac1e1674d-1-600x450.jpg 600w, https:\/\/lucky-grape.com\/wp-content\/uploads\/2025\/05\/171d5c9f-69d2-4ba4-9925-d4aac1e1674d-1.jpg 2016w\" sizes=\"auto, (max-width: 1024px) 100vw, 1024px\" \/><span aria-hidden=\"true\" class=\"wp-block-cover__background has-black-background-color has-background-dim-60 has-background-dim\"><\/span><div class=\"wp-block-cover__inner-container is-layout-flow wp-block-cover-is-layout-flow\">\n<div class=\"wp-block-group has-global-padding is-layout-constrained wp-block-group-is-layout-constrained\" style=\"padding-top:var(--wp--preset--spacing--60);padding-bottom:var(--wp--preset--spacing--60)\">\n<div class=\"wp-block-group alignwide has-global-padding is-content-justification-center is-layout-constrained wp-block-group-is-layout-constrained\">\n<h1 class=\"wp-block-heading has-text-align-center has-text-color has-xx-large-font-size\" style=\"color:#fffffffc\">PENH\u00d3 WINES<\/h1>\n<\/div>\n<\/div>\n<\/div><\/div>\n\n\n\n<div style=\"height:35px\" aria-hidden=\"true\" class=\"wp-block-spacer\"><\/div>\n\n\n\n<div class=\"wp-block-columns alignwide are-vertically-aligned-top has-tertiary-background-color has-background is-layout-flex wp-container-core-columns-is-layout-5bb5a08a wp-block-columns-is-layout-flex\" style=\"padding-top:var(--wp--preset--spacing--50);padding-bottom:var(--wp--preset--spacing--50)\">\n<div class=\"wp-block-column is-vertically-aligned-top is-layout-flow wp-container-core-column-is-layout-8a368f38 wp-block-column-is-layout-flow\">\n<div class=\"wp-block-media-text is-stacked-on-mobile\" style=\"grid-template-columns:34% auto\"><figure class=\"wp-block-media-text__media\"><img loading=\"lazy\" decoding=\"async\" width=\"1024\" height=\"768\" src=\"https:\/\/lucky-grape.com\/wp-content\/uploads\/2025\/05\/02041693-38b6-402f-9980-22e2a1a48671-1-1024x768.jpg\" alt=\"\" class=\"wp-image-516 size-full\" srcset=\"https:\/\/lucky-grape.com\/wp-content\/uploads\/2025\/05\/02041693-38b6-402f-9980-22e2a1a48671-1-1024x768.jpg 1024w, https:\/\/lucky-grape.com\/wp-content\/uploads\/2025\/05\/02041693-38b6-402f-9980-22e2a1a48671-1-300x225.jpg 300w, https:\/\/lucky-grape.com\/wp-content\/uploads\/2025\/05\/02041693-38b6-402f-9980-22e2a1a48671-1-768x576.jpg 768w, https:\/\/lucky-grape.com\/wp-content\/uploads\/2025\/05\/02041693-38b6-402f-9980-22e2a1a48671-1-1536x1152.jpg 1536w, https:\/\/lucky-grape.com\/wp-content\/uploads\/2025\/05\/02041693-38b6-402f-9980-22e2a1a48671-1-600x450.jpg 600w, https:\/\/lucky-grape.com\/wp-content\/uploads\/2025\/05\/02041693-38b6-402f-9980-22e2a1a48671-1.jpg 2016w\" sizes=\"auto, (max-width: 1024px) 100vw, 1024px\" \/><\/figure><div class=\"wp-block-media-text__content\">\n<p><strong>Penh\u00f3 Wines \u2013 Natural wines in small batches from the heart of Vinho Verde<\/strong><\/p>\n\n\n\n<p>Hidden in the lush, green mountains of northern Portugal is&nbsp;<em>Penh\u00f3 Wines<\/em>&nbsp;a family-run garage wine project that produces expressive, hand-crafted wines in small batches \u2013 exclusively from grapes grown on the&nbsp;<em>Quinta de Penh\u00f3<\/em>&nbsp;The high-altitude vineyard is located on a ridge in the picturesque Vinho Verde region and overlooks a breathtaking valley that lends the grapes their very own character.<\/p>\n\n\n\n<p>The story of&nbsp;<em>Penh\u00f3 Wines<\/em>&nbsp;is characterized by a deep connection to the place and the family. The vines have been in the family for generations and are lovingly tended to produce wines that combine tradition and personal vision. With a clear commitment to natural viticulture and minimal intervention,&nbsp;<em>Penh\u00f3 Wines<\/em>&nbsp;the terroir speaks for itself \u2013 without additives, excessive interventions or industrial shortcuts.<\/p>\n\n\n\n<p><\/p>\n<\/div><\/div>\n<\/div>\n<\/div>\n\n\n\n<p>Each bottle is created in the spirit of true garage wine: on a small scale, with a lot of handwork, and full of personality. It's not about following trends, but about making honest wines that tell the story of the vineyard\u2014its altitude, its soils, its climate, and the people who tend it. From vine to glass, the process is slow, mindful, and in harmony with nature's rhythm.<\/p>\n\n\n\n<p>As the vines continue to grow and develop, so does the project. But the philosophy remains the same: to produce pure, vibrant wines that celebrate the soul of Vinho Verde\u2014as authentic and unfiltered as possible.<\/p>","protected":false},"excerpt":{"rendered":"<p>Penh\u00f3 Wines \u2013 Naturweine in Kleinstmengen aus dem Herzen von Vinho Verde Versteckt in den \u00fcppigen, gr\u00fcnen Bergen Nordportugals ist&nbsp;Penh\u00f3 Wines&nbsp;ein familiengef\u00fchrtes Garagenwein-Projekt, das ausdrucksstarke, handgemachte Weine in Kleinstmengen herstellt \u2013 ausschlie\u00dflich aus Trauben, die auf der&nbsp;Quinta de Penh\u00f3&nbsp;wachsen. Der hochgelegene Weinberg liegt auf einem Bergr\u00fccken in der malerischen Vinho-Verde-Region und blickt auf ein atemberaubendes [&hellip;]<\/p>\n","protected":false},"author":1,"featured_media":0,"parent":0,"menu_order":0,"comment_status":"closed","ping_status":"closed","template":"","meta":{"footnotes":""},"class_list":["post-506","page","type-page","status-publish","hentry"],"yoast_head":"<!-- This site is optimized with the Yoast SEO plugin v27.4 - https:\/\/yoast.com\/product\/yoast-seo-wordpress\/ -->\n<title>PENH\u00d3 WINES - LUCKY GRAPE<\/title>\n<meta name=\"robots\" content=\"index, follow, max-snippet:-1, max-image-preview:large, max-video-preview:-1\" \/>\n<link rel=\"canonical\" href=\"https:\/\/lucky-grape.com\/en\/penho-wines\/\" \/>\n<meta property=\"og:locale\" content=\"en_GB\" \/>\n<meta property=\"og:type\" content=\"article\" \/>\n<meta property=\"og:title\" content=\"PENH\u00d3 WINES - LUCKY GRAPE\" \/>\n<meta property=\"og:description\" content=\"Penh\u00f3 Wines \u2013 Naturweine in Kleinstmengen aus dem Herzen von Vinho Verde Versteckt in den \u00fcppigen, gr\u00fcnen Bergen Nordportugals ist&nbsp;Penh\u00f3 Wines&nbsp;ein familiengef\u00fchrtes Garagenwein-Projekt, das ausdrucksstarke, handgemachte Weine in Kleinstmengen herstellt \u2013 ausschlie\u00dflich aus Trauben, die auf der&nbsp;Quinta de Penh\u00f3&nbsp;wachsen. Der hochgelegene Weinberg liegt auf einem Bergr\u00fccken in der malerischen Vinho-Verde-Region und blickt auf ein atemberaubendes [&hellip;]\" \/>\n<meta property=\"og:url\" content=\"https:\/\/lucky-grape.com\/en\/penho-wines\/\" \/>\n<meta property=\"og:site_name\" content=\"LUCKY GRAPE\" \/>\n<meta property=\"article:modified_time\" content=\"2025-07-08T14:38:20+00:00\" \/>\n<meta property=\"og:image\" content=\"https:\/\/lucky-grape.com\/wp-content\/uploads\/2025\/05\/171d5c9f-69d2-4ba4-9925-d4aac1e1674d-1.jpg\" \/>\n\t<meta property=\"og:image:width\" content=\"2016\" \/>\n\t<meta property=\"og:image:height\" content=\"1512\" \/>\n\t<meta property=\"og:image:type\" content=\"image\/jpeg\" \/>\n<meta name=\"twitter:card\" content=\"summary_large_image\" \/>\n<meta name=\"twitter:label1\" content=\"Estimated reading time\" \/>\n\t<meta name=\"twitter:data1\" content=\"2 minutes\" \/>\n<script type=\"application\/ld+json\" class=\"yoast-schema-graph\">{\"@context\":\"https:\\\/\\\/schema.org\",\"@graph\":[{\"@type\":\"WebPage\",\"@id\":\"https:\\\/\\\/lucky-grape.com\\\/penho-wines\\\/\",\"url\":\"https:\\\/\\\/lucky-grape.com\\\/penho-wines\\\/\",\"name\":\"PENH\u00d3 WINES - LUCKY GRAPE\",\"isPartOf\":{\"@id\":\"https:\\\/\\\/lucky-grape.com\\\/#website\"},\"primaryImageOfPage\":{\"@id\":\"https:\\\/\\\/lucky-grape.com\\\/penho-wines\\\/#primaryimage\"},\"image\":{\"@id\":\"https:\\\/\\\/lucky-grape.com\\\/penho-wines\\\/#primaryimage\"},\"thumbnailUrl\":\"https:\\\/\\\/lucky-grape.com\\\/wp-content\\\/uploads\\\/2025\\\/05\\\/171d5c9f-69d2-4ba4-9925-d4aac1e1674d-1-1024x768.jpg\",\"datePublished\":\"2025-05-14T14:58:20+00:00\",\"dateModified\":\"2025-07-08T14:38:20+00:00\",\"breadcrumb\":{\"@id\":\"https:\\\/\\\/lucky-grape.com\\\/penho-wines\\\/#breadcrumb\"},\"inLanguage\":\"en-GB\",\"potentialAction\":[{\"@type\":\"ReadAction\",\"target\":[\"https:\\\/\\\/lucky-grape.com\\\/penho-wines\\\/\"]}]},{\"@type\":\"ImageObject\",\"inLanguage\":\"en-GB\",\"@id\":\"https:\\\/\\\/lucky-grape.com\\\/penho-wines\\\/#primaryimage\",\"url\":\"https:\\\/\\\/lucky-grape.com\\\/wp-content\\\/uploads\\\/2025\\\/05\\\/171d5c9f-69d2-4ba4-9925-d4aac1e1674d-1-1024x768.jpg\",\"contentUrl\":\"https:\\\/\\\/lucky-grape.com\\\/wp-content\\\/uploads\\\/2025\\\/05\\\/171d5c9f-69d2-4ba4-9925-d4aac1e1674d-1-1024x768.jpg\"},{\"@type\":\"BreadcrumbList\",\"@id\":\"https:\\\/\\\/lucky-grape.com\\\/penho-wines\\\/#breadcrumb\",\"itemListElement\":[{\"@type\":\"ListItem\",\"position\":1,\"name\":\"Home\",\"item\":\"https:\\\/\\\/lucky-grape.com\\\/\"},{\"@type\":\"ListItem\",\"position\":2,\"name\":\"PENH\u00d3 WINES\"}]},{\"@type\":\"WebSite\",\"@id\":\"https:\\\/\\\/lucky-grape.com\\\/#website\",\"url\":\"https:\\\/\\\/lucky-grape.com\\\/\",\"name\":\"LUCKY GRAPE\",\"description\":\"Natural wine - Low intervention - Small producers\",\"publisher\":{\"@id\":\"https:\\\/\\\/lucky-grape.com\\\/#organization\"},\"potentialAction\":[{\"@type\":\"SearchAction\",\"target\":{\"@type\":\"EntryPoint\",\"urlTemplate\":\"https:\\\/\\\/lucky-grape.com\\\/?s={search_term_string}\"},\"query-input\":{\"@type\":\"PropertyValueSpecification\",\"valueRequired\":true,\"valueName\":\"search_term_string\"}}],\"inLanguage\":\"en-GB\"},{\"@type\":\"Organization\",\"@id\":\"https:\\\/\\\/lucky-grape.com\\\/#organization\",\"name\":\"LUCKY GRAPE\",\"url\":\"https:\\\/\\\/lucky-grape.com\\\/\",\"logo\":{\"@type\":\"ImageObject\",\"inLanguage\":\"en-GB\",\"@id\":\"https:\\\/\\\/lucky-grape.com\\\/#\\\/schema\\\/logo\\\/image\\\/\",\"url\":\"https:\\\/\\\/lucky-grape.com\\\/wp-content\\\/uploads\\\/2024\\\/08\\\/LOGO-WHITE.png\",\"contentUrl\":\"https:\\\/\\\/lucky-grape.com\\\/wp-content\\\/uploads\\\/2024\\\/08\\\/LOGO-WHITE.png\",\"width\":1000,\"height\":1000,\"caption\":\"LUCKY GRAPE\"},\"image\":{\"@id\":\"https:\\\/\\\/lucky-grape.com\\\/#\\\/schema\\\/logo\\\/image\\\/\"}}]}<\/script>\n<!-- \/ Yoast SEO plugin. -->","yoast_head_json":{"title":"PENH\u00d3 WINES - LUCKY GRAPE","robots":{"index":"index","follow":"follow","max-snippet":"max-snippet:-1","max-image-preview":"max-image-preview:large","max-video-preview":"max-video-preview:-1"},"canonical":"https:\/\/lucky-grape.com\/en\/penho-wines\/","og_locale":"en_GB","og_type":"article","og_title":"PENH\u00d3 WINES - LUCKY GRAPE","og_description":"Penh\u00f3 Wines \u2013 Naturweine in Kleinstmengen aus dem Herzen von Vinho Verde Versteckt in den \u00fcppigen, gr\u00fcnen Bergen Nordportugals ist&nbsp;Penh\u00f3 Wines&nbsp;ein familiengef\u00fchrtes Garagenwein-Projekt, das ausdrucksstarke, handgemachte Weine in Kleinstmengen herstellt \u2013 ausschlie\u00dflich aus Trauben, die auf der&nbsp;Quinta de Penh\u00f3&nbsp;wachsen. Der hochgelegene Weinberg liegt auf einem Bergr\u00fccken in der malerischen Vinho-Verde-Region und blickt auf ein atemberaubendes [&hellip;]","og_url":"https:\/\/lucky-grape.com\/en\/penho-wines\/","og_site_name":"LUCKY GRAPE","article_modified_time":"2025-07-08T14:38:20+00:00","og_image":[{"width":2016,"height":1512,"url":"https:\/\/lucky-grape.com\/wp-content\/uploads\/2025\/05\/171d5c9f-69d2-4ba4-9925-d4aac1e1674d-1.jpg","type":"image\/jpeg"}],"twitter_card":"summary_large_image","twitter_misc":{"Estimated reading time":"2 minutes"},"schema":{"@context":"https:\/\/schema.org","@graph":[{"@type":"WebPage","@id":"https:\/\/lucky-grape.com\/penho-wines\/","url":"https:\/\/lucky-grape.com\/penho-wines\/","name":"PENH\u00d3 WINES - LUCKY GRAPE","isPartOf":{"@id":"https:\/\/lucky-grape.com\/#website"},"primaryImageOfPage":{"@id":"https:\/\/lucky-grape.com\/penho-wines\/#primaryimage"},"image":{"@id":"https:\/\/lucky-grape.com\/penho-wines\/#primaryimage"},"thumbnailUrl":"https:\/\/lucky-grape.com\/wp-content\/uploads\/2025\/05\/171d5c9f-69d2-4ba4-9925-d4aac1e1674d-1-1024x768.jpg","datePublished":"2025-05-14T14:58:20+00:00","dateModified":"2025-07-08T14:38:20+00:00","breadcrumb":{"@id":"https:\/\/lucky-grape.com\/penho-wines\/#breadcrumb"},"inLanguage":"en-GB","potentialAction":[{"@type":"ReadAction","target":["https:\/\/lucky-grape.com\/penho-wines\/"]}]},{"@type":"ImageObject","inLanguage":"en-GB","@id":"https:\/\/lucky-grape.com\/penho-wines\/#primaryimage","url":"https:\/\/lucky-grape.com\/wp-content\/uploads\/2025\/05\/171d5c9f-69d2-4ba4-9925-d4aac1e1674d-1-1024x768.jpg","contentUrl":"https:\/\/lucky-grape.com\/wp-content\/uploads\/2025\/05\/171d5c9f-69d2-4ba4-9925-d4aac1e1674d-1-1024x768.jpg"},{"@type":"BreadcrumbList","@id":"https:\/\/lucky-grape.com\/penho-wines\/#breadcrumb","itemListElement":[{"@type":"ListItem","position":1,"name":"Home","item":"https:\/\/lucky-grape.com\/"},{"@type":"ListItem","position":2,"name":"PENH\u00d3 WINES"}]},{"@type":"WebSite","@id":"https:\/\/lucky-grape.com\/#website","url":"https:\/\/lucky-grape.com\/","name":"LUCKY GRAPE","description":"Natural wine - Low intervention - Small producers","publisher":{"@id":"https:\/\/lucky-grape.com\/#organization"},"potentialAction":[{"@type":"SearchAction","target":{"@type":"EntryPoint","urlTemplate":"https:\/\/lucky-grape.com\/?s={search_term_string}"},"query-input":{"@type":"PropertyValueSpecification","valueRequired":true,"valueName":"search_term_string"}}],"inLanguage":"en-GB"},{"@type":"Organization","@id":"https:\/\/lucky-grape.com\/#organization","name":"LUCKY GRAPE","url":"https:\/\/lucky-grape.com\/","logo":{"@type":"ImageObject","inLanguage":"en-GB","@id":"https:\/\/lucky-grape.com\/#\/schema\/logo\/image\/","url":"https:\/\/lucky-grape.com\/wp-content\/uploads\/2024\/08\/LOGO-WHITE.png","contentUrl":"https:\/\/lucky-grape.com\/wp-content\/uploads\/2024\/08\/LOGO-WHITE.png","width":1000,"height":1000,"caption":"LUCKY GRAPE"},"image":{"@id":"https:\/\/lucky-grape.com\/#\/schema\/logo\/image\/"}}]}},"_links":{"self":[{"href":"https:\/\/lucky-grape.com\/en\/wp-json\/wp\/v2\/pages\/506","targetHints":{"allow":["GET"]}}],"collection":[{"href":"https:\/\/lucky-grape.com\/en\/wp-json\/wp\/v2\/pages"}],"about":[{"href":"https:\/\/lucky-grape.com\/en\/wp-json\/wp\/v2\/types\/page"}],"author":[{"embeddable":true,"href":"https:\/\/lucky-grape.com\/en\/wp-json\/wp\/v2\/users\/1"}],"replies":[{"embeddable":true,"href":"https:\/\/lucky-grape.com\/en\/wp-json\/wp\/v2\/comments?post=506"}],"version-history":[{"count":3,"href":"https:\/\/lucky-grape.com\/en\/wp-json\/wp\/v2\/pages\/506\/revisions"}],"predecessor-version":[{"id":626,"href":"https:\/\/lucky-grape.com\/en\/wp-json\/wp\/v2\/pages\/506\/revisions\/626"}],"wp:attachment":[{"href":"https:\/\/lucky-grape.com\/en\/wp-json\/wp\/v2\/media?parent=506"}],"curies":[{"name":"wp","href":"https:\/\/api.w.org\/{rel}","templated":true}]}}