{"id":184,"date":"2025-02-05T21:21:23","date_gmt":"2025-02-05T21:21:23","guid":{"rendered":"https:\/\/lucky-grape.com\/?post_type=product&#038;p=184"},"modified":"2025-11-05T14:15:57","modified_gmt":"2025-11-05T14:15:57","slug":"2024-when-life-gives-you-lemons-riesling-mosel","status":"publish","type":"product","link":"https:\/\/lucky-grape.com\/en\/product\/2024-when-life-gives-you-lemons-riesling-mosel\/","title":{"rendered":"2024 When Life Gives You Lemons Riesling"},"content":{"rendered":"<pre><strong>CITRUS \ud83c\udf4b | MINERAL \ud83e\udea8 | FRESH \ud83e\uddca\r\n<\/strong><\/pre>\n<p data-start=\"0\" data-end=\"213\">Each year, Philippe and Tanja select their Riesling with the highest acidity for an early harvest and create a Pet Nat that highlights the saltiness of the slate and the bright acidity of the Moselle.<\/p>\n<p data-start=\"215\" data-end=\"448\">No lemons were harmed in the making of this citrusy sparkling wine\u2014only the pure essence of Riesling. Made from their youngest vines, it reflects meticulous vineyard care and the character of the vintage.<\/p>\n<p data-start=\"450\" data-end=\"762\">In the glass, it displays a cloudy, pale golden glow. The nose is fresh and lively, with hints of apricot, meadow grass, and crushed stone. On the palate, it is dry, bright, and crisp\u2014carried by tangy citrus freshness, gentle bubbles, and a stony note that energizes every sip.<\/p>\n<p data-start=\"764\" data-end=\"883\" data-is-last-node=\"\" data-is-only-node=\"\">A true snapshot of the year, this crowd-pleaser brings pop culture and pure joy to every sip!<\/p>","protected":false},"excerpt":{"rendered":"<pre>GERMANY | MOSEL | RIESLING | PET NAT | 11%<\/pre>\n<p>&nbsp;<\/p>","protected":false},"featured_media":267,"comment_status":"open","ping_status":"closed","template":"","meta":[],"product_brand":[32],"product_cat":[36,20,25],"product_tag":[41,43,29,75,26,74],"class_list":{"0":"post-184","1":"product","2":"type-product","3":"status-publish","4":"has-post-thumbnail","6":"product_brand-grandbois-weine","7":"product_cat-german-wine","8":"product_cat-pet-nat","9":"product_cat-white","10":"product_tag-fruity","11":"product_tag-germany","12":"product_tag-mosel","13":"product_tag-naturwein","14":"product_tag-pet-nat","15":"product_tag-wein","17":"first","18":"instock","19":"shipping-taxable","20":"purchasable","21":"product-type-simple"},"yoast_head":"<!-- This site is optimized with the Yoast SEO plugin v27.4 - https:\/\/yoast.com\/product\/yoast-seo-wordpress\/ -->\n<title>2024 When Life Gives You Lemons Riesling - LUCKY GRAPE<\/title>\n<meta name=\"description\" content=\"Frisch und spritzig: Der 2024er \u201eWhen Life Gives You Lemons\u201c Riesling Pet Nat begeistert mit Zitrusnoten, Meersalz-Mineralit\u00e4t und Mosel-Charme. Fr\u00fche Lese von hochs\u00e4urehaltigen Riesling-Trauben, dieser nat\u00fcrliche Schaumwein f\u00e4ngt die Essenz des Jahrgangs ein und schenkt puren Genuss in jedem Schluck.\" \/>\n<meta name=\"robots\" content=\"index, follow, max-snippet:-1, max-image-preview:large, max-video-preview:-1\" \/>\n<link rel=\"canonical\" href=\"https:\/\/lucky-grape.com\/en\/product\/2024-when-life-gives-you-lemons-riesling-mosel\/\" \/>\n<meta property=\"og:locale\" content=\"en_GB\" \/>\n<meta property=\"og:type\" content=\"article\" \/>\n<meta property=\"og:title\" content=\"2024 When Life Gives You Lemons Riesling - LUCKY GRAPE\" \/>\n<meta property=\"og:description\" content=\"Frisch und spritzig: Der 2024er \u201eWhen Life Gives You Lemons\u201c Riesling Pet Nat begeistert mit Zitrusnoten, Meersalz-Mineralit\u00e4t und Mosel-Charme. Fr\u00fche Lese von hochs\u00e4urehaltigen Riesling-Trauben, dieser nat\u00fcrliche Schaumwein f\u00e4ngt die Essenz des Jahrgangs ein und schenkt puren Genuss in jedem Schluck.\" \/>\n<meta property=\"og:url\" content=\"https:\/\/lucky-grape.com\/en\/product\/2024-when-life-gives-you-lemons-riesling-mosel\/\" \/>\n<meta property=\"og:site_name\" content=\"LUCKY GRAPE\" \/>\n<meta property=\"article:modified_time\" content=\"2025-11-05T14:15:57+00:00\" \/>\n<meta property=\"og:image\" content=\"https:\/\/lucky-grape.com\/wp-content\/uploads\/2025\/02\/1.png\" \/>\n\t<meta property=\"og:image:width\" content=\"1080\" \/>\n\t<meta property=\"og:image:height\" content=\"1350\" \/>\n\t<meta property=\"og:image:type\" content=\"image\/png\" \/>\n<meta name=\"twitter:card\" content=\"summary_large_image\" \/>\n<meta name=\"twitter:label1\" content=\"Estimated reading time\" \/>\n\t<meta name=\"twitter:data1\" content=\"1 minute\" \/>\n<script type=\"application\/ld+json\" class=\"yoast-schema-graph\">{\"@context\":\"https:\\\/\\\/schema.org\",\"@graph\":[{\"@type\":\"WebPage\",\"@id\":\"https:\\\/\\\/lucky-grape.com\\\/product\\\/2024-when-life-gives-you-lemons-riesling-mosel\\\/\",\"url\":\"https:\\\/\\\/lucky-grape.com\\\/product\\\/2024-when-life-gives-you-lemons-riesling-mosel\\\/\",\"name\":\"2024 When Life Gives You Lemons Riesling - LUCKY GRAPE\",\"isPartOf\":{\"@id\":\"https:\\\/\\\/lucky-grape.com\\\/#website\"},\"primaryImageOfPage\":{\"@id\":\"https:\\\/\\\/lucky-grape.com\\\/product\\\/2024-when-life-gives-you-lemons-riesling-mosel\\\/#primaryimage\"},\"image\":{\"@id\":\"https:\\\/\\\/lucky-grape.com\\\/product\\\/2024-when-life-gives-you-lemons-riesling-mosel\\\/#primaryimage\"},\"thumbnailUrl\":\"https:\\\/\\\/lucky-grape.com\\\/wp-content\\\/uploads\\\/2025\\\/02\\\/1.png\",\"datePublished\":\"2025-02-05T21:21:23+00:00\",\"dateModified\":\"2025-11-05T14:15:57+00:00\",\"description\":\"Frisch und spritzig: Der 2024er \u201eWhen Life Gives You Lemons\u201c Riesling Pet Nat begeistert mit Zitrusnoten, Meersalz-Mineralit\u00e4t und Mosel-Charme. Fr\u00fche Lese von hochs\u00e4urehaltigen Riesling-Trauben, dieser nat\u00fcrliche Schaumwein f\u00e4ngt die Essenz des Jahrgangs ein und schenkt puren Genuss in jedem Schluck.\",\"breadcrumb\":{\"@id\":\"https:\\\/\\\/lucky-grape.com\\\/product\\\/2024-when-life-gives-you-lemons-riesling-mosel\\\/#breadcrumb\"},\"inLanguage\":\"en-GB\",\"potentialAction\":[{\"@type\":\"ReadAction\",\"target\":[\"https:\\\/\\\/lucky-grape.com\\\/product\\\/2024-when-life-gives-you-lemons-riesling-mosel\\\/\"]}]},{\"@type\":\"ImageObject\",\"inLanguage\":\"en-GB\",\"@id\":\"https:\\\/\\\/lucky-grape.com\\\/product\\\/2024-when-life-gives-you-lemons-riesling-mosel\\\/#primaryimage\",\"url\":\"https:\\\/\\\/lucky-grape.com\\\/wp-content\\\/uploads\\\/2025\\\/02\\\/1.png\",\"contentUrl\":\"https:\\\/\\\/lucky-grape.com\\\/wp-content\\\/uploads\\\/2025\\\/02\\\/1.png\",\"width\":1080,\"height\":1350},{\"@type\":\"BreadcrumbList\",\"@id\":\"https:\\\/\\\/lucky-grape.com\\\/product\\\/2024-when-life-gives-you-lemons-riesling-mosel\\\/#breadcrumb\",\"itemListElement\":[{\"@type\":\"ListItem\",\"position\":1,\"name\":\"Home\",\"item\":\"https:\\\/\\\/lucky-grape.com\\\/\"},{\"@type\":\"ListItem\",\"position\":2,\"name\":\"WINE SHOP\",\"item\":\"https:\\\/\\\/lucky-grape.com\\\/home\\\/wine-shop\\\/\"},{\"@type\":\"ListItem\",\"position\":3,\"name\":\"2024 When Life Gives You Lemons Riesling\"}]},{\"@type\":\"WebSite\",\"@id\":\"https:\\\/\\\/lucky-grape.com\\\/#website\",\"url\":\"https:\\\/\\\/lucky-grape.com\\\/\",\"name\":\"LUCKY GRAPE\",\"description\":\"Natural wine - Low intervention - Small producers\",\"publisher\":{\"@id\":\"https:\\\/\\\/lucky-grape.com\\\/#organization\"},\"potentialAction\":[{\"@type\":\"SearchAction\",\"target\":{\"@type\":\"EntryPoint\",\"urlTemplate\":\"https:\\\/\\\/lucky-grape.com\\\/?s={search_term_string}\"},\"query-input\":{\"@type\":\"PropertyValueSpecification\",\"valueRequired\":true,\"valueName\":\"search_term_string\"}}],\"inLanguage\":\"en-GB\"},{\"@type\":\"Organization\",\"@id\":\"https:\\\/\\\/lucky-grape.com\\\/#organization\",\"name\":\"LUCKY GRAPE\",\"url\":\"https:\\\/\\\/lucky-grape.com\\\/\",\"logo\":{\"@type\":\"ImageObject\",\"inLanguage\":\"en-GB\",\"@id\":\"https:\\\/\\\/lucky-grape.com\\\/#\\\/schema\\\/logo\\\/image\\\/\",\"url\":\"https:\\\/\\\/lucky-grape.com\\\/wp-content\\\/uploads\\\/2024\\\/08\\\/LOGO-WHITE.png\",\"contentUrl\":\"https:\\\/\\\/lucky-grape.com\\\/wp-content\\\/uploads\\\/2024\\\/08\\\/LOGO-WHITE.png\",\"width\":1000,\"height\":1000,\"caption\":\"LUCKY GRAPE\"},\"image\":{\"@id\":\"https:\\\/\\\/lucky-grape.com\\\/#\\\/schema\\\/logo\\\/image\\\/\"}}]}<\/script>\n<!-- \/ Yoast SEO plugin. -->","yoast_head_json":{"title":"2024 When Life Gives You Lemons Riesling - LUCKY GRAPE","description":"Frisch und spritzig: Der 2024er \u201eWhen Life Gives You Lemons\u201c Riesling Pet Nat begeistert mit Zitrusnoten, Meersalz-Mineralit\u00e4t und Mosel-Charme. Fr\u00fche Lese von hochs\u00e4urehaltigen Riesling-Trauben, dieser nat\u00fcrliche Schaumwein f\u00e4ngt die Essenz des Jahrgangs ein und schenkt puren Genuss in jedem Schluck.","robots":{"index":"index","follow":"follow","max-snippet":"max-snippet:-1","max-image-preview":"max-image-preview:large","max-video-preview":"max-video-preview:-1"},"canonical":"https:\/\/lucky-grape.com\/en\/product\/2024-when-life-gives-you-lemons-riesling-mosel\/","og_locale":"en_GB","og_type":"article","og_title":"2024 When Life Gives You Lemons Riesling - LUCKY GRAPE","og_description":"Frisch und spritzig: Der 2024er \u201eWhen Life Gives You Lemons\u201c Riesling Pet Nat begeistert mit Zitrusnoten, Meersalz-Mineralit\u00e4t und Mosel-Charme. Fr\u00fche Lese von hochs\u00e4urehaltigen Riesling-Trauben, dieser nat\u00fcrliche Schaumwein f\u00e4ngt die Essenz des Jahrgangs ein und schenkt puren Genuss in jedem Schluck.","og_url":"https:\/\/lucky-grape.com\/en\/product\/2024-when-life-gives-you-lemons-riesling-mosel\/","og_site_name":"LUCKY GRAPE","article_modified_time":"2025-11-05T14:15:57+00:00","og_image":[{"width":1080,"height":1350,"url":"https:\/\/lucky-grape.com\/wp-content\/uploads\/2025\/02\/1.png","type":"image\/png"}],"twitter_card":"summary_large_image","twitter_misc":{"Estimated reading time":"1 minute"},"schema":{"@context":"https:\/\/schema.org","@graph":[{"@type":"WebPage","@id":"https:\/\/lucky-grape.com\/product\/2024-when-life-gives-you-lemons-riesling-mosel\/","url":"https:\/\/lucky-grape.com\/product\/2024-when-life-gives-you-lemons-riesling-mosel\/","name":"2024 When Life Gives You Lemons Riesling - LUCKY GRAPE","isPartOf":{"@id":"https:\/\/lucky-grape.com\/#website"},"primaryImageOfPage":{"@id":"https:\/\/lucky-grape.com\/product\/2024-when-life-gives-you-lemons-riesling-mosel\/#primaryimage"},"image":{"@id":"https:\/\/lucky-grape.com\/product\/2024-when-life-gives-you-lemons-riesling-mosel\/#primaryimage"},"thumbnailUrl":"https:\/\/lucky-grape.com\/wp-content\/uploads\/2025\/02\/1.png","datePublished":"2025-02-05T21:21:23+00:00","dateModified":"2025-11-05T14:15:57+00:00","description":"Frisch und spritzig: Der 2024er \u201eWhen Life Gives You Lemons\u201c Riesling Pet Nat begeistert mit Zitrusnoten, Meersalz-Mineralit\u00e4t und Mosel-Charme. Fr\u00fche Lese von hochs\u00e4urehaltigen Riesling-Trauben, dieser nat\u00fcrliche Schaumwein f\u00e4ngt die Essenz des Jahrgangs ein und schenkt puren Genuss in jedem Schluck.","breadcrumb":{"@id":"https:\/\/lucky-grape.com\/product\/2024-when-life-gives-you-lemons-riesling-mosel\/#breadcrumb"},"inLanguage":"en-GB","potentialAction":[{"@type":"ReadAction","target":["https:\/\/lucky-grape.com\/product\/2024-when-life-gives-you-lemons-riesling-mosel\/"]}]},{"@type":"ImageObject","inLanguage":"en-GB","@id":"https:\/\/lucky-grape.com\/product\/2024-when-life-gives-you-lemons-riesling-mosel\/#primaryimage","url":"https:\/\/lucky-grape.com\/wp-content\/uploads\/2025\/02\/1.png","contentUrl":"https:\/\/lucky-grape.com\/wp-content\/uploads\/2025\/02\/1.png","width":1080,"height":1350},{"@type":"BreadcrumbList","@id":"https:\/\/lucky-grape.com\/product\/2024-when-life-gives-you-lemons-riesling-mosel\/#breadcrumb","itemListElement":[{"@type":"ListItem","position":1,"name":"Home","item":"https:\/\/lucky-grape.com\/"},{"@type":"ListItem","position":2,"name":"WINE SHOP","item":"https:\/\/lucky-grape.com\/home\/wine-shop\/"},{"@type":"ListItem","position":3,"name":"2024 When Life Gives You Lemons Riesling"}]},{"@type":"WebSite","@id":"https:\/\/lucky-grape.com\/#website","url":"https:\/\/lucky-grape.com\/","name":"LUCKY GRAPE","description":"Natural wine - Low intervention - Small producers","publisher":{"@id":"https:\/\/lucky-grape.com\/#organization"},"potentialAction":[{"@type":"SearchAction","target":{"@type":"EntryPoint","urlTemplate":"https:\/\/lucky-grape.com\/?s={search_term_string}"},"query-input":{"@type":"PropertyValueSpecification","valueRequired":true,"valueName":"search_term_string"}}],"inLanguage":"en-GB"},{"@type":"Organization","@id":"https:\/\/lucky-grape.com\/#organization","name":"LUCKY GRAPE","url":"https:\/\/lucky-grape.com\/","logo":{"@type":"ImageObject","inLanguage":"en-GB","@id":"https:\/\/lucky-grape.com\/#\/schema\/logo\/image\/","url":"https:\/\/lucky-grape.com\/wp-content\/uploads\/2024\/08\/LOGO-WHITE.png","contentUrl":"https:\/\/lucky-grape.com\/wp-content\/uploads\/2024\/08\/LOGO-WHITE.png","width":1000,"height":1000,"caption":"LUCKY GRAPE"},"image":{"@id":"https:\/\/lucky-grape.com\/#\/schema\/logo\/image\/"}}]}},"_links":{"self":[{"href":"https:\/\/lucky-grape.com\/en\/wp-json\/wp\/v2\/product\/184","targetHints":{"allow":["GET"]}}],"collection":[{"href":"https:\/\/lucky-grape.com\/en\/wp-json\/wp\/v2\/product"}],"about":[{"href":"https:\/\/lucky-grape.com\/en\/wp-json\/wp\/v2\/types\/product"}],"replies":[{"embeddable":true,"href":"https:\/\/lucky-grape.com\/en\/wp-json\/wp\/v2\/comments?post=184"}],"wp:featuredmedia":[{"embeddable":true,"href":"https:\/\/lucky-grape.com\/en\/wp-json\/wp\/v2\/media\/267"}],"wp:attachment":[{"href":"https:\/\/lucky-grape.com\/en\/wp-json\/wp\/v2\/media?parent=184"}],"wp:term":[{"taxonomy":"product_brand","embeddable":true,"href":"https:\/\/lucky-grape.com\/en\/wp-json\/wp\/v2\/product_brand?post=184"},{"taxonomy":"product_cat","embeddable":true,"href":"https:\/\/lucky-grape.com\/en\/wp-json\/wp\/v2\/product_cat?post=184"},{"taxonomy":"product_tag","embeddable":true,"href":"https:\/\/lucky-grape.com\/en\/wp-json\/wp\/v2\/product_tag?post=184"}],"curies":[{"name":"wp","href":"https:\/\/api.w.org\/{rel}","templated":true}]}}