{"id":279,"date":"2025-04-10T18:42:58","date_gmt":"2025-04-10T18:42:58","guid":{"rendered":"https:\/\/lucky-grape.com\/?post_type=product&#038;p=279"},"modified":"2025-11-05T14:19:35","modified_gmt":"2025-11-05T14:19:35","slug":"2023-heart-rose-pinot-noir-mosel","status":"publish","type":"product","link":"https:\/\/lucky-grape.com\/en\/product\/2023-heart-rose-pinot-noir-mosel\/","title":{"rendered":"2023 Heart Ros\u00e9 Pinot Noir"},"content":{"rendered":"<pre><strong>STRAWBERRY \ud83c\udf53 | FLORAL \ud83c\udf38 | VIBRANT \ud83c\udf1f\r\n<\/strong><\/pre>\n<p data-start=\"0\" data-end=\"335\">Inspired by Provence, the 2023 Heart Pinot Noir Ros\u00e9 is a fresh, fruity expression that captures the lightness and vitality of the season. Made from Pinot Noir juice with only 24 hours of skin contact, it offers a vibrant, energetic profile with bright fruit flavors and a delicate, refreshing finish.<\/p>\n<p data-start=\"337\" data-end=\"811\">The Heart series holds great personal significance for Philippe and Tanja, reflecting their daughter's journey with a congenital heart defect. Her unwavering strength and vitality are reflected in these youthful, vibrant wines, each full of character and energy. The series celebrates the resilience and spirit that Philippe and Tanja see in their daughter every day, capturing that strength and optimism in every bottle.<\/p>\n<p data-start=\"813\" data-end=\"1230\" data-is-last-node=\"\" data-is-only-node=\"\">With the Heart series, Philippe and Tanja explore the diverse expressions of Mosel Pinot Noir, honoring not only the versatility of the grape variety but also the strength and determination that have shaped their family's journey. Each wine in this collection is a testament to perseverance, hope, and the strength of spirit\u2014both in their daughter's journey and in the wines they create.<\/p>","protected":false},"excerpt":{"rendered":"<pre>GERMANY | MOSEL | PINOT NOIR | DRY | 10.5%<\/pre>\n<p>&nbsp;<\/p>","protected":false},"featured_media":280,"comment_status":"open","ping_status":"closed","template":"","meta":[],"product_brand":[32],"product_cat":[36,21],"product_tag":[30,43,29,75,33,74],"class_list":{"0":"post-279","1":"product","2":"type-product","3":"status-publish","4":"has-post-thumbnail","6":"product_brand-grandbois-weine","7":"product_cat-german-wine","8":"product_cat-rose","9":"product_tag-dry","10":"product_tag-germany","11":"product_tag-mosel","12":"product_tag-naturwein","13":"product_tag-pinot-noir","14":"product_tag-wein","16":"first","17":"instock","18":"shipping-taxable","19":"purchasable","20":"product-type-simple"},"yoast_head":"<!-- This site is optimized with the Yoast SEO plugin v27.4 - https:\/\/yoast.com\/product\/yoast-seo-wordpress\/ -->\n<title>2023 Heart Ros\u00e9 Pinot Noir - LUCKY GRAPE<\/title>\n<meta name=\"description\" content=\"Der 2023 Heart Pinot Noir Ros\u00e9 ist ein lebendiger, von Erdbeeren gepr\u00e4gter Wein mit zarten floralen Noten. Mit einem Hauch von Inspiration aus der Provence gefertigt, f\u00e4ngt dieser lebhafte Ros\u00e9 die St\u00e4rke und den Geist von Philippes und Tanjas Tochter ein und spiegelt Widerstandskraft und Vitalit\u00e4t in jedem Schluck wider.\" \/>\n<meta name=\"robots\" content=\"index, follow, max-snippet:-1, max-image-preview:large, max-video-preview:-1\" \/>\n<link rel=\"canonical\" href=\"https:\/\/lucky-grape.com\/en\/product\/2023-heart-rose-pinot-noir-mosel\/\" \/>\n<meta property=\"og:locale\" content=\"en_GB\" \/>\n<meta property=\"og:type\" content=\"article\" \/>\n<meta property=\"og:title\" content=\"2023 Heart Ros\u00e9 Pinot Noir - LUCKY GRAPE\" \/>\n<meta property=\"og:description\" content=\"Der 2023 Heart Pinot Noir Ros\u00e9 ist ein lebendiger, von Erdbeeren gepr\u00e4gter Wein mit zarten floralen Noten. Mit einem Hauch von Inspiration aus der Provence gefertigt, f\u00e4ngt dieser lebhafte Ros\u00e9 die St\u00e4rke und den Geist von Philippes und Tanjas Tochter ein und spiegelt Widerstandskraft und Vitalit\u00e4t in jedem Schluck wider.\" \/>\n<meta property=\"og:url\" content=\"https:\/\/lucky-grape.com\/en\/product\/2023-heart-rose-pinot-noir-mosel\/\" \/>\n<meta property=\"og:site_name\" content=\"LUCKY GRAPE\" \/>\n<meta property=\"article:modified_time\" content=\"2025-11-05T14:19:35+00:00\" \/>\n<meta property=\"og:image\" content=\"https:\/\/lucky-grape.com\/wp-content\/uploads\/2025\/04\/2-1.png\" \/>\n\t<meta property=\"og:image:width\" content=\"1080\" \/>\n\t<meta property=\"og:image:height\" content=\"1350\" \/>\n\t<meta property=\"og:image:type\" content=\"image\/png\" \/>\n<meta name=\"twitter:card\" content=\"summary_large_image\" \/>\n<meta name=\"twitter:label1\" content=\"Estimated reading time\" \/>\n\t<meta name=\"twitter:data1\" content=\"1 minute\" \/>\n<script type=\"application\/ld+json\" class=\"yoast-schema-graph\">{\"@context\":\"https:\\\/\\\/schema.org\",\"@graph\":[{\"@type\":\"WebPage\",\"@id\":\"https:\\\/\\\/lucky-grape.com\\\/product\\\/2023-heart-rose-pinot-noir-mosel\\\/\",\"url\":\"https:\\\/\\\/lucky-grape.com\\\/product\\\/2023-heart-rose-pinot-noir-mosel\\\/\",\"name\":\"2023 Heart Ros\u00e9 Pinot Noir - LUCKY GRAPE\",\"isPartOf\":{\"@id\":\"https:\\\/\\\/lucky-grape.com\\\/#website\"},\"primaryImageOfPage\":{\"@id\":\"https:\\\/\\\/lucky-grape.com\\\/product\\\/2023-heart-rose-pinot-noir-mosel\\\/#primaryimage\"},\"image\":{\"@id\":\"https:\\\/\\\/lucky-grape.com\\\/product\\\/2023-heart-rose-pinot-noir-mosel\\\/#primaryimage\"},\"thumbnailUrl\":\"https:\\\/\\\/lucky-grape.com\\\/wp-content\\\/uploads\\\/2025\\\/04\\\/2-1.png\",\"datePublished\":\"2025-04-10T18:42:58+00:00\",\"dateModified\":\"2025-11-05T14:19:35+00:00\",\"description\":\"Der 2023 Heart Pinot Noir Ros\u00e9 ist ein lebendiger, von Erdbeeren gepr\u00e4gter Wein mit zarten floralen Noten. Mit einem Hauch von Inspiration aus der Provence gefertigt, f\u00e4ngt dieser lebhafte Ros\u00e9 die St\u00e4rke und den Geist von Philippes und Tanjas Tochter ein und spiegelt Widerstandskraft und Vitalit\u00e4t in jedem Schluck wider.\",\"breadcrumb\":{\"@id\":\"https:\\\/\\\/lucky-grape.com\\\/product\\\/2023-heart-rose-pinot-noir-mosel\\\/#breadcrumb\"},\"inLanguage\":\"en-GB\",\"potentialAction\":[{\"@type\":\"ReadAction\",\"target\":[\"https:\\\/\\\/lucky-grape.com\\\/product\\\/2023-heart-rose-pinot-noir-mosel\\\/\"]}]},{\"@type\":\"ImageObject\",\"inLanguage\":\"en-GB\",\"@id\":\"https:\\\/\\\/lucky-grape.com\\\/product\\\/2023-heart-rose-pinot-noir-mosel\\\/#primaryimage\",\"url\":\"https:\\\/\\\/lucky-grape.com\\\/wp-content\\\/uploads\\\/2025\\\/04\\\/2-1.png\",\"contentUrl\":\"https:\\\/\\\/lucky-grape.com\\\/wp-content\\\/uploads\\\/2025\\\/04\\\/2-1.png\",\"width\":1080,\"height\":1350},{\"@type\":\"BreadcrumbList\",\"@id\":\"https:\\\/\\\/lucky-grape.com\\\/product\\\/2023-heart-rose-pinot-noir-mosel\\\/#breadcrumb\",\"itemListElement\":[{\"@type\":\"ListItem\",\"position\":1,\"name\":\"Home\",\"item\":\"https:\\\/\\\/lucky-grape.com\\\/\"},{\"@type\":\"ListItem\",\"position\":2,\"name\":\"WINE SHOP\",\"item\":\"https:\\\/\\\/lucky-grape.com\\\/home\\\/wine-shop\\\/\"},{\"@type\":\"ListItem\",\"position\":3,\"name\":\"2023 Heart Ros\u00e9 Pinot Noir\"}]},{\"@type\":\"WebSite\",\"@id\":\"https:\\\/\\\/lucky-grape.com\\\/#website\",\"url\":\"https:\\\/\\\/lucky-grape.com\\\/\",\"name\":\"LUCKY GRAPE\",\"description\":\"Natural wine - Low intervention - Small producers\",\"publisher\":{\"@id\":\"https:\\\/\\\/lucky-grape.com\\\/#organization\"},\"potentialAction\":[{\"@type\":\"SearchAction\",\"target\":{\"@type\":\"EntryPoint\",\"urlTemplate\":\"https:\\\/\\\/lucky-grape.com\\\/?s={search_term_string}\"},\"query-input\":{\"@type\":\"PropertyValueSpecification\",\"valueRequired\":true,\"valueName\":\"search_term_string\"}}],\"inLanguage\":\"en-GB\"},{\"@type\":\"Organization\",\"@id\":\"https:\\\/\\\/lucky-grape.com\\\/#organization\",\"name\":\"LUCKY GRAPE\",\"url\":\"https:\\\/\\\/lucky-grape.com\\\/\",\"logo\":{\"@type\":\"ImageObject\",\"inLanguage\":\"en-GB\",\"@id\":\"https:\\\/\\\/lucky-grape.com\\\/#\\\/schema\\\/logo\\\/image\\\/\",\"url\":\"https:\\\/\\\/lucky-grape.com\\\/wp-content\\\/uploads\\\/2024\\\/08\\\/LOGO-WHITE.png\",\"contentUrl\":\"https:\\\/\\\/lucky-grape.com\\\/wp-content\\\/uploads\\\/2024\\\/08\\\/LOGO-WHITE.png\",\"width\":1000,\"height\":1000,\"caption\":\"LUCKY GRAPE\"},\"image\":{\"@id\":\"https:\\\/\\\/lucky-grape.com\\\/#\\\/schema\\\/logo\\\/image\\\/\"}}]}<\/script>\n<!-- \/ Yoast SEO plugin. -->","yoast_head_json":{"title":"2023 Heart Ros\u00e9 Pinot Noir - LUCKY GRAPE","description":"Der 2023 Heart Pinot Noir Ros\u00e9 ist ein lebendiger, von Erdbeeren gepr\u00e4gter Wein mit zarten floralen Noten. Mit einem Hauch von Inspiration aus der Provence gefertigt, f\u00e4ngt dieser lebhafte Ros\u00e9 die St\u00e4rke und den Geist von Philippes und Tanjas Tochter ein und spiegelt Widerstandskraft und Vitalit\u00e4t in jedem Schluck wider.","robots":{"index":"index","follow":"follow","max-snippet":"max-snippet:-1","max-image-preview":"max-image-preview:large","max-video-preview":"max-video-preview:-1"},"canonical":"https:\/\/lucky-grape.com\/en\/product\/2023-heart-rose-pinot-noir-mosel\/","og_locale":"en_GB","og_type":"article","og_title":"2023 Heart Ros\u00e9 Pinot Noir - LUCKY GRAPE","og_description":"Der 2023 Heart Pinot Noir Ros\u00e9 ist ein lebendiger, von Erdbeeren gepr\u00e4gter Wein mit zarten floralen Noten. Mit einem Hauch von Inspiration aus der Provence gefertigt, f\u00e4ngt dieser lebhafte Ros\u00e9 die St\u00e4rke und den Geist von Philippes und Tanjas Tochter ein und spiegelt Widerstandskraft und Vitalit\u00e4t in jedem Schluck wider.","og_url":"https:\/\/lucky-grape.com\/en\/product\/2023-heart-rose-pinot-noir-mosel\/","og_site_name":"LUCKY GRAPE","article_modified_time":"2025-11-05T14:19:35+00:00","og_image":[{"width":1080,"height":1350,"url":"https:\/\/lucky-grape.com\/wp-content\/uploads\/2025\/04\/2-1.png","type":"image\/png"}],"twitter_card":"summary_large_image","twitter_misc":{"Estimated reading time":"1 minute"},"schema":{"@context":"https:\/\/schema.org","@graph":[{"@type":"WebPage","@id":"https:\/\/lucky-grape.com\/product\/2023-heart-rose-pinot-noir-mosel\/","url":"https:\/\/lucky-grape.com\/product\/2023-heart-rose-pinot-noir-mosel\/","name":"2023 Heart Ros\u00e9 Pinot Noir - LUCKY GRAPE","isPartOf":{"@id":"https:\/\/lucky-grape.com\/#website"},"primaryImageOfPage":{"@id":"https:\/\/lucky-grape.com\/product\/2023-heart-rose-pinot-noir-mosel\/#primaryimage"},"image":{"@id":"https:\/\/lucky-grape.com\/product\/2023-heart-rose-pinot-noir-mosel\/#primaryimage"},"thumbnailUrl":"https:\/\/lucky-grape.com\/wp-content\/uploads\/2025\/04\/2-1.png","datePublished":"2025-04-10T18:42:58+00:00","dateModified":"2025-11-05T14:19:35+00:00","description":"Der 2023 Heart Pinot Noir Ros\u00e9 ist ein lebendiger, von Erdbeeren gepr\u00e4gter Wein mit zarten floralen Noten. Mit einem Hauch von Inspiration aus der Provence gefertigt, f\u00e4ngt dieser lebhafte Ros\u00e9 die St\u00e4rke und den Geist von Philippes und Tanjas Tochter ein und spiegelt Widerstandskraft und Vitalit\u00e4t in jedem Schluck wider.","breadcrumb":{"@id":"https:\/\/lucky-grape.com\/product\/2023-heart-rose-pinot-noir-mosel\/#breadcrumb"},"inLanguage":"en-GB","potentialAction":[{"@type":"ReadAction","target":["https:\/\/lucky-grape.com\/product\/2023-heart-rose-pinot-noir-mosel\/"]}]},{"@type":"ImageObject","inLanguage":"en-GB","@id":"https:\/\/lucky-grape.com\/product\/2023-heart-rose-pinot-noir-mosel\/#primaryimage","url":"https:\/\/lucky-grape.com\/wp-content\/uploads\/2025\/04\/2-1.png","contentUrl":"https:\/\/lucky-grape.com\/wp-content\/uploads\/2025\/04\/2-1.png","width":1080,"height":1350},{"@type":"BreadcrumbList","@id":"https:\/\/lucky-grape.com\/product\/2023-heart-rose-pinot-noir-mosel\/#breadcrumb","itemListElement":[{"@type":"ListItem","position":1,"name":"Home","item":"https:\/\/lucky-grape.com\/"},{"@type":"ListItem","position":2,"name":"WINE SHOP","item":"https:\/\/lucky-grape.com\/home\/wine-shop\/"},{"@type":"ListItem","position":3,"name":"2023 Heart Ros\u00e9 Pinot Noir"}]},{"@type":"WebSite","@id":"https:\/\/lucky-grape.com\/#website","url":"https:\/\/lucky-grape.com\/","name":"LUCKY GRAPE","description":"Natural wine - Low intervention - Small producers","publisher":{"@id":"https:\/\/lucky-grape.com\/#organization"},"potentialAction":[{"@type":"SearchAction","target":{"@type":"EntryPoint","urlTemplate":"https:\/\/lucky-grape.com\/?s={search_term_string}"},"query-input":{"@type":"PropertyValueSpecification","valueRequired":true,"valueName":"search_term_string"}}],"inLanguage":"en-GB"},{"@type":"Organization","@id":"https:\/\/lucky-grape.com\/#organization","name":"LUCKY GRAPE","url":"https:\/\/lucky-grape.com\/","logo":{"@type":"ImageObject","inLanguage":"en-GB","@id":"https:\/\/lucky-grape.com\/#\/schema\/logo\/image\/","url":"https:\/\/lucky-grape.com\/wp-content\/uploads\/2024\/08\/LOGO-WHITE.png","contentUrl":"https:\/\/lucky-grape.com\/wp-content\/uploads\/2024\/08\/LOGO-WHITE.png","width":1000,"height":1000,"caption":"LUCKY GRAPE"},"image":{"@id":"https:\/\/lucky-grape.com\/#\/schema\/logo\/image\/"}}]}},"_links":{"self":[{"href":"https:\/\/lucky-grape.com\/en\/wp-json\/wp\/v2\/product\/279","targetHints":{"allow":["GET"]}}],"collection":[{"href":"https:\/\/lucky-grape.com\/en\/wp-json\/wp\/v2\/product"}],"about":[{"href":"https:\/\/lucky-grape.com\/en\/wp-json\/wp\/v2\/types\/product"}],"replies":[{"embeddable":true,"href":"https:\/\/lucky-grape.com\/en\/wp-json\/wp\/v2\/comments?post=279"}],"wp:featuredmedia":[{"embeddable":true,"href":"https:\/\/lucky-grape.com\/en\/wp-json\/wp\/v2\/media\/280"}],"wp:attachment":[{"href":"https:\/\/lucky-grape.com\/en\/wp-json\/wp\/v2\/media?parent=279"}],"wp:term":[{"taxonomy":"product_brand","embeddable":true,"href":"https:\/\/lucky-grape.com\/en\/wp-json\/wp\/v2\/product_brand?post=279"},{"taxonomy":"product_cat","embeddable":true,"href":"https:\/\/lucky-grape.com\/en\/wp-json\/wp\/v2\/product_cat?post=279"},{"taxonomy":"product_tag","embeddable":true,"href":"https:\/\/lucky-grape.com\/en\/wp-json\/wp\/v2\/product_tag?post=279"}],"curies":[{"name":"wp","href":"https:\/\/api.w.org\/{rel}","templated":true}]}}