{"id":281,"date":"2025-04-10T18:59:08","date_gmt":"2025-04-10T18:59:08","guid":{"rendered":"https:\/\/lucky-grape.com\/?post_type=product&#038;p=281"},"modified":"2025-11-05T14:21:12","modified_gmt":"2025-11-05T14:21:12","slug":"2022-heart-pinot-noir-mosel","status":"publish","type":"product","link":"https:\/\/lucky-grape.com\/en\/product\/2022-heart-pinot-noir-mosel\/","title":{"rendered":"2022 Heart Pinot Noir"},"content":{"rendered":"<pre><strong>BERRIES \ud83c\udf53 | SILKY \ud83c\udf77 | CRISP \u26a1\r\n<\/strong><\/pre>\n<p data-start=\"0\" data-end=\"415\">The Heart Pinot Noir Red 2022 is the completely neutral oak-aged version of their Pinot Noir and offers a fine insight into the 2022 vintage. Made from a single barrel, this wine is the little brother of the Pinecone Red and showcases the purity and finesse of Pinot Noir without any oak influence. It is light yet expressive, with bright red fruit flavors and a smooth, silky texture.<\/p>\n<p data-start=\"417\" data-end=\"877\">The Heart series has a very personal meaning for Philippe and Tanja and is inspired by the life story of their daughter with a congenital heart defect. Her strength and vitality are reflected in these young, dynamic wines, full of energy and character. The series celebrates the strength and spirit that Philippe and Tanja see in their daughter every day and captures this vitality and confidence in every bottle.<\/p>\n<p data-start=\"879\" data-end=\"1307\" data-is-last-node=\"\" data-is-only-node=\"\">With the Heart series, Philippe and Tanja explore the diverse expressions of Mosel Pinot Noir, honoring the versatility of this noble grape variety as well as the strength and determination that have shaped their family's journey. Each wine in this collection is a tribute to perseverance, hope, and the unwavering spirit that guides both their daughter's path and the wines they create.<\/p>","protected":false},"excerpt":{"rendered":"<pre>GERMANY | MOSEL | PINOT NOIR | DRY | 11.5%<\/pre>\n<p>&nbsp;<\/p>","protected":false},"featured_media":282,"comment_status":"open","ping_status":"closed","template":"","meta":[],"product_brand":[32],"product_cat":[36,24],"product_tag":[30,43,29,75,33,74],"class_list":{"0":"post-281","1":"product","2":"type-product","3":"status-publish","4":"has-post-thumbnail","6":"product_brand-grandbois-weine","7":"product_cat-german-wine","8":"product_cat-red-2","9":"product_tag-dry","10":"product_tag-germany","11":"product_tag-mosel","12":"product_tag-naturwein","13":"product_tag-pinot-noir","14":"product_tag-wein","16":"first","17":"instock","18":"shipping-taxable","19":"purchasable","20":"product-type-simple"},"yoast_head":"<!-- This site is optimized with the Yoast SEO plugin v27.4 - https:\/\/yoast.com\/product\/yoast-seo-wordpress\/ -->\n<title>2022 Heart Pinot Noir - LUCKY GRAPE<\/title>\n<meta name=\"description\" content=\"Der Heart Pinot Noir Rot 2022 ist ein seidiger, himbeerbetonter Wein mit leuchtenden roten Fruchtaromen und einem klaren Abgang. Als Einzelfass-Ausdruck des Mosel-Pinot Noir, ausgebaut im neutralen Holz, verk\u00f6rpert er Vitalit\u00e4t und St\u00e4rke \u2013 ein Spiegelbild der Widerstandskraft von Philippes und Tanjas Tochter sowie des Mosel-Terroirs.\" \/>\n<meta name=\"robots\" content=\"index, follow, max-snippet:-1, max-image-preview:large, max-video-preview:-1\" \/>\n<link rel=\"canonical\" href=\"https:\/\/lucky-grape.com\/en\/product\/2022-heart-pinot-noir-mosel\/\" \/>\n<meta property=\"og:locale\" content=\"en_GB\" \/>\n<meta property=\"og:type\" content=\"article\" \/>\n<meta property=\"og:title\" content=\"2022 Heart Pinot Noir - LUCKY GRAPE\" \/>\n<meta property=\"og:description\" content=\"Der Heart Pinot Noir Rot 2022 ist ein seidiger, himbeerbetonter Wein mit leuchtenden roten Fruchtaromen und einem klaren Abgang. Als Einzelfass-Ausdruck des Mosel-Pinot Noir, ausgebaut im neutralen Holz, verk\u00f6rpert er Vitalit\u00e4t und St\u00e4rke \u2013 ein Spiegelbild der Widerstandskraft von Philippes und Tanjas Tochter sowie des Mosel-Terroirs.\" \/>\n<meta property=\"og:url\" content=\"https:\/\/lucky-grape.com\/en\/product\/2022-heart-pinot-noir-mosel\/\" \/>\n<meta property=\"og:site_name\" content=\"LUCKY GRAPE\" \/>\n<meta property=\"article:modified_time\" content=\"2025-11-05T14:21:12+00:00\" \/>\n<meta property=\"og:image\" content=\"https:\/\/lucky-grape.com\/wp-content\/uploads\/2025\/04\/7.png\" \/>\n\t<meta property=\"og:image:width\" content=\"1080\" \/>\n\t<meta property=\"og:image:height\" content=\"1350\" \/>\n\t<meta property=\"og:image:type\" content=\"image\/png\" \/>\n<meta name=\"twitter:card\" content=\"summary_large_image\" \/>\n<meta name=\"twitter:label1\" content=\"Estimated reading time\" \/>\n\t<meta name=\"twitter:data1\" content=\"2 minutes\" \/>\n<script type=\"application\/ld+json\" class=\"yoast-schema-graph\">{\"@context\":\"https:\\\/\\\/schema.org\",\"@graph\":[{\"@type\":\"WebPage\",\"@id\":\"https:\\\/\\\/lucky-grape.com\\\/product\\\/2022-heart-pinot-noir-mosel\\\/\",\"url\":\"https:\\\/\\\/lucky-grape.com\\\/product\\\/2022-heart-pinot-noir-mosel\\\/\",\"name\":\"2022 Heart Pinot Noir - LUCKY GRAPE\",\"isPartOf\":{\"@id\":\"https:\\\/\\\/lucky-grape.com\\\/#website\"},\"primaryImageOfPage\":{\"@id\":\"https:\\\/\\\/lucky-grape.com\\\/product\\\/2022-heart-pinot-noir-mosel\\\/#primaryimage\"},\"image\":{\"@id\":\"https:\\\/\\\/lucky-grape.com\\\/product\\\/2022-heart-pinot-noir-mosel\\\/#primaryimage\"},\"thumbnailUrl\":\"https:\\\/\\\/lucky-grape.com\\\/wp-content\\\/uploads\\\/2025\\\/04\\\/7.png\",\"datePublished\":\"2025-04-10T18:59:08+00:00\",\"dateModified\":\"2025-11-05T14:21:12+00:00\",\"description\":\"Der Heart Pinot Noir Rot 2022 ist ein seidiger, himbeerbetonter Wein mit leuchtenden roten Fruchtaromen und einem klaren Abgang. Als Einzelfass-Ausdruck des Mosel-Pinot Noir, ausgebaut im neutralen Holz, verk\u00f6rpert er Vitalit\u00e4t und St\u00e4rke \u2013 ein Spiegelbild der Widerstandskraft von Philippes und Tanjas Tochter sowie des Mosel-Terroirs.\",\"breadcrumb\":{\"@id\":\"https:\\\/\\\/lucky-grape.com\\\/product\\\/2022-heart-pinot-noir-mosel\\\/#breadcrumb\"},\"inLanguage\":\"en-GB\",\"potentialAction\":[{\"@type\":\"ReadAction\",\"target\":[\"https:\\\/\\\/lucky-grape.com\\\/product\\\/2022-heart-pinot-noir-mosel\\\/\"]}]},{\"@type\":\"ImageObject\",\"inLanguage\":\"en-GB\",\"@id\":\"https:\\\/\\\/lucky-grape.com\\\/product\\\/2022-heart-pinot-noir-mosel\\\/#primaryimage\",\"url\":\"https:\\\/\\\/lucky-grape.com\\\/wp-content\\\/uploads\\\/2025\\\/04\\\/7.png\",\"contentUrl\":\"https:\\\/\\\/lucky-grape.com\\\/wp-content\\\/uploads\\\/2025\\\/04\\\/7.png\",\"width\":1080,\"height\":1350},{\"@type\":\"BreadcrumbList\",\"@id\":\"https:\\\/\\\/lucky-grape.com\\\/product\\\/2022-heart-pinot-noir-mosel\\\/#breadcrumb\",\"itemListElement\":[{\"@type\":\"ListItem\",\"position\":1,\"name\":\"Home\",\"item\":\"https:\\\/\\\/lucky-grape.com\\\/\"},{\"@type\":\"ListItem\",\"position\":2,\"name\":\"WINE SHOP\",\"item\":\"https:\\\/\\\/lucky-grape.com\\\/home\\\/wine-shop\\\/\"},{\"@type\":\"ListItem\",\"position\":3,\"name\":\"2022 Heart Pinot Noir\"}]},{\"@type\":\"WebSite\",\"@id\":\"https:\\\/\\\/lucky-grape.com\\\/#website\",\"url\":\"https:\\\/\\\/lucky-grape.com\\\/\",\"name\":\"LUCKY GRAPE\",\"description\":\"Natural wine - Low intervention - Small producers\",\"publisher\":{\"@id\":\"https:\\\/\\\/lucky-grape.com\\\/#organization\"},\"potentialAction\":[{\"@type\":\"SearchAction\",\"target\":{\"@type\":\"EntryPoint\",\"urlTemplate\":\"https:\\\/\\\/lucky-grape.com\\\/?s={search_term_string}\"},\"query-input\":{\"@type\":\"PropertyValueSpecification\",\"valueRequired\":true,\"valueName\":\"search_term_string\"}}],\"inLanguage\":\"en-GB\"},{\"@type\":\"Organization\",\"@id\":\"https:\\\/\\\/lucky-grape.com\\\/#organization\",\"name\":\"LUCKY GRAPE\",\"url\":\"https:\\\/\\\/lucky-grape.com\\\/\",\"logo\":{\"@type\":\"ImageObject\",\"inLanguage\":\"en-GB\",\"@id\":\"https:\\\/\\\/lucky-grape.com\\\/#\\\/schema\\\/logo\\\/image\\\/\",\"url\":\"https:\\\/\\\/lucky-grape.com\\\/wp-content\\\/uploads\\\/2024\\\/08\\\/LOGO-WHITE.png\",\"contentUrl\":\"https:\\\/\\\/lucky-grape.com\\\/wp-content\\\/uploads\\\/2024\\\/08\\\/LOGO-WHITE.png\",\"width\":1000,\"height\":1000,\"caption\":\"LUCKY GRAPE\"},\"image\":{\"@id\":\"https:\\\/\\\/lucky-grape.com\\\/#\\\/schema\\\/logo\\\/image\\\/\"}}]}<\/script>\n<!-- \/ Yoast SEO plugin. -->","yoast_head_json":{"title":"2022 Heart Pinot Noir - LUCKY GRAPE","description":"Der Heart Pinot Noir Rot 2022 ist ein seidiger, himbeerbetonter Wein mit leuchtenden roten Fruchtaromen und einem klaren Abgang. Als Einzelfass-Ausdruck des Mosel-Pinot Noir, ausgebaut im neutralen Holz, verk\u00f6rpert er Vitalit\u00e4t und St\u00e4rke \u2013 ein Spiegelbild der Widerstandskraft von Philippes und Tanjas Tochter sowie des Mosel-Terroirs.","robots":{"index":"index","follow":"follow","max-snippet":"max-snippet:-1","max-image-preview":"max-image-preview:large","max-video-preview":"max-video-preview:-1"},"canonical":"https:\/\/lucky-grape.com\/en\/product\/2022-heart-pinot-noir-mosel\/","og_locale":"en_GB","og_type":"article","og_title":"2022 Heart Pinot Noir - LUCKY GRAPE","og_description":"Der Heart Pinot Noir Rot 2022 ist ein seidiger, himbeerbetonter Wein mit leuchtenden roten Fruchtaromen und einem klaren Abgang. Als Einzelfass-Ausdruck des Mosel-Pinot Noir, ausgebaut im neutralen Holz, verk\u00f6rpert er Vitalit\u00e4t und St\u00e4rke \u2013 ein Spiegelbild der Widerstandskraft von Philippes und Tanjas Tochter sowie des Mosel-Terroirs.","og_url":"https:\/\/lucky-grape.com\/en\/product\/2022-heart-pinot-noir-mosel\/","og_site_name":"LUCKY GRAPE","article_modified_time":"2025-11-05T14:21:12+00:00","og_image":[{"width":1080,"height":1350,"url":"https:\/\/lucky-grape.com\/wp-content\/uploads\/2025\/04\/7.png","type":"image\/png"}],"twitter_card":"summary_large_image","twitter_misc":{"Estimated reading time":"2 minutes"},"schema":{"@context":"https:\/\/schema.org","@graph":[{"@type":"WebPage","@id":"https:\/\/lucky-grape.com\/product\/2022-heart-pinot-noir-mosel\/","url":"https:\/\/lucky-grape.com\/product\/2022-heart-pinot-noir-mosel\/","name":"2022 Heart Pinot Noir - LUCKY GRAPE","isPartOf":{"@id":"https:\/\/lucky-grape.com\/#website"},"primaryImageOfPage":{"@id":"https:\/\/lucky-grape.com\/product\/2022-heart-pinot-noir-mosel\/#primaryimage"},"image":{"@id":"https:\/\/lucky-grape.com\/product\/2022-heart-pinot-noir-mosel\/#primaryimage"},"thumbnailUrl":"https:\/\/lucky-grape.com\/wp-content\/uploads\/2025\/04\/7.png","datePublished":"2025-04-10T18:59:08+00:00","dateModified":"2025-11-05T14:21:12+00:00","description":"Der Heart Pinot Noir Rot 2022 ist ein seidiger, himbeerbetonter Wein mit leuchtenden roten Fruchtaromen und einem klaren Abgang. Als Einzelfass-Ausdruck des Mosel-Pinot Noir, ausgebaut im neutralen Holz, verk\u00f6rpert er Vitalit\u00e4t und St\u00e4rke \u2013 ein Spiegelbild der Widerstandskraft von Philippes und Tanjas Tochter sowie des Mosel-Terroirs.","breadcrumb":{"@id":"https:\/\/lucky-grape.com\/product\/2022-heart-pinot-noir-mosel\/#breadcrumb"},"inLanguage":"en-GB","potentialAction":[{"@type":"ReadAction","target":["https:\/\/lucky-grape.com\/product\/2022-heart-pinot-noir-mosel\/"]}]},{"@type":"ImageObject","inLanguage":"en-GB","@id":"https:\/\/lucky-grape.com\/product\/2022-heart-pinot-noir-mosel\/#primaryimage","url":"https:\/\/lucky-grape.com\/wp-content\/uploads\/2025\/04\/7.png","contentUrl":"https:\/\/lucky-grape.com\/wp-content\/uploads\/2025\/04\/7.png","width":1080,"height":1350},{"@type":"BreadcrumbList","@id":"https:\/\/lucky-grape.com\/product\/2022-heart-pinot-noir-mosel\/#breadcrumb","itemListElement":[{"@type":"ListItem","position":1,"name":"Home","item":"https:\/\/lucky-grape.com\/"},{"@type":"ListItem","position":2,"name":"WINE SHOP","item":"https:\/\/lucky-grape.com\/home\/wine-shop\/"},{"@type":"ListItem","position":3,"name":"2022 Heart Pinot Noir"}]},{"@type":"WebSite","@id":"https:\/\/lucky-grape.com\/#website","url":"https:\/\/lucky-grape.com\/","name":"LUCKY GRAPE","description":"Natural wine - Low intervention - Small producers","publisher":{"@id":"https:\/\/lucky-grape.com\/#organization"},"potentialAction":[{"@type":"SearchAction","target":{"@type":"EntryPoint","urlTemplate":"https:\/\/lucky-grape.com\/?s={search_term_string}"},"query-input":{"@type":"PropertyValueSpecification","valueRequired":true,"valueName":"search_term_string"}}],"inLanguage":"en-GB"},{"@type":"Organization","@id":"https:\/\/lucky-grape.com\/#organization","name":"LUCKY GRAPE","url":"https:\/\/lucky-grape.com\/","logo":{"@type":"ImageObject","inLanguage":"en-GB","@id":"https:\/\/lucky-grape.com\/#\/schema\/logo\/image\/","url":"https:\/\/lucky-grape.com\/wp-content\/uploads\/2024\/08\/LOGO-WHITE.png","contentUrl":"https:\/\/lucky-grape.com\/wp-content\/uploads\/2024\/08\/LOGO-WHITE.png","width":1000,"height":1000,"caption":"LUCKY GRAPE"},"image":{"@id":"https:\/\/lucky-grape.com\/#\/schema\/logo\/image\/"}}]}},"_links":{"self":[{"href":"https:\/\/lucky-grape.com\/en\/wp-json\/wp\/v2\/product\/281","targetHints":{"allow":["GET"]}}],"collection":[{"href":"https:\/\/lucky-grape.com\/en\/wp-json\/wp\/v2\/product"}],"about":[{"href":"https:\/\/lucky-grape.com\/en\/wp-json\/wp\/v2\/types\/product"}],"replies":[{"embeddable":true,"href":"https:\/\/lucky-grape.com\/en\/wp-json\/wp\/v2\/comments?post=281"}],"wp:featuredmedia":[{"embeddable":true,"href":"https:\/\/lucky-grape.com\/en\/wp-json\/wp\/v2\/media\/282"}],"wp:attachment":[{"href":"https:\/\/lucky-grape.com\/en\/wp-json\/wp\/v2\/media?parent=281"}],"wp:term":[{"taxonomy":"product_brand","embeddable":true,"href":"https:\/\/lucky-grape.com\/en\/wp-json\/wp\/v2\/product_brand?post=281"},{"taxonomy":"product_cat","embeddable":true,"href":"https:\/\/lucky-grape.com\/en\/wp-json\/wp\/v2\/product_cat?post=281"},{"taxonomy":"product_tag","embeddable":true,"href":"https:\/\/lucky-grape.com\/en\/wp-json\/wp\/v2\/product_tag?post=281"}],"curies":[{"name":"wp","href":"https:\/\/api.w.org\/{rel}","templated":true}]}}