{"id":307,"date":"2025-04-14T20:35:47","date_gmt":"2025-04-14T20:35:47","guid":{"rendered":"https:\/\/lucky-grape.com\/?post_type=product&#038;p=307"},"modified":"2025-11-05T14:27:41","modified_gmt":"2025-11-05T14:27:41","slug":"2022-primeiras-gotas-corricao-beira-interior","status":"publish","type":"product","link":"https:\/\/lucky-grape.com\/en\/product\/2022-primeiras-gotas-corricao-beira-interior\/","title":{"rendered":"2022 Primeiras Gotas Corric\u00e3o"},"content":{"rendered":"<pre><strong>CHERRY \ud83c\udf52 | MINERAL \ud83e\udea8 | SPICY \ud83c\udf36 <\/strong><\/pre>\n<p data-start=\"0\" data-end=\"279\"><strong data-start=\"0\" data-end=\"24\">Der 2022 Vinho Tinto<\/strong> is an exciting cuv\u00e9e of 55% Rufete, 25% Carrega Burros, 10% Marufo, and 10% Alfrocheiro, vinified by winemaker Andr\u00e9 Duque Louren\u00e7o. Only 6,000 bottles were produced\u2014a wine that combines traditional methods with modern expressiveness.<\/p>\n<p data-start=\"281\" data-end=\"524\">The grapes are harvested by hand in 15-kg crates and fermented spontaneously, without temperature control, in separate tanks. Twenty-five percent of the wine matures in 300-liter chestnut and Portuguese oak barrels, which lends it subtle complexity.<\/p>\n<p data-start=\"526\" data-end=\"865\">In the glass, it displays a deep ruby \u200b\u200bred and offers a floral scent of rose, accompanied by fresh cherry and raspberry aromas. Fine spice notes and subtle wood accents provide additional depth. On the palate, it is dry, medium-bodied, with present tannins and lively acidity. The finish is medium-long with lingering floral and spicy notes.<\/p>\n<p data-start=\"867\" data-end=\"1066\" data-is-last-node=\"\" data-is-only-node=\"\">Grown on granite soils under the influence of the Central Iberian climate \u2013 hot, dry summers and cold, rainy winters \u2013 this wine brings its origins to the glass with expression and finesse.<\/p>","protected":false},"excerpt":{"rendered":"<pre>PORTUGAL | BEIRA INTERIOR | RED | DRY | 12.8%<\/pre>\n<p>&nbsp;<\/p>","protected":false},"featured_media":301,"comment_status":"open","ping_status":"closed","template":"","meta":[],"product_brand":[34],"product_cat":[35,24],"product_tag":[40,30,75,38,45,74],"class_list":{"0":"post-307","1":"product","2":"type-product","3":"status-publish","4":"has-post-thumbnail","6":"product_brand-gardunha-sul","7":"product_cat-portuguese-wine","8":"product_cat-red-2","9":"product_tag-beira-interior","10":"product_tag-dry","11":"product_tag-naturwein","12":"product_tag-portugal","13":"product_tag-red","14":"product_tag-wein","16":"first","17":"instock","18":"shipping-taxable","19":"purchasable","20":"product-type-simple"},"yoast_head":"<!-- This site is optimized with the Yoast SEO plugin v27.4 - https:\/\/yoast.com\/product\/yoast-seo-wordpress\/ -->\n<title>2022 Primeiras Gotas Corric\u00e3o - LUCKY GRAPE<\/title>\n<meta name=\"description\" content=\"Der 2022 Vinho Tinto ist ein mittelkr\u00e4ftiger Rotwein mit floralen Aromen, Kirschnoten und feiner W\u00fcrze. Teilweise im Eichenfass gereift, bringt er zus\u00e4tzliche Tiefe und Komplexit\u00e4t ins Glas. Gewachsen auf Granitb\u00f6den, eignet er sich ideal zu erdigen Gerichten und Wild \u2013 ein reichhaltiges, naturbelassenes Weinerlebnis.\" \/>\n<meta name=\"robots\" content=\"index, follow, max-snippet:-1, max-image-preview:large, max-video-preview:-1\" \/>\n<link rel=\"canonical\" href=\"https:\/\/lucky-grape.com\/en\/product\/2022-primeiras-gotas-corricao-beira-interior\/\" \/>\n<meta property=\"og:locale\" content=\"en_GB\" \/>\n<meta property=\"og:type\" content=\"article\" \/>\n<meta property=\"og:title\" content=\"2022 Primeiras Gotas Corric\u00e3o - LUCKY GRAPE\" \/>\n<meta property=\"og:description\" content=\"Der 2022 Vinho Tinto ist ein mittelkr\u00e4ftiger Rotwein mit floralen Aromen, Kirschnoten und feiner W\u00fcrze. Teilweise im Eichenfass gereift, bringt er zus\u00e4tzliche Tiefe und Komplexit\u00e4t ins Glas. Gewachsen auf Granitb\u00f6den, eignet er sich ideal zu erdigen Gerichten und Wild \u2013 ein reichhaltiges, naturbelassenes Weinerlebnis.\" \/>\n<meta property=\"og:url\" content=\"https:\/\/lucky-grape.com\/en\/product\/2022-primeiras-gotas-corricao-beira-interior\/\" \/>\n<meta property=\"og:site_name\" content=\"LUCKY GRAPE\" \/>\n<meta property=\"article:modified_time\" content=\"2025-11-05T14:27:41+00:00\" \/>\n<meta property=\"og:image\" content=\"https:\/\/lucky-grape.com\/wp-content\/uploads\/2025\/04\/13.png\" \/>\n\t<meta property=\"og:image:width\" content=\"1080\" \/>\n\t<meta property=\"og:image:height\" content=\"1350\" \/>\n\t<meta property=\"og:image:type\" content=\"image\/png\" \/>\n<meta name=\"twitter:card\" content=\"summary_large_image\" \/>\n<meta name=\"twitter:label1\" content=\"Estimated reading time\" \/>\n\t<meta name=\"twitter:data1\" content=\"1 minute\" \/>\n<script type=\"application\/ld+json\" class=\"yoast-schema-graph\">{\"@context\":\"https:\\\/\\\/schema.org\",\"@graph\":[{\"@type\":\"WebPage\",\"@id\":\"https:\\\/\\\/lucky-grape.com\\\/product\\\/2022-primeiras-gotas-corricao-beira-interior\\\/\",\"url\":\"https:\\\/\\\/lucky-grape.com\\\/product\\\/2022-primeiras-gotas-corricao-beira-interior\\\/\",\"name\":\"2022 Primeiras Gotas Corric\u00e3o - LUCKY GRAPE\",\"isPartOf\":{\"@id\":\"https:\\\/\\\/lucky-grape.com\\\/#website\"},\"primaryImageOfPage\":{\"@id\":\"https:\\\/\\\/lucky-grape.com\\\/product\\\/2022-primeiras-gotas-corricao-beira-interior\\\/#primaryimage\"},\"image\":{\"@id\":\"https:\\\/\\\/lucky-grape.com\\\/product\\\/2022-primeiras-gotas-corricao-beira-interior\\\/#primaryimage\"},\"thumbnailUrl\":\"https:\\\/\\\/lucky-grape.com\\\/wp-content\\\/uploads\\\/2025\\\/04\\\/13.png\",\"datePublished\":\"2025-04-14T20:35:47+00:00\",\"dateModified\":\"2025-11-05T14:27:41+00:00\",\"description\":\"Der 2022 Vinho Tinto ist ein mittelkr\u00e4ftiger Rotwein mit floralen Aromen, Kirschnoten und feiner W\u00fcrze. Teilweise im Eichenfass gereift, bringt er zus\u00e4tzliche Tiefe und Komplexit\u00e4t ins Glas. Gewachsen auf Granitb\u00f6den, eignet er sich ideal zu erdigen Gerichten und Wild \u2013 ein reichhaltiges, naturbelassenes Weinerlebnis.\",\"breadcrumb\":{\"@id\":\"https:\\\/\\\/lucky-grape.com\\\/product\\\/2022-primeiras-gotas-corricao-beira-interior\\\/#breadcrumb\"},\"inLanguage\":\"en-GB\",\"potentialAction\":[{\"@type\":\"ReadAction\",\"target\":[\"https:\\\/\\\/lucky-grape.com\\\/product\\\/2022-primeiras-gotas-corricao-beira-interior\\\/\"]}]},{\"@type\":\"ImageObject\",\"inLanguage\":\"en-GB\",\"@id\":\"https:\\\/\\\/lucky-grape.com\\\/product\\\/2022-primeiras-gotas-corricao-beira-interior\\\/#primaryimage\",\"url\":\"https:\\\/\\\/lucky-grape.com\\\/wp-content\\\/uploads\\\/2025\\\/04\\\/13.png\",\"contentUrl\":\"https:\\\/\\\/lucky-grape.com\\\/wp-content\\\/uploads\\\/2025\\\/04\\\/13.png\",\"width\":1080,\"height\":1350},{\"@type\":\"BreadcrumbList\",\"@id\":\"https:\\\/\\\/lucky-grape.com\\\/product\\\/2022-primeiras-gotas-corricao-beira-interior\\\/#breadcrumb\",\"itemListElement\":[{\"@type\":\"ListItem\",\"position\":1,\"name\":\"Home\",\"item\":\"https:\\\/\\\/lucky-grape.com\\\/\"},{\"@type\":\"ListItem\",\"position\":2,\"name\":\"WINE SHOP\",\"item\":\"https:\\\/\\\/lucky-grape.com\\\/home\\\/wine-shop\\\/\"},{\"@type\":\"ListItem\",\"position\":3,\"name\":\"2022 Primeiras Gotas Corric\u00e3o\"}]},{\"@type\":\"WebSite\",\"@id\":\"https:\\\/\\\/lucky-grape.com\\\/#website\",\"url\":\"https:\\\/\\\/lucky-grape.com\\\/\",\"name\":\"LUCKY GRAPE\",\"description\":\"Natural wine - Low intervention - Small producers\",\"publisher\":{\"@id\":\"https:\\\/\\\/lucky-grape.com\\\/#organization\"},\"potentialAction\":[{\"@type\":\"SearchAction\",\"target\":{\"@type\":\"EntryPoint\",\"urlTemplate\":\"https:\\\/\\\/lucky-grape.com\\\/?s={search_term_string}\"},\"query-input\":{\"@type\":\"PropertyValueSpecification\",\"valueRequired\":true,\"valueName\":\"search_term_string\"}}],\"inLanguage\":\"en-GB\"},{\"@type\":\"Organization\",\"@id\":\"https:\\\/\\\/lucky-grape.com\\\/#organization\",\"name\":\"LUCKY GRAPE\",\"url\":\"https:\\\/\\\/lucky-grape.com\\\/\",\"logo\":{\"@type\":\"ImageObject\",\"inLanguage\":\"en-GB\",\"@id\":\"https:\\\/\\\/lucky-grape.com\\\/#\\\/schema\\\/logo\\\/image\\\/\",\"url\":\"https:\\\/\\\/lucky-grape.com\\\/wp-content\\\/uploads\\\/2024\\\/08\\\/LOGO-WHITE.png\",\"contentUrl\":\"https:\\\/\\\/lucky-grape.com\\\/wp-content\\\/uploads\\\/2024\\\/08\\\/LOGO-WHITE.png\",\"width\":1000,\"height\":1000,\"caption\":\"LUCKY GRAPE\"},\"image\":{\"@id\":\"https:\\\/\\\/lucky-grape.com\\\/#\\\/schema\\\/logo\\\/image\\\/\"}}]}<\/script>\n<!-- \/ Yoast SEO plugin. -->","yoast_head_json":{"title":"2022 Primeiras Gotas Corric\u00e3o - LUCKY GRAPE","description":"Der 2022 Vinho Tinto ist ein mittelkr\u00e4ftiger Rotwein mit floralen Aromen, Kirschnoten und feiner W\u00fcrze. Teilweise im Eichenfass gereift, bringt er zus\u00e4tzliche Tiefe und Komplexit\u00e4t ins Glas. Gewachsen auf Granitb\u00f6den, eignet er sich ideal zu erdigen Gerichten und Wild \u2013 ein reichhaltiges, naturbelassenes Weinerlebnis.","robots":{"index":"index","follow":"follow","max-snippet":"max-snippet:-1","max-image-preview":"max-image-preview:large","max-video-preview":"max-video-preview:-1"},"canonical":"https:\/\/lucky-grape.com\/en\/product\/2022-primeiras-gotas-corricao-beira-interior\/","og_locale":"en_GB","og_type":"article","og_title":"2022 Primeiras Gotas Corric\u00e3o - LUCKY GRAPE","og_description":"Der 2022 Vinho Tinto ist ein mittelkr\u00e4ftiger Rotwein mit floralen Aromen, Kirschnoten und feiner W\u00fcrze. Teilweise im Eichenfass gereift, bringt er zus\u00e4tzliche Tiefe und Komplexit\u00e4t ins Glas. Gewachsen auf Granitb\u00f6den, eignet er sich ideal zu erdigen Gerichten und Wild \u2013 ein reichhaltiges, naturbelassenes Weinerlebnis.","og_url":"https:\/\/lucky-grape.com\/en\/product\/2022-primeiras-gotas-corricao-beira-interior\/","og_site_name":"LUCKY GRAPE","article_modified_time":"2025-11-05T14:27:41+00:00","og_image":[{"width":1080,"height":1350,"url":"https:\/\/lucky-grape.com\/wp-content\/uploads\/2025\/04\/13.png","type":"image\/png"}],"twitter_card":"summary_large_image","twitter_misc":{"Estimated reading time":"1 minute"},"schema":{"@context":"https:\/\/schema.org","@graph":[{"@type":"WebPage","@id":"https:\/\/lucky-grape.com\/product\/2022-primeiras-gotas-corricao-beira-interior\/","url":"https:\/\/lucky-grape.com\/product\/2022-primeiras-gotas-corricao-beira-interior\/","name":"2022 Primeiras Gotas Corric\u00e3o - LUCKY GRAPE","isPartOf":{"@id":"https:\/\/lucky-grape.com\/#website"},"primaryImageOfPage":{"@id":"https:\/\/lucky-grape.com\/product\/2022-primeiras-gotas-corricao-beira-interior\/#primaryimage"},"image":{"@id":"https:\/\/lucky-grape.com\/product\/2022-primeiras-gotas-corricao-beira-interior\/#primaryimage"},"thumbnailUrl":"https:\/\/lucky-grape.com\/wp-content\/uploads\/2025\/04\/13.png","datePublished":"2025-04-14T20:35:47+00:00","dateModified":"2025-11-05T14:27:41+00:00","description":"Der 2022 Vinho Tinto ist ein mittelkr\u00e4ftiger Rotwein mit floralen Aromen, Kirschnoten und feiner W\u00fcrze. Teilweise im Eichenfass gereift, bringt er zus\u00e4tzliche Tiefe und Komplexit\u00e4t ins Glas. Gewachsen auf Granitb\u00f6den, eignet er sich ideal zu erdigen Gerichten und Wild \u2013 ein reichhaltiges, naturbelassenes Weinerlebnis.","breadcrumb":{"@id":"https:\/\/lucky-grape.com\/product\/2022-primeiras-gotas-corricao-beira-interior\/#breadcrumb"},"inLanguage":"en-GB","potentialAction":[{"@type":"ReadAction","target":["https:\/\/lucky-grape.com\/product\/2022-primeiras-gotas-corricao-beira-interior\/"]}]},{"@type":"ImageObject","inLanguage":"en-GB","@id":"https:\/\/lucky-grape.com\/product\/2022-primeiras-gotas-corricao-beira-interior\/#primaryimage","url":"https:\/\/lucky-grape.com\/wp-content\/uploads\/2025\/04\/13.png","contentUrl":"https:\/\/lucky-grape.com\/wp-content\/uploads\/2025\/04\/13.png","width":1080,"height":1350},{"@type":"BreadcrumbList","@id":"https:\/\/lucky-grape.com\/product\/2022-primeiras-gotas-corricao-beira-interior\/#breadcrumb","itemListElement":[{"@type":"ListItem","position":1,"name":"Home","item":"https:\/\/lucky-grape.com\/"},{"@type":"ListItem","position":2,"name":"WINE SHOP","item":"https:\/\/lucky-grape.com\/home\/wine-shop\/"},{"@type":"ListItem","position":3,"name":"2022 Primeiras Gotas Corric\u00e3o"}]},{"@type":"WebSite","@id":"https:\/\/lucky-grape.com\/#website","url":"https:\/\/lucky-grape.com\/","name":"LUCKY GRAPE","description":"Natural wine - Low intervention - Small producers","publisher":{"@id":"https:\/\/lucky-grape.com\/#organization"},"potentialAction":[{"@type":"SearchAction","target":{"@type":"EntryPoint","urlTemplate":"https:\/\/lucky-grape.com\/?s={search_term_string}"},"query-input":{"@type":"PropertyValueSpecification","valueRequired":true,"valueName":"search_term_string"}}],"inLanguage":"en-GB"},{"@type":"Organization","@id":"https:\/\/lucky-grape.com\/#organization","name":"LUCKY GRAPE","url":"https:\/\/lucky-grape.com\/","logo":{"@type":"ImageObject","inLanguage":"en-GB","@id":"https:\/\/lucky-grape.com\/#\/schema\/logo\/image\/","url":"https:\/\/lucky-grape.com\/wp-content\/uploads\/2024\/08\/LOGO-WHITE.png","contentUrl":"https:\/\/lucky-grape.com\/wp-content\/uploads\/2024\/08\/LOGO-WHITE.png","width":1000,"height":1000,"caption":"LUCKY GRAPE"},"image":{"@id":"https:\/\/lucky-grape.com\/#\/schema\/logo\/image\/"}}]}},"_links":{"self":[{"href":"https:\/\/lucky-grape.com\/en\/wp-json\/wp\/v2\/product\/307","targetHints":{"allow":["GET"]}}],"collection":[{"href":"https:\/\/lucky-grape.com\/en\/wp-json\/wp\/v2\/product"}],"about":[{"href":"https:\/\/lucky-grape.com\/en\/wp-json\/wp\/v2\/types\/product"}],"replies":[{"embeddable":true,"href":"https:\/\/lucky-grape.com\/en\/wp-json\/wp\/v2\/comments?post=307"}],"wp:featuredmedia":[{"embeddable":true,"href":"https:\/\/lucky-grape.com\/en\/wp-json\/wp\/v2\/media\/301"}],"wp:attachment":[{"href":"https:\/\/lucky-grape.com\/en\/wp-json\/wp\/v2\/media?parent=307"}],"wp:term":[{"taxonomy":"product_brand","embeddable":true,"href":"https:\/\/lucky-grape.com\/en\/wp-json\/wp\/v2\/product_brand?post=307"},{"taxonomy":"product_cat","embeddable":true,"href":"https:\/\/lucky-grape.com\/en\/wp-json\/wp\/v2\/product_cat?post=307"},{"taxonomy":"product_tag","embeddable":true,"href":"https:\/\/lucky-grape.com\/en\/wp-json\/wp\/v2\/product_tag?post=307"}],"curies":[{"name":"wp","href":"https:\/\/api.w.org\/{rel}","templated":true}]}}