{"id":342,"date":"2025-04-18T18:27:38","date_gmt":"2025-04-18T18:27:38","guid":{"rendered":"https:\/\/lucky-grape.com\/?post_type=product&#038;p=342"},"modified":"2025-11-05T14:34:13","modified_gmt":"2025-11-05T14:34:13","slug":"2024-loureiro","status":"publish","type":"product","link":"https:\/\/lucky-grape.com\/en\/product\/2024-loureiro\/","title":{"rendered":"2024 Phulia Loureiro"},"content":{"rendered":"<pre><strong data-start=\"182\" data-end=\"226\">CITRUS \ud83c\udf4b | GREENS \ud83e\udd6c | SALTY MINERAL \ud83c\udf0a<\/strong><\/pre>\n<p data-start=\"0\" data-end=\"339\">Phulia Cl\u00e1ssico 2024 is a vibrant expression of Loureiro, honoring the traditions of the Lima Valley while showcasing the region's pure Atlantic soul. Made exclusively from Loureiro grapes from five vineyard plots, it is fermented entirely in stainless steel tanks to preserve its aromatic clarity and freshness.<\/p>\n<p data-start=\"341\" data-end=\"617\">The proximity to the sea influences both the climate and the character of this wine. It captivates with bright notes of lemon peel, grapefruit, and fresh green herbs, while the palate is crisp, tends toward the dry, and characterized by a distinctive mineral note.<\/p>\n<p data-start=\"619\" data-end=\"692\" data-is-last-node=\"\" data-is-only-node=\"\">The texture is full, the finish long and the style unmistakably coastal.<\/p>","protected":false},"excerpt":{"rendered":"<pre>PORTUGAL | VINHO VERDE | WHITE | DRY | 11.5%<\/pre>\n<p>&nbsp;<\/p>","protected":false},"featured_media":292,"comment_status":"open","ping_status":"closed","template":"","meta":[],"product_brand":[51],"product_cat":[35,25],"product_tag":[30,75,38,50,74,37],"class_list":{"0":"post-342","1":"product","2":"type-product","3":"status-publish","4":"has-post-thumbnail","6":"product_brand-phulia","7":"product_cat-portuguese-wine","8":"product_cat-white","9":"product_tag-dry","10":"product_tag-naturwein","11":"product_tag-portugal","12":"product_tag-vinho-verde","13":"product_tag-wein","14":"product_tag-white","16":"first","17":"instock","18":"shipping-taxable","19":"purchasable","20":"product-type-simple"},"yoast_head":"<!-- This site is optimized with the Yoast SEO plugin v27.4 - https:\/\/yoast.com\/product\/yoast-seo-wordpress\/ -->\n<title>2024 Phulia Loureiro - LUCKY GRAPE<\/title>\n<meta name=\"description\" content=\"Phulia Cl\u00e1ssico 2024 ist ein 100 % Loureiro Wei\u00dfwein aus f\u00fcnf Parzellen im Lima-Tal, in Edelstahltanks vergoren, der lebendige Zitrusnoten, frische gr\u00fcne Kr\u00e4uteraromen und helle atlantische Mineralit\u00e4t pr\u00e4sentiert.\" \/>\n<meta name=\"robots\" content=\"index, follow, max-snippet:-1, max-image-preview:large, max-video-preview:-1\" \/>\n<link rel=\"canonical\" href=\"https:\/\/lucky-grape.com\/en\/product\/2024-loureiro\/\" \/>\n<meta property=\"og:locale\" content=\"en_GB\" \/>\n<meta property=\"og:type\" content=\"article\" \/>\n<meta property=\"og:title\" content=\"2024 Phulia Loureiro - LUCKY GRAPE\" \/>\n<meta property=\"og:description\" content=\"Phulia Cl\u00e1ssico 2024 ist ein 100 % Loureiro Wei\u00dfwein aus f\u00fcnf Parzellen im Lima-Tal, in Edelstahltanks vergoren, der lebendige Zitrusnoten, frische gr\u00fcne Kr\u00e4uteraromen und helle atlantische Mineralit\u00e4t pr\u00e4sentiert.\" \/>\n<meta property=\"og:url\" content=\"https:\/\/lucky-grape.com\/en\/product\/2024-loureiro\/\" \/>\n<meta property=\"og:site_name\" content=\"LUCKY GRAPE\" \/>\n<meta property=\"article:modified_time\" content=\"2025-11-05T14:34:13+00:00\" \/>\n<meta property=\"og:image\" content=\"https:\/\/lucky-grape.com\/wp-content\/uploads\/2025\/04\/4.png\" \/>\n\t<meta property=\"og:image:width\" content=\"1080\" \/>\n\t<meta property=\"og:image:height\" content=\"1350\" \/>\n\t<meta property=\"og:image:type\" content=\"image\/png\" \/>\n<meta name=\"twitter:card\" content=\"summary_large_image\" \/>\n<meta name=\"twitter:label1\" content=\"Estimated reading time\" \/>\n\t<meta name=\"twitter:data1\" content=\"1 minute\" \/>\n<script type=\"application\/ld+json\" class=\"yoast-schema-graph\">{\"@context\":\"https:\\\/\\\/schema.org\",\"@graph\":[{\"@type\":\"WebPage\",\"@id\":\"https:\\\/\\\/lucky-grape.com\\\/product\\\/2024-loureiro\\\/\",\"url\":\"https:\\\/\\\/lucky-grape.com\\\/product\\\/2024-loureiro\\\/\",\"name\":\"2024 Phulia Loureiro - LUCKY GRAPE\",\"isPartOf\":{\"@id\":\"https:\\\/\\\/lucky-grape.com\\\/#website\"},\"primaryImageOfPage\":{\"@id\":\"https:\\\/\\\/lucky-grape.com\\\/product\\\/2024-loureiro\\\/#primaryimage\"},\"image\":{\"@id\":\"https:\\\/\\\/lucky-grape.com\\\/product\\\/2024-loureiro\\\/#primaryimage\"},\"thumbnailUrl\":\"https:\\\/\\\/lucky-grape.com\\\/wp-content\\\/uploads\\\/2025\\\/04\\\/4.png\",\"datePublished\":\"2025-04-18T18:27:38+00:00\",\"dateModified\":\"2025-11-05T14:34:13+00:00\",\"description\":\"Phulia Cl\u00e1ssico 2024 ist ein 100 % Loureiro Wei\u00dfwein aus f\u00fcnf Parzellen im Lima-Tal, in Edelstahltanks vergoren, der lebendige Zitrusnoten, frische gr\u00fcne Kr\u00e4uteraromen und helle atlantische Mineralit\u00e4t pr\u00e4sentiert.\",\"breadcrumb\":{\"@id\":\"https:\\\/\\\/lucky-grape.com\\\/product\\\/2024-loureiro\\\/#breadcrumb\"},\"inLanguage\":\"en-GB\",\"potentialAction\":[{\"@type\":\"ReadAction\",\"target\":[\"https:\\\/\\\/lucky-grape.com\\\/product\\\/2024-loureiro\\\/\"]}]},{\"@type\":\"ImageObject\",\"inLanguage\":\"en-GB\",\"@id\":\"https:\\\/\\\/lucky-grape.com\\\/product\\\/2024-loureiro\\\/#primaryimage\",\"url\":\"https:\\\/\\\/lucky-grape.com\\\/wp-content\\\/uploads\\\/2025\\\/04\\\/4.png\",\"contentUrl\":\"https:\\\/\\\/lucky-grape.com\\\/wp-content\\\/uploads\\\/2025\\\/04\\\/4.png\",\"width\":1080,\"height\":1350},{\"@type\":\"BreadcrumbList\",\"@id\":\"https:\\\/\\\/lucky-grape.com\\\/product\\\/2024-loureiro\\\/#breadcrumb\",\"itemListElement\":[{\"@type\":\"ListItem\",\"position\":1,\"name\":\"Home\",\"item\":\"https:\\\/\\\/lucky-grape.com\\\/\"},{\"@type\":\"ListItem\",\"position\":2,\"name\":\"WINE SHOP\",\"item\":\"https:\\\/\\\/lucky-grape.com\\\/home\\\/wine-shop\\\/\"},{\"@type\":\"ListItem\",\"position\":3,\"name\":\"2024 Phulia Loureiro\"}]},{\"@type\":\"WebSite\",\"@id\":\"https:\\\/\\\/lucky-grape.com\\\/#website\",\"url\":\"https:\\\/\\\/lucky-grape.com\\\/\",\"name\":\"LUCKY GRAPE\",\"description\":\"Natural wine - Low intervention - Small producers\",\"publisher\":{\"@id\":\"https:\\\/\\\/lucky-grape.com\\\/#organization\"},\"potentialAction\":[{\"@type\":\"SearchAction\",\"target\":{\"@type\":\"EntryPoint\",\"urlTemplate\":\"https:\\\/\\\/lucky-grape.com\\\/?s={search_term_string}\"},\"query-input\":{\"@type\":\"PropertyValueSpecification\",\"valueRequired\":true,\"valueName\":\"search_term_string\"}}],\"inLanguage\":\"en-GB\"},{\"@type\":\"Organization\",\"@id\":\"https:\\\/\\\/lucky-grape.com\\\/#organization\",\"name\":\"LUCKY GRAPE\",\"url\":\"https:\\\/\\\/lucky-grape.com\\\/\",\"logo\":{\"@type\":\"ImageObject\",\"inLanguage\":\"en-GB\",\"@id\":\"https:\\\/\\\/lucky-grape.com\\\/#\\\/schema\\\/logo\\\/image\\\/\",\"url\":\"https:\\\/\\\/lucky-grape.com\\\/wp-content\\\/uploads\\\/2024\\\/08\\\/LOGO-WHITE.png\",\"contentUrl\":\"https:\\\/\\\/lucky-grape.com\\\/wp-content\\\/uploads\\\/2024\\\/08\\\/LOGO-WHITE.png\",\"width\":1000,\"height\":1000,\"caption\":\"LUCKY GRAPE\"},\"image\":{\"@id\":\"https:\\\/\\\/lucky-grape.com\\\/#\\\/schema\\\/logo\\\/image\\\/\"}}]}<\/script>\n<!-- \/ Yoast SEO plugin. -->","yoast_head_json":{"title":"2024 Phulia Loureiro - LUCKY GRAPE","description":"Phulia Cl\u00e1ssico 2024 ist ein 100 % Loureiro Wei\u00dfwein aus f\u00fcnf Parzellen im Lima-Tal, in Edelstahltanks vergoren, der lebendige Zitrusnoten, frische gr\u00fcne Kr\u00e4uteraromen und helle atlantische Mineralit\u00e4t pr\u00e4sentiert.","robots":{"index":"index","follow":"follow","max-snippet":"max-snippet:-1","max-image-preview":"max-image-preview:large","max-video-preview":"max-video-preview:-1"},"canonical":"https:\/\/lucky-grape.com\/en\/product\/2024-loureiro\/","og_locale":"en_GB","og_type":"article","og_title":"2024 Phulia Loureiro - LUCKY GRAPE","og_description":"Phulia Cl\u00e1ssico 2024 ist ein 100 % Loureiro Wei\u00dfwein aus f\u00fcnf Parzellen im Lima-Tal, in Edelstahltanks vergoren, der lebendige Zitrusnoten, frische gr\u00fcne Kr\u00e4uteraromen und helle atlantische Mineralit\u00e4t pr\u00e4sentiert.","og_url":"https:\/\/lucky-grape.com\/en\/product\/2024-loureiro\/","og_site_name":"LUCKY GRAPE","article_modified_time":"2025-11-05T14:34:13+00:00","og_image":[{"width":1080,"height":1350,"url":"https:\/\/lucky-grape.com\/wp-content\/uploads\/2025\/04\/4.png","type":"image\/png"}],"twitter_card":"summary_large_image","twitter_misc":{"Estimated reading time":"1 minute"},"schema":{"@context":"https:\/\/schema.org","@graph":[{"@type":"WebPage","@id":"https:\/\/lucky-grape.com\/product\/2024-loureiro\/","url":"https:\/\/lucky-grape.com\/product\/2024-loureiro\/","name":"2024 Phulia Loureiro - LUCKY GRAPE","isPartOf":{"@id":"https:\/\/lucky-grape.com\/#website"},"primaryImageOfPage":{"@id":"https:\/\/lucky-grape.com\/product\/2024-loureiro\/#primaryimage"},"image":{"@id":"https:\/\/lucky-grape.com\/product\/2024-loureiro\/#primaryimage"},"thumbnailUrl":"https:\/\/lucky-grape.com\/wp-content\/uploads\/2025\/04\/4.png","datePublished":"2025-04-18T18:27:38+00:00","dateModified":"2025-11-05T14:34:13+00:00","description":"Phulia Cl\u00e1ssico 2024 ist ein 100 % Loureiro Wei\u00dfwein aus f\u00fcnf Parzellen im Lima-Tal, in Edelstahltanks vergoren, der lebendige Zitrusnoten, frische gr\u00fcne Kr\u00e4uteraromen und helle atlantische Mineralit\u00e4t pr\u00e4sentiert.","breadcrumb":{"@id":"https:\/\/lucky-grape.com\/product\/2024-loureiro\/#breadcrumb"},"inLanguage":"en-GB","potentialAction":[{"@type":"ReadAction","target":["https:\/\/lucky-grape.com\/product\/2024-loureiro\/"]}]},{"@type":"ImageObject","inLanguage":"en-GB","@id":"https:\/\/lucky-grape.com\/product\/2024-loureiro\/#primaryimage","url":"https:\/\/lucky-grape.com\/wp-content\/uploads\/2025\/04\/4.png","contentUrl":"https:\/\/lucky-grape.com\/wp-content\/uploads\/2025\/04\/4.png","width":1080,"height":1350},{"@type":"BreadcrumbList","@id":"https:\/\/lucky-grape.com\/product\/2024-loureiro\/#breadcrumb","itemListElement":[{"@type":"ListItem","position":1,"name":"Home","item":"https:\/\/lucky-grape.com\/"},{"@type":"ListItem","position":2,"name":"WINE SHOP","item":"https:\/\/lucky-grape.com\/home\/wine-shop\/"},{"@type":"ListItem","position":3,"name":"2024 Phulia Loureiro"}]},{"@type":"WebSite","@id":"https:\/\/lucky-grape.com\/#website","url":"https:\/\/lucky-grape.com\/","name":"LUCKY GRAPE","description":"Natural wine - Low intervention - Small producers","publisher":{"@id":"https:\/\/lucky-grape.com\/#organization"},"potentialAction":[{"@type":"SearchAction","target":{"@type":"EntryPoint","urlTemplate":"https:\/\/lucky-grape.com\/?s={search_term_string}"},"query-input":{"@type":"PropertyValueSpecification","valueRequired":true,"valueName":"search_term_string"}}],"inLanguage":"en-GB"},{"@type":"Organization","@id":"https:\/\/lucky-grape.com\/#organization","name":"LUCKY GRAPE","url":"https:\/\/lucky-grape.com\/","logo":{"@type":"ImageObject","inLanguage":"en-GB","@id":"https:\/\/lucky-grape.com\/#\/schema\/logo\/image\/","url":"https:\/\/lucky-grape.com\/wp-content\/uploads\/2024\/08\/LOGO-WHITE.png","contentUrl":"https:\/\/lucky-grape.com\/wp-content\/uploads\/2024\/08\/LOGO-WHITE.png","width":1000,"height":1000,"caption":"LUCKY GRAPE"},"image":{"@id":"https:\/\/lucky-grape.com\/#\/schema\/logo\/image\/"}}]}},"_links":{"self":[{"href":"https:\/\/lucky-grape.com\/en\/wp-json\/wp\/v2\/product\/342","targetHints":{"allow":["GET"]}}],"collection":[{"href":"https:\/\/lucky-grape.com\/en\/wp-json\/wp\/v2\/product"}],"about":[{"href":"https:\/\/lucky-grape.com\/en\/wp-json\/wp\/v2\/types\/product"}],"replies":[{"embeddable":true,"href":"https:\/\/lucky-grape.com\/en\/wp-json\/wp\/v2\/comments?post=342"}],"wp:featuredmedia":[{"embeddable":true,"href":"https:\/\/lucky-grape.com\/en\/wp-json\/wp\/v2\/media\/292"}],"wp:attachment":[{"href":"https:\/\/lucky-grape.com\/en\/wp-json\/wp\/v2\/media?parent=342"}],"wp:term":[{"taxonomy":"product_brand","embeddable":true,"href":"https:\/\/lucky-grape.com\/en\/wp-json\/wp\/v2\/product_brand?post=342"},{"taxonomy":"product_cat","embeddable":true,"href":"https:\/\/lucky-grape.com\/en\/wp-json\/wp\/v2\/product_cat?post=342"},{"taxonomy":"product_tag","embeddable":true,"href":"https:\/\/lucky-grape.com\/en\/wp-json\/wp\/v2\/product_tag?post=342"}],"curies":[{"name":"wp","href":"https:\/\/api.w.org\/{rel}","templated":true}]}}