{"id":344,"date":"2025-04-18T19:50:55","date_gmt":"2025-04-18T19:50:55","guid":{"rendered":"https:\/\/lucky-grape.com\/?post_type=product&#038;p=344"},"modified":"2025-07-08T15:17:34","modified_gmt":"2025-07-08T15:17:34","slug":"2024-carrousel-de-tete-orange-pfalz","status":"publish","type":"product","link":"https:\/\/lucky-grape.com\/en\/product\/2024-carrousel-de-tete-orange-pfalz\/","title":{"rendered":"2024 Carrousel de T\u00eate Orange"},"content":{"rendered":"<pre><strong data-start=\"182\" data-end=\"226\">ORANGE \ud83c\udf4a | FLORAL \ud83c\udf38 | LYCHEE \ud83c\udf48<\/strong><\/pre>\n<p data-start=\"0\" data-end=\"414\">The Orange is a vibrant wine produced by Frederic and his family at Carrousel de T\u00eate. It consists of a 70\/30 blend of Muscat and Scheurebe (2022 harvest). The grapes ferment on the skins for 14\u201316 days before aging in stainless steel for 12 months. For additional freshness and vibrancy, 30% of the final cuv\u00e9e, made from the 2023 Riesling-Muscat blend, is added.<\/p>\n<p data-start=\"416\" data-end=\"801\" data-is-last-node=\"\" data-is-only-node=\"\">In the glass, it glows amber. The nose is perfumed with elderflower and ripe lychee, overlaid with delicate citrus peel notes. On the palate, fine tannins meet lively acidity and an elegant minerality, embedded in a juicy texture that rewards a quick decant. Serve chilled at 12\u201314\u00b0C to reveal its full aromatic clarity.<\/p>","protected":false},"excerpt":{"rendered":"<pre>GERMANY | PFALZ | WHITE | ORANGE | DRY | 10.5%<\/pre>\n<p>&nbsp;<\/p>","protected":false},"featured_media":286,"comment_status":"open","ping_status":"closed","template":"","meta":[],"product_brand":[52],"product_cat":[36,25],"product_tag":[30,43,75,44,53,74,37],"class_list":{"0":"post-344","1":"product","2":"type-product","3":"status-publish","4":"has-post-thumbnail","6":"product_brand-carrousel-de-tete","7":"product_cat-german-wine","8":"product_cat-white","9":"product_tag-dry","10":"product_tag-germany","11":"product_tag-naturwein","12":"product_tag-orange","13":"product_tag-pfalz","14":"product_tag-wein","15":"product_tag-white","17":"first","18":"outofstock","19":"shipping-taxable","20":"purchasable","21":"product-type-simple"},"yoast_head":"<!-- This site is optimized with the Yoast SEO plugin v27.4 - https:\/\/yoast.com\/product\/yoast-seo-wordpress\/ -->\n<title>2024 Carrousel de T\u00eate Orange - LUCKY GRAPE<\/title>\n<meta name=\"description\" content=\"Ein bernsteinfarbener Orange von Carrousel de T\u00eate \u2014 14\u201316 Tage auf der Schale, 12 Monate im Edelstahl gereift, abgerundet mit 30 % Riesling\/Muskateller \u2014 voller Holunderbl\u00fcten- und Litschinuancen, getragen von frischer S\u00e4ure und lebendiger Mineralit\u00e4t.\" \/>\n<meta name=\"robots\" content=\"index, follow, max-snippet:-1, max-image-preview:large, max-video-preview:-1\" \/>\n<link rel=\"canonical\" href=\"https:\/\/lucky-grape.com\/en\/product\/2024-carrousel-de-tete-orange-pfalz\/\" \/>\n<meta property=\"og:locale\" content=\"en_GB\" \/>\n<meta property=\"og:type\" content=\"article\" \/>\n<meta property=\"og:title\" content=\"2024 Carrousel de T\u00eate Orange - LUCKY GRAPE\" \/>\n<meta property=\"og:description\" content=\"Ein bernsteinfarbener Orange von Carrousel de T\u00eate \u2014 14\u201316 Tage auf der Schale, 12 Monate im Edelstahl gereift, abgerundet mit 30 % Riesling\/Muskateller \u2014 voller Holunderbl\u00fcten- und Litschinuancen, getragen von frischer S\u00e4ure und lebendiger Mineralit\u00e4t.\" \/>\n<meta property=\"og:url\" content=\"https:\/\/lucky-grape.com\/en\/product\/2024-carrousel-de-tete-orange-pfalz\/\" \/>\n<meta property=\"og:site_name\" content=\"LUCKY GRAPE\" \/>\n<meta property=\"article:modified_time\" content=\"2025-07-08T15:17:34+00:00\" \/>\n<meta property=\"og:image\" content=\"https:\/\/lucky-grape.com\/wp-content\/uploads\/2025\/04\/17.png\" \/>\n\t<meta property=\"og:image:width\" content=\"1080\" \/>\n\t<meta property=\"og:image:height\" content=\"1350\" \/>\n\t<meta property=\"og:image:type\" content=\"image\/png\" \/>\n<meta name=\"twitter:card\" content=\"summary_large_image\" \/>\n<meta name=\"twitter:label1\" content=\"Estimated reading time\" \/>\n\t<meta name=\"twitter:data1\" content=\"1 minute\" \/>\n<script type=\"application\/ld+json\" class=\"yoast-schema-graph\">{\"@context\":\"https:\\\/\\\/schema.org\",\"@graph\":[{\"@type\":\"WebPage\",\"@id\":\"https:\\\/\\\/lucky-grape.com\\\/product\\\/2024-carrousel-de-tete-orange-pfalz\\\/\",\"url\":\"https:\\\/\\\/lucky-grape.com\\\/product\\\/2024-carrousel-de-tete-orange-pfalz\\\/\",\"name\":\"2024 Carrousel de T\u00eate Orange - LUCKY GRAPE\",\"isPartOf\":{\"@id\":\"https:\\\/\\\/lucky-grape.com\\\/#website\"},\"primaryImageOfPage\":{\"@id\":\"https:\\\/\\\/lucky-grape.com\\\/product\\\/2024-carrousel-de-tete-orange-pfalz\\\/#primaryimage\"},\"image\":{\"@id\":\"https:\\\/\\\/lucky-grape.com\\\/product\\\/2024-carrousel-de-tete-orange-pfalz\\\/#primaryimage\"},\"thumbnailUrl\":\"https:\\\/\\\/lucky-grape.com\\\/wp-content\\\/uploads\\\/2025\\\/04\\\/17.png\",\"datePublished\":\"2025-04-18T19:50:55+00:00\",\"dateModified\":\"2025-07-08T15:17:34+00:00\",\"description\":\"Ein bernsteinfarbener Orange von Carrousel de T\u00eate \u2014 14\u201316 Tage auf der Schale, 12 Monate im Edelstahl gereift, abgerundet mit 30 % Riesling\\\/Muskateller \u2014 voller Holunderbl\u00fcten- und Litschinuancen, getragen von frischer S\u00e4ure und lebendiger Mineralit\u00e4t.\",\"breadcrumb\":{\"@id\":\"https:\\\/\\\/lucky-grape.com\\\/product\\\/2024-carrousel-de-tete-orange-pfalz\\\/#breadcrumb\"},\"inLanguage\":\"en-GB\",\"potentialAction\":[{\"@type\":\"ReadAction\",\"target\":[\"https:\\\/\\\/lucky-grape.com\\\/product\\\/2024-carrousel-de-tete-orange-pfalz\\\/\"]}]},{\"@type\":\"ImageObject\",\"inLanguage\":\"en-GB\",\"@id\":\"https:\\\/\\\/lucky-grape.com\\\/product\\\/2024-carrousel-de-tete-orange-pfalz\\\/#primaryimage\",\"url\":\"https:\\\/\\\/lucky-grape.com\\\/wp-content\\\/uploads\\\/2025\\\/04\\\/17.png\",\"contentUrl\":\"https:\\\/\\\/lucky-grape.com\\\/wp-content\\\/uploads\\\/2025\\\/04\\\/17.png\",\"width\":1080,\"height\":1350},{\"@type\":\"BreadcrumbList\",\"@id\":\"https:\\\/\\\/lucky-grape.com\\\/product\\\/2024-carrousel-de-tete-orange-pfalz\\\/#breadcrumb\",\"itemListElement\":[{\"@type\":\"ListItem\",\"position\":1,\"name\":\"Home\",\"item\":\"https:\\\/\\\/lucky-grape.com\\\/\"},{\"@type\":\"ListItem\",\"position\":2,\"name\":\"WINE SHOP\",\"item\":\"https:\\\/\\\/lucky-grape.com\\\/home\\\/wine-shop\\\/\"},{\"@type\":\"ListItem\",\"position\":3,\"name\":\"2024 Carrousel de T\u00eate Orange\"}]},{\"@type\":\"WebSite\",\"@id\":\"https:\\\/\\\/lucky-grape.com\\\/#website\",\"url\":\"https:\\\/\\\/lucky-grape.com\\\/\",\"name\":\"LUCKY GRAPE\",\"description\":\"Natural wine - Low intervention - Small producers\",\"publisher\":{\"@id\":\"https:\\\/\\\/lucky-grape.com\\\/#organization\"},\"potentialAction\":[{\"@type\":\"SearchAction\",\"target\":{\"@type\":\"EntryPoint\",\"urlTemplate\":\"https:\\\/\\\/lucky-grape.com\\\/?s={search_term_string}\"},\"query-input\":{\"@type\":\"PropertyValueSpecification\",\"valueRequired\":true,\"valueName\":\"search_term_string\"}}],\"inLanguage\":\"en-GB\"},{\"@type\":\"Organization\",\"@id\":\"https:\\\/\\\/lucky-grape.com\\\/#organization\",\"name\":\"LUCKY GRAPE\",\"url\":\"https:\\\/\\\/lucky-grape.com\\\/\",\"logo\":{\"@type\":\"ImageObject\",\"inLanguage\":\"en-GB\",\"@id\":\"https:\\\/\\\/lucky-grape.com\\\/#\\\/schema\\\/logo\\\/image\\\/\",\"url\":\"https:\\\/\\\/lucky-grape.com\\\/wp-content\\\/uploads\\\/2024\\\/08\\\/LOGO-WHITE.png\",\"contentUrl\":\"https:\\\/\\\/lucky-grape.com\\\/wp-content\\\/uploads\\\/2024\\\/08\\\/LOGO-WHITE.png\",\"width\":1000,\"height\":1000,\"caption\":\"LUCKY GRAPE\"},\"image\":{\"@id\":\"https:\\\/\\\/lucky-grape.com\\\/#\\\/schema\\\/logo\\\/image\\\/\"}}]}<\/script>\n<!-- \/ Yoast SEO plugin. -->","yoast_head_json":{"title":"2024 Carrousel de T\u00eate Orange - LUCKY GRAPE","description":"Ein bernsteinfarbener Orange von Carrousel de T\u00eate \u2014 14\u201316 Tage auf der Schale, 12 Monate im Edelstahl gereift, abgerundet mit 30 % Riesling\/Muskateller \u2014 voller Holunderbl\u00fcten- und Litschinuancen, getragen von frischer S\u00e4ure und lebendiger Mineralit\u00e4t.","robots":{"index":"index","follow":"follow","max-snippet":"max-snippet:-1","max-image-preview":"max-image-preview:large","max-video-preview":"max-video-preview:-1"},"canonical":"https:\/\/lucky-grape.com\/en\/product\/2024-carrousel-de-tete-orange-pfalz\/","og_locale":"en_GB","og_type":"article","og_title":"2024 Carrousel de T\u00eate Orange - LUCKY GRAPE","og_description":"Ein bernsteinfarbener Orange von Carrousel de T\u00eate \u2014 14\u201316 Tage auf der Schale, 12 Monate im Edelstahl gereift, abgerundet mit 30 % Riesling\/Muskateller \u2014 voller Holunderbl\u00fcten- und Litschinuancen, getragen von frischer S\u00e4ure und lebendiger Mineralit\u00e4t.","og_url":"https:\/\/lucky-grape.com\/en\/product\/2024-carrousel-de-tete-orange-pfalz\/","og_site_name":"LUCKY GRAPE","article_modified_time":"2025-07-08T15:17:34+00:00","og_image":[{"width":1080,"height":1350,"url":"https:\/\/lucky-grape.com\/wp-content\/uploads\/2025\/04\/17.png","type":"image\/png"}],"twitter_card":"summary_large_image","twitter_misc":{"Estimated reading time":"1 minute"},"schema":{"@context":"https:\/\/schema.org","@graph":[{"@type":"WebPage","@id":"https:\/\/lucky-grape.com\/product\/2024-carrousel-de-tete-orange-pfalz\/","url":"https:\/\/lucky-grape.com\/product\/2024-carrousel-de-tete-orange-pfalz\/","name":"2024 Carrousel de T\u00eate Orange - LUCKY GRAPE","isPartOf":{"@id":"https:\/\/lucky-grape.com\/#website"},"primaryImageOfPage":{"@id":"https:\/\/lucky-grape.com\/product\/2024-carrousel-de-tete-orange-pfalz\/#primaryimage"},"image":{"@id":"https:\/\/lucky-grape.com\/product\/2024-carrousel-de-tete-orange-pfalz\/#primaryimage"},"thumbnailUrl":"https:\/\/lucky-grape.com\/wp-content\/uploads\/2025\/04\/17.png","datePublished":"2025-04-18T19:50:55+00:00","dateModified":"2025-07-08T15:17:34+00:00","description":"Ein bernsteinfarbener Orange von Carrousel de T\u00eate \u2014 14\u201316 Tage auf der Schale, 12 Monate im Edelstahl gereift, abgerundet mit 30 % Riesling\/Muskateller \u2014 voller Holunderbl\u00fcten- und Litschinuancen, getragen von frischer S\u00e4ure und lebendiger Mineralit\u00e4t.","breadcrumb":{"@id":"https:\/\/lucky-grape.com\/product\/2024-carrousel-de-tete-orange-pfalz\/#breadcrumb"},"inLanguage":"en-GB","potentialAction":[{"@type":"ReadAction","target":["https:\/\/lucky-grape.com\/product\/2024-carrousel-de-tete-orange-pfalz\/"]}]},{"@type":"ImageObject","inLanguage":"en-GB","@id":"https:\/\/lucky-grape.com\/product\/2024-carrousel-de-tete-orange-pfalz\/#primaryimage","url":"https:\/\/lucky-grape.com\/wp-content\/uploads\/2025\/04\/17.png","contentUrl":"https:\/\/lucky-grape.com\/wp-content\/uploads\/2025\/04\/17.png","width":1080,"height":1350},{"@type":"BreadcrumbList","@id":"https:\/\/lucky-grape.com\/product\/2024-carrousel-de-tete-orange-pfalz\/#breadcrumb","itemListElement":[{"@type":"ListItem","position":1,"name":"Home","item":"https:\/\/lucky-grape.com\/"},{"@type":"ListItem","position":2,"name":"WINE SHOP","item":"https:\/\/lucky-grape.com\/home\/wine-shop\/"},{"@type":"ListItem","position":3,"name":"2024 Carrousel de T\u00eate Orange"}]},{"@type":"WebSite","@id":"https:\/\/lucky-grape.com\/#website","url":"https:\/\/lucky-grape.com\/","name":"LUCKY GRAPE","description":"Natural wine - Low intervention - Small producers","publisher":{"@id":"https:\/\/lucky-grape.com\/#organization"},"potentialAction":[{"@type":"SearchAction","target":{"@type":"EntryPoint","urlTemplate":"https:\/\/lucky-grape.com\/?s={search_term_string}"},"query-input":{"@type":"PropertyValueSpecification","valueRequired":true,"valueName":"search_term_string"}}],"inLanguage":"en-GB"},{"@type":"Organization","@id":"https:\/\/lucky-grape.com\/#organization","name":"LUCKY GRAPE","url":"https:\/\/lucky-grape.com\/","logo":{"@type":"ImageObject","inLanguage":"en-GB","@id":"https:\/\/lucky-grape.com\/#\/schema\/logo\/image\/","url":"https:\/\/lucky-grape.com\/wp-content\/uploads\/2024\/08\/LOGO-WHITE.png","contentUrl":"https:\/\/lucky-grape.com\/wp-content\/uploads\/2024\/08\/LOGO-WHITE.png","width":1000,"height":1000,"caption":"LUCKY GRAPE"},"image":{"@id":"https:\/\/lucky-grape.com\/#\/schema\/logo\/image\/"}}]}},"_links":{"self":[{"href":"https:\/\/lucky-grape.com\/en\/wp-json\/wp\/v2\/product\/344","targetHints":{"allow":["GET"]}}],"collection":[{"href":"https:\/\/lucky-grape.com\/en\/wp-json\/wp\/v2\/product"}],"about":[{"href":"https:\/\/lucky-grape.com\/en\/wp-json\/wp\/v2\/types\/product"}],"replies":[{"embeddable":true,"href":"https:\/\/lucky-grape.com\/en\/wp-json\/wp\/v2\/comments?post=344"}],"wp:featuredmedia":[{"embeddable":true,"href":"https:\/\/lucky-grape.com\/en\/wp-json\/wp\/v2\/media\/286"}],"wp:attachment":[{"href":"https:\/\/lucky-grape.com\/en\/wp-json\/wp\/v2\/media?parent=344"}],"wp:term":[{"taxonomy":"product_brand","embeddable":true,"href":"https:\/\/lucky-grape.com\/en\/wp-json\/wp\/v2\/product_brand?post=344"},{"taxonomy":"product_cat","embeddable":true,"href":"https:\/\/lucky-grape.com\/en\/wp-json\/wp\/v2\/product_cat?post=344"},{"taxonomy":"product_tag","embeddable":true,"href":"https:\/\/lucky-grape.com\/en\/wp-json\/wp\/v2\/product_tag?post=344"}],"curies":[{"name":"wp","href":"https:\/\/api.w.org\/{rel}","templated":true}]}}