{"id":589,"date":"2025-05-27T13:56:15","date_gmt":"2025-05-27T13:56:15","guid":{"rendered":"https:\/\/lucky-grape.com\/?post_type=product&#038;p=589"},"modified":"2025-11-05T14:39:49","modified_gmt":"2025-11-05T14:39:49","slug":"2023-fizei-tinto-lisboa","status":"publish","type":"product","link":"https:\/\/lucky-grape.com\/en\/product\/2023-fizei-tinto-lisboa\/","title":{"rendered":"2023 Fizei Tinto"},"content":{"rendered":"<pre><strong data-start=\"182\" data-end=\"226\">BLACK OLIVE \ud83e\uded2 | FOREST FRUIT JAM \ud83c\udf47 | EARTHY GLOW \ud83c\udf3f<\/strong><\/pre>\n<p data-start=\"0\" data-end=\"340\">A soulful whisper of clay-limestone soils \u2013 Fizei Tinto is a red wine born of a dream: quietly rebellious, deeply personal. The name? A baby's unfortunate \"I did it,\" now on the label of a wine that breaks all the rules. This is what wine is born of when two winemakers stop chasing trends and instead follow the truth.<\/p>\n<p data-start=\"342\" data-end=\"674\">100% Castel\u00e3o, hand-picked from 20-year-old vines, minimal intervention, and fermented according to traditional methods: in upright, open-bottomed vats with whole grapes and skins. After alcoholic and malolactic fermentation, the wine rested with the grape skins for over six months. No additional yeasts, no additives, and only a very small amount of sulfur.<\/p>\n<p data-start=\"676\" data-end=\"1076\">The result is a rustic yet refined red wine with a unique character. On the nose, it opens with savory notes of olive tapenade, followed by ripe wild berries and compote. On the palate, it's full yet agile \u2013 gentle tannins, shaped by barrel aging, dance between bright fruit and soft structure. At 12.5% \u200b\u200balcohol, it's grounded yet ready to take flight.<\/p>\n<p data-start=\"1078\" data-end=\"1282\" data-is-last-node=\"\" data-is-only-node=\"\">Unfiltered. Unclarified. Only 1,100 bottles exist.<br data-start=\"1132\" data-end=\"1135\" \/>Perfect with roasts, aged cheese, or anything that calls for depth and soul. Open one hour before drinking to allow it to fully develop.<\/p>\n<hr data-start=\"1460\" data-end=\"1463\" \/>","protected":false},"excerpt":{"rendered":"<pre>PORTUGAL | LISBOA | RED | DRY | 13%<\/pre>\n<p>&nbsp;<\/p>","protected":false},"featured_media":590,"comment_status":"open","ping_status":"closed","template":"","meta":[],"product_brand":[70],"product_cat":[35,24],"product_tag":[30,69,67,75,68,45,74],"class_list":{"0":"post-589","1":"product","2":"type-product","3":"status-publish","4":"has-post-thumbnail","6":"product_brand-curativinho","7":"product_cat-portuguese-wine","8":"product_cat-red-2","9":"product_tag-dry","10":"product_tag-lisboa","11":"product_tag-natural-wine","12":"product_tag-naturwein","13":"product_tag-portuguese-wine","14":"product_tag-red","15":"product_tag-wein","17":"first","18":"instock","19":"shipping-taxable","20":"purchasable","21":"product-type-simple"},"yoast_head":"<!-- This site is optimized with the Yoast SEO plugin v27.4 - https:\/\/yoast.com\/product\/yoast-seo-wordpress\/ -->\n<title>2023 Fizei Tinto - LUCKY GRAPE<\/title>\n<meta name=\"description\" content=\"Fizei Tinto ist eine Rarit\u00e4t mit 1.100 Flaschen: ganze Castel\u00e3o-Beeren, wild fermentiert in aufrechten F\u00e4ssern, \u00fcber 6 Monate auf der Schale gereift \u2013 ungekl\u00e4rt, unfiltriert, mit wenig Schwefel. W\u00fcrzig, strukturiert und dezent wild.\" \/>\n<meta name=\"robots\" content=\"index, follow, max-snippet:-1, max-image-preview:large, max-video-preview:-1\" \/>\n<link rel=\"canonical\" href=\"https:\/\/lucky-grape.com\/en\/product\/2023-fizei-tinto-lisboa\/\" \/>\n<meta property=\"og:locale\" content=\"en_GB\" \/>\n<meta property=\"og:type\" content=\"article\" \/>\n<meta property=\"og:title\" content=\"2023 Fizei Tinto - LUCKY GRAPE\" \/>\n<meta property=\"og:description\" content=\"Fizei Tinto ist eine Rarit\u00e4t mit 1.100 Flaschen: ganze Castel\u00e3o-Beeren, wild fermentiert in aufrechten F\u00e4ssern, \u00fcber 6 Monate auf der Schale gereift \u2013 ungekl\u00e4rt, unfiltriert, mit wenig Schwefel. W\u00fcrzig, strukturiert und dezent wild.\" \/>\n<meta property=\"og:url\" content=\"https:\/\/lucky-grape.com\/en\/product\/2023-fizei-tinto-lisboa\/\" \/>\n<meta property=\"og:site_name\" content=\"LUCKY GRAPE\" \/>\n<meta property=\"article:modified_time\" content=\"2025-11-05T14:39:49+00:00\" \/>\n<meta property=\"og:image\" content=\"https:\/\/lucky-grape.com\/wp-content\/uploads\/2025\/05\/6.png\" \/>\n\t<meta property=\"og:image:width\" content=\"810\" \/>\n\t<meta property=\"og:image:height\" content=\"1013\" \/>\n\t<meta property=\"og:image:type\" content=\"image\/png\" \/>\n<meta name=\"twitter:card\" content=\"summary_large_image\" \/>\n<meta name=\"twitter:label1\" content=\"Estimated reading time\" \/>\n\t<meta name=\"twitter:data1\" content=\"2 minutes\" \/>\n<script type=\"application\/ld+json\" class=\"yoast-schema-graph\">{\"@context\":\"https:\\\/\\\/schema.org\",\"@graph\":[{\"@type\":\"WebPage\",\"@id\":\"https:\\\/\\\/lucky-grape.com\\\/product\\\/2023-fizei-tinto-lisboa\\\/\",\"url\":\"https:\\\/\\\/lucky-grape.com\\\/product\\\/2023-fizei-tinto-lisboa\\\/\",\"name\":\"2023 Fizei Tinto - LUCKY GRAPE\",\"isPartOf\":{\"@id\":\"https:\\\/\\\/lucky-grape.com\\\/#website\"},\"primaryImageOfPage\":{\"@id\":\"https:\\\/\\\/lucky-grape.com\\\/product\\\/2023-fizei-tinto-lisboa\\\/#primaryimage\"},\"image\":{\"@id\":\"https:\\\/\\\/lucky-grape.com\\\/product\\\/2023-fizei-tinto-lisboa\\\/#primaryimage\"},\"thumbnailUrl\":\"https:\\\/\\\/lucky-grape.com\\\/wp-content\\\/uploads\\\/2025\\\/05\\\/6.png\",\"datePublished\":\"2025-05-27T13:56:15+00:00\",\"dateModified\":\"2025-11-05T14:39:49+00:00\",\"description\":\"Fizei Tinto ist eine Rarit\u00e4t mit 1.100 Flaschen: ganze Castel\u00e3o-Beeren, wild fermentiert in aufrechten F\u00e4ssern, \u00fcber 6 Monate auf der Schale gereift \u2013 ungekl\u00e4rt, unfiltriert, mit wenig Schwefel. W\u00fcrzig, strukturiert und dezent wild.\",\"breadcrumb\":{\"@id\":\"https:\\\/\\\/lucky-grape.com\\\/product\\\/2023-fizei-tinto-lisboa\\\/#breadcrumb\"},\"inLanguage\":\"en-GB\",\"potentialAction\":[{\"@type\":\"ReadAction\",\"target\":[\"https:\\\/\\\/lucky-grape.com\\\/product\\\/2023-fizei-tinto-lisboa\\\/\"]}]},{\"@type\":\"ImageObject\",\"inLanguage\":\"en-GB\",\"@id\":\"https:\\\/\\\/lucky-grape.com\\\/product\\\/2023-fizei-tinto-lisboa\\\/#primaryimage\",\"url\":\"https:\\\/\\\/lucky-grape.com\\\/wp-content\\\/uploads\\\/2025\\\/05\\\/6.png\",\"contentUrl\":\"https:\\\/\\\/lucky-grape.com\\\/wp-content\\\/uploads\\\/2025\\\/05\\\/6.png\",\"width\":810,\"height\":1013},{\"@type\":\"BreadcrumbList\",\"@id\":\"https:\\\/\\\/lucky-grape.com\\\/product\\\/2023-fizei-tinto-lisboa\\\/#breadcrumb\",\"itemListElement\":[{\"@type\":\"ListItem\",\"position\":1,\"name\":\"Home\",\"item\":\"https:\\\/\\\/lucky-grape.com\\\/\"},{\"@type\":\"ListItem\",\"position\":2,\"name\":\"WINE SHOP\",\"item\":\"https:\\\/\\\/lucky-grape.com\\\/home\\\/wine-shop\\\/\"},{\"@type\":\"ListItem\",\"position\":3,\"name\":\"2023 Fizei Tinto\"}]},{\"@type\":\"WebSite\",\"@id\":\"https:\\\/\\\/lucky-grape.com\\\/#website\",\"url\":\"https:\\\/\\\/lucky-grape.com\\\/\",\"name\":\"LUCKY GRAPE\",\"description\":\"Natural wine - Low intervention - Small producers\",\"publisher\":{\"@id\":\"https:\\\/\\\/lucky-grape.com\\\/#organization\"},\"potentialAction\":[{\"@type\":\"SearchAction\",\"target\":{\"@type\":\"EntryPoint\",\"urlTemplate\":\"https:\\\/\\\/lucky-grape.com\\\/?s={search_term_string}\"},\"query-input\":{\"@type\":\"PropertyValueSpecification\",\"valueRequired\":true,\"valueName\":\"search_term_string\"}}],\"inLanguage\":\"en-GB\"},{\"@type\":\"Organization\",\"@id\":\"https:\\\/\\\/lucky-grape.com\\\/#organization\",\"name\":\"LUCKY GRAPE\",\"url\":\"https:\\\/\\\/lucky-grape.com\\\/\",\"logo\":{\"@type\":\"ImageObject\",\"inLanguage\":\"en-GB\",\"@id\":\"https:\\\/\\\/lucky-grape.com\\\/#\\\/schema\\\/logo\\\/image\\\/\",\"url\":\"https:\\\/\\\/lucky-grape.com\\\/wp-content\\\/uploads\\\/2024\\\/08\\\/LOGO-WHITE.png\",\"contentUrl\":\"https:\\\/\\\/lucky-grape.com\\\/wp-content\\\/uploads\\\/2024\\\/08\\\/LOGO-WHITE.png\",\"width\":1000,\"height\":1000,\"caption\":\"LUCKY GRAPE\"},\"image\":{\"@id\":\"https:\\\/\\\/lucky-grape.com\\\/#\\\/schema\\\/logo\\\/image\\\/\"}}]}<\/script>\n<!-- \/ Yoast SEO plugin. -->","yoast_head_json":{"title":"2023 Fizei Tinto - LUCKY GRAPE","description":"Fizei Tinto ist eine Rarit\u00e4t mit 1.100 Flaschen: ganze Castel\u00e3o-Beeren, wild fermentiert in aufrechten F\u00e4ssern, \u00fcber 6 Monate auf der Schale gereift \u2013 ungekl\u00e4rt, unfiltriert, mit wenig Schwefel. W\u00fcrzig, strukturiert und dezent wild.","robots":{"index":"index","follow":"follow","max-snippet":"max-snippet:-1","max-image-preview":"max-image-preview:large","max-video-preview":"max-video-preview:-1"},"canonical":"https:\/\/lucky-grape.com\/en\/product\/2023-fizei-tinto-lisboa\/","og_locale":"en_GB","og_type":"article","og_title":"2023 Fizei Tinto - LUCKY GRAPE","og_description":"Fizei Tinto ist eine Rarit\u00e4t mit 1.100 Flaschen: ganze Castel\u00e3o-Beeren, wild fermentiert in aufrechten F\u00e4ssern, \u00fcber 6 Monate auf der Schale gereift \u2013 ungekl\u00e4rt, unfiltriert, mit wenig Schwefel. W\u00fcrzig, strukturiert und dezent wild.","og_url":"https:\/\/lucky-grape.com\/en\/product\/2023-fizei-tinto-lisboa\/","og_site_name":"LUCKY GRAPE","article_modified_time":"2025-11-05T14:39:49+00:00","og_image":[{"width":810,"height":1013,"url":"https:\/\/lucky-grape.com\/wp-content\/uploads\/2025\/05\/6.png","type":"image\/png"}],"twitter_card":"summary_large_image","twitter_misc":{"Estimated reading time":"2 minutes"},"schema":{"@context":"https:\/\/schema.org","@graph":[{"@type":"WebPage","@id":"https:\/\/lucky-grape.com\/product\/2023-fizei-tinto-lisboa\/","url":"https:\/\/lucky-grape.com\/product\/2023-fizei-tinto-lisboa\/","name":"2023 Fizei Tinto - LUCKY GRAPE","isPartOf":{"@id":"https:\/\/lucky-grape.com\/#website"},"primaryImageOfPage":{"@id":"https:\/\/lucky-grape.com\/product\/2023-fizei-tinto-lisboa\/#primaryimage"},"image":{"@id":"https:\/\/lucky-grape.com\/product\/2023-fizei-tinto-lisboa\/#primaryimage"},"thumbnailUrl":"https:\/\/lucky-grape.com\/wp-content\/uploads\/2025\/05\/6.png","datePublished":"2025-05-27T13:56:15+00:00","dateModified":"2025-11-05T14:39:49+00:00","description":"Fizei Tinto ist eine Rarit\u00e4t mit 1.100 Flaschen: ganze Castel\u00e3o-Beeren, wild fermentiert in aufrechten F\u00e4ssern, \u00fcber 6 Monate auf der Schale gereift \u2013 ungekl\u00e4rt, unfiltriert, mit wenig Schwefel. W\u00fcrzig, strukturiert und dezent wild.","breadcrumb":{"@id":"https:\/\/lucky-grape.com\/product\/2023-fizei-tinto-lisboa\/#breadcrumb"},"inLanguage":"en-GB","potentialAction":[{"@type":"ReadAction","target":["https:\/\/lucky-grape.com\/product\/2023-fizei-tinto-lisboa\/"]}]},{"@type":"ImageObject","inLanguage":"en-GB","@id":"https:\/\/lucky-grape.com\/product\/2023-fizei-tinto-lisboa\/#primaryimage","url":"https:\/\/lucky-grape.com\/wp-content\/uploads\/2025\/05\/6.png","contentUrl":"https:\/\/lucky-grape.com\/wp-content\/uploads\/2025\/05\/6.png","width":810,"height":1013},{"@type":"BreadcrumbList","@id":"https:\/\/lucky-grape.com\/product\/2023-fizei-tinto-lisboa\/#breadcrumb","itemListElement":[{"@type":"ListItem","position":1,"name":"Home","item":"https:\/\/lucky-grape.com\/"},{"@type":"ListItem","position":2,"name":"WINE SHOP","item":"https:\/\/lucky-grape.com\/home\/wine-shop\/"},{"@type":"ListItem","position":3,"name":"2023 Fizei Tinto"}]},{"@type":"WebSite","@id":"https:\/\/lucky-grape.com\/#website","url":"https:\/\/lucky-grape.com\/","name":"LUCKY GRAPE","description":"Natural wine - Low intervention - Small producers","publisher":{"@id":"https:\/\/lucky-grape.com\/#organization"},"potentialAction":[{"@type":"SearchAction","target":{"@type":"EntryPoint","urlTemplate":"https:\/\/lucky-grape.com\/?s={search_term_string}"},"query-input":{"@type":"PropertyValueSpecification","valueRequired":true,"valueName":"search_term_string"}}],"inLanguage":"en-GB"},{"@type":"Organization","@id":"https:\/\/lucky-grape.com\/#organization","name":"LUCKY GRAPE","url":"https:\/\/lucky-grape.com\/","logo":{"@type":"ImageObject","inLanguage":"en-GB","@id":"https:\/\/lucky-grape.com\/#\/schema\/logo\/image\/","url":"https:\/\/lucky-grape.com\/wp-content\/uploads\/2024\/08\/LOGO-WHITE.png","contentUrl":"https:\/\/lucky-grape.com\/wp-content\/uploads\/2024\/08\/LOGO-WHITE.png","width":1000,"height":1000,"caption":"LUCKY GRAPE"},"image":{"@id":"https:\/\/lucky-grape.com\/#\/schema\/logo\/image\/"}}]}},"_links":{"self":[{"href":"https:\/\/lucky-grape.com\/en\/wp-json\/wp\/v2\/product\/589","targetHints":{"allow":["GET"]}}],"collection":[{"href":"https:\/\/lucky-grape.com\/en\/wp-json\/wp\/v2\/product"}],"about":[{"href":"https:\/\/lucky-grape.com\/en\/wp-json\/wp\/v2\/types\/product"}],"replies":[{"embeddable":true,"href":"https:\/\/lucky-grape.com\/en\/wp-json\/wp\/v2\/comments?post=589"}],"wp:featuredmedia":[{"embeddable":true,"href":"https:\/\/lucky-grape.com\/en\/wp-json\/wp\/v2\/media\/590"}],"wp:attachment":[{"href":"https:\/\/lucky-grape.com\/en\/wp-json\/wp\/v2\/media?parent=589"}],"wp:term":[{"taxonomy":"product_brand","embeddable":true,"href":"https:\/\/lucky-grape.com\/en\/wp-json\/wp\/v2\/product_brand?post=589"},{"taxonomy":"product_cat","embeddable":true,"href":"https:\/\/lucky-grape.com\/en\/wp-json\/wp\/v2\/product_cat?post=589"},{"taxonomy":"product_tag","embeddable":true,"href":"https:\/\/lucky-grape.com\/en\/wp-json\/wp\/v2\/product_tag?post=589"}],"curies":[{"name":"wp","href":"https:\/\/api.w.org\/{rel}","templated":true}]}}