{"id":598,"date":"2025-05-27T14:56:02","date_gmt":"2025-05-27T14:56:02","guid":{"rendered":"https:\/\/lucky-grape.com\/?post_type=product&#038;p=598"},"modified":"2025-11-05T14:43:34","modified_gmt":"2025-11-05T14:43:34","slug":"2022-penho-wines-nomos-vinho-verde","status":"publish","type":"product","link":"https:\/\/lucky-grape.com\/en\/product\/2022-penho-wines-nomos-vinho-verde\/","title":{"rendered":"2022 Nomos Blend"},"content":{"rendered":"<pre><strong data-start=\"182\" data-end=\"226\">YELLOW PLUM \ud83c\udf51 | TOASTED LEMON PEEL \ud83c\udf4b | WAXED OAK \ud83e\udeb5<\/strong><\/pre>\n<p data-start=\"0\" data-end=\"250\">Structured yet vibrant, NOMOS is a white wine that combines aromatic freshness with quiet power. Made from a blend of white grape varieties and aged for 6 to 12 months in French oak barrels, it combines freshness and weight.<\/p>\n<p data-start=\"252\" data-end=\"558\">In the glass, it appears pale gold and opens with aromas of orchard fruits, citrus zest, and a subtle hint of vanilla spice from the barrel. On the palate, it is full-bodied but fresh, with ripe acidity cutting through the roundness. The oak is present but elegant\u2014more structure than toast.<\/p>\n<p data-start=\"560\" data-end=\"764\">With 12.5% \u200b\u200balcohol, NOMOS skillfully balances richness with restraint. Clear, harmonious, and perfect with food: roasted poultry, creamy shellfish, or dishes with smoke and salt.<\/p>\n<p data-start=\"766\" data-end=\"859\" data-is-last-node=\"\" data-is-only-node=\"\">Barrel-aged. Powerful yet balanced. Made to linger, not scream.<\/p>\n<hr data-start=\"1460\" data-end=\"1463\" \/>","protected":false},"excerpt":{"rendered":"<pre>PORTUGAL | VINHO VERDE | WHITE | DRY | 12,5%<\/pre>\n<p>&nbsp;<\/p>","protected":false},"featured_media":599,"comment_status":"open","ping_status":"closed","template":"","meta":[],"product_brand":[73],"product_cat":[35,25],"product_tag":[30,67,75,68,50,74,37],"class_list":{"0":"post-598","1":"product","2":"type-product","3":"status-publish","4":"has-post-thumbnail","6":"product_brand-penho-wines","7":"product_cat-portuguese-wine","8":"product_cat-white","9":"product_tag-dry","10":"product_tag-natural-wine","11":"product_tag-naturwein","12":"product_tag-portuguese-wine","13":"product_tag-vinho-verde","14":"product_tag-wein","15":"product_tag-white","17":"first","18":"instock","19":"shipping-taxable","20":"purchasable","21":"product-type-simple"},"yoast_head":"<!-- This site is optimized with the Yoast SEO plugin v27.4 - https:\/\/yoast.com\/product\/yoast-seo-wordpress\/ -->\n<title>2022 Nomos Blend - LUCKY GRAPE<\/title>\n<meta name=\"description\" content=\"NOMOS ist eine im Fass gereifte wei\u00dfe Besonderheit: Eine Cuv\u00e9e aus wei\u00dfen Trauben, 6\u201312 Monate in franz\u00f6sischer Eiche vergoren und gereift \u2013 aromatisch, vollmundig, zitrusfrisch mit lebendiger S\u00e4ure und einem samtigen, holzigen Abgang.\" \/>\n<meta name=\"robots\" content=\"index, follow, max-snippet:-1, max-image-preview:large, max-video-preview:-1\" \/>\n<link rel=\"canonical\" href=\"https:\/\/lucky-grape.com\/en\/product\/2022-penho-wines-nomos-vinho-verde\/\" \/>\n<meta property=\"og:locale\" content=\"en_GB\" \/>\n<meta property=\"og:type\" content=\"article\" \/>\n<meta property=\"og:title\" content=\"2022 Nomos Blend - LUCKY GRAPE\" \/>\n<meta property=\"og:description\" content=\"NOMOS ist eine im Fass gereifte wei\u00dfe Besonderheit: Eine Cuv\u00e9e aus wei\u00dfen Trauben, 6\u201312 Monate in franz\u00f6sischer Eiche vergoren und gereift \u2013 aromatisch, vollmundig, zitrusfrisch mit lebendiger S\u00e4ure und einem samtigen, holzigen Abgang.\" \/>\n<meta property=\"og:url\" content=\"https:\/\/lucky-grape.com\/en\/product\/2022-penho-wines-nomos-vinho-verde\/\" \/>\n<meta property=\"og:site_name\" content=\"LUCKY GRAPE\" \/>\n<meta property=\"article:modified_time\" content=\"2025-11-05T14:43:34+00:00\" \/>\n<meta property=\"og:image\" content=\"https:\/\/lucky-grape.com\/wp-content\/uploads\/2025\/05\/2-2.png\" \/>\n\t<meta property=\"og:image:width\" content=\"810\" \/>\n\t<meta property=\"og:image:height\" content=\"1013\" \/>\n\t<meta property=\"og:image:type\" content=\"image\/png\" \/>\n<meta name=\"twitter:card\" content=\"summary_large_image\" \/>\n<meta name=\"twitter:label1\" content=\"Estimated reading time\" \/>\n\t<meta name=\"twitter:data1\" content=\"1 minute\" \/>\n<script type=\"application\/ld+json\" class=\"yoast-schema-graph\">{\"@context\":\"https:\\\/\\\/schema.org\",\"@graph\":[{\"@type\":\"WebPage\",\"@id\":\"https:\\\/\\\/lucky-grape.com\\\/product\\\/2022-penho-wines-nomos-vinho-verde\\\/\",\"url\":\"https:\\\/\\\/lucky-grape.com\\\/product\\\/2022-penho-wines-nomos-vinho-verde\\\/\",\"name\":\"2022 Nomos Blend - LUCKY GRAPE\",\"isPartOf\":{\"@id\":\"https:\\\/\\\/lucky-grape.com\\\/#website\"},\"primaryImageOfPage\":{\"@id\":\"https:\\\/\\\/lucky-grape.com\\\/product\\\/2022-penho-wines-nomos-vinho-verde\\\/#primaryimage\"},\"image\":{\"@id\":\"https:\\\/\\\/lucky-grape.com\\\/product\\\/2022-penho-wines-nomos-vinho-verde\\\/#primaryimage\"},\"thumbnailUrl\":\"https:\\\/\\\/lucky-grape.com\\\/wp-content\\\/uploads\\\/2025\\\/05\\\/2-2.png\",\"datePublished\":\"2025-05-27T14:56:02+00:00\",\"dateModified\":\"2025-11-05T14:43:34+00:00\",\"description\":\"NOMOS ist eine im Fass gereifte wei\u00dfe Besonderheit: Eine Cuv\u00e9e aus wei\u00dfen Trauben, 6\u201312 Monate in franz\u00f6sischer Eiche vergoren und gereift \u2013 aromatisch, vollmundig, zitrusfrisch mit lebendiger S\u00e4ure und einem samtigen, holzigen Abgang.\",\"breadcrumb\":{\"@id\":\"https:\\\/\\\/lucky-grape.com\\\/product\\\/2022-penho-wines-nomos-vinho-verde\\\/#breadcrumb\"},\"inLanguage\":\"en-GB\",\"potentialAction\":[{\"@type\":\"ReadAction\",\"target\":[\"https:\\\/\\\/lucky-grape.com\\\/product\\\/2022-penho-wines-nomos-vinho-verde\\\/\"]}]},{\"@type\":\"ImageObject\",\"inLanguage\":\"en-GB\",\"@id\":\"https:\\\/\\\/lucky-grape.com\\\/product\\\/2022-penho-wines-nomos-vinho-verde\\\/#primaryimage\",\"url\":\"https:\\\/\\\/lucky-grape.com\\\/wp-content\\\/uploads\\\/2025\\\/05\\\/2-2.png\",\"contentUrl\":\"https:\\\/\\\/lucky-grape.com\\\/wp-content\\\/uploads\\\/2025\\\/05\\\/2-2.png\",\"width\":810,\"height\":1013},{\"@type\":\"BreadcrumbList\",\"@id\":\"https:\\\/\\\/lucky-grape.com\\\/product\\\/2022-penho-wines-nomos-vinho-verde\\\/#breadcrumb\",\"itemListElement\":[{\"@type\":\"ListItem\",\"position\":1,\"name\":\"Home\",\"item\":\"https:\\\/\\\/lucky-grape.com\\\/\"},{\"@type\":\"ListItem\",\"position\":2,\"name\":\"WINE SHOP\",\"item\":\"https:\\\/\\\/lucky-grape.com\\\/home\\\/wine-shop\\\/\"},{\"@type\":\"ListItem\",\"position\":3,\"name\":\"2022 Nomos Blend\"}]},{\"@type\":\"WebSite\",\"@id\":\"https:\\\/\\\/lucky-grape.com\\\/#website\",\"url\":\"https:\\\/\\\/lucky-grape.com\\\/\",\"name\":\"LUCKY GRAPE\",\"description\":\"Natural wine - Low intervention - Small producers\",\"publisher\":{\"@id\":\"https:\\\/\\\/lucky-grape.com\\\/#organization\"},\"potentialAction\":[{\"@type\":\"SearchAction\",\"target\":{\"@type\":\"EntryPoint\",\"urlTemplate\":\"https:\\\/\\\/lucky-grape.com\\\/?s={search_term_string}\"},\"query-input\":{\"@type\":\"PropertyValueSpecification\",\"valueRequired\":true,\"valueName\":\"search_term_string\"}}],\"inLanguage\":\"en-GB\"},{\"@type\":\"Organization\",\"@id\":\"https:\\\/\\\/lucky-grape.com\\\/#organization\",\"name\":\"LUCKY GRAPE\",\"url\":\"https:\\\/\\\/lucky-grape.com\\\/\",\"logo\":{\"@type\":\"ImageObject\",\"inLanguage\":\"en-GB\",\"@id\":\"https:\\\/\\\/lucky-grape.com\\\/#\\\/schema\\\/logo\\\/image\\\/\",\"url\":\"https:\\\/\\\/lucky-grape.com\\\/wp-content\\\/uploads\\\/2024\\\/08\\\/LOGO-WHITE.png\",\"contentUrl\":\"https:\\\/\\\/lucky-grape.com\\\/wp-content\\\/uploads\\\/2024\\\/08\\\/LOGO-WHITE.png\",\"width\":1000,\"height\":1000,\"caption\":\"LUCKY GRAPE\"},\"image\":{\"@id\":\"https:\\\/\\\/lucky-grape.com\\\/#\\\/schema\\\/logo\\\/image\\\/\"}}]}<\/script>\n<!-- \/ Yoast SEO plugin. -->","yoast_head_json":{"title":"2022 Nomos Blend - LUCKY GRAPE","description":"NOMOS ist eine im Fass gereifte wei\u00dfe Besonderheit: Eine Cuv\u00e9e aus wei\u00dfen Trauben, 6\u201312 Monate in franz\u00f6sischer Eiche vergoren und gereift \u2013 aromatisch, vollmundig, zitrusfrisch mit lebendiger S\u00e4ure und einem samtigen, holzigen Abgang.","robots":{"index":"index","follow":"follow","max-snippet":"max-snippet:-1","max-image-preview":"max-image-preview:large","max-video-preview":"max-video-preview:-1"},"canonical":"https:\/\/lucky-grape.com\/en\/product\/2022-penho-wines-nomos-vinho-verde\/","og_locale":"en_GB","og_type":"article","og_title":"2022 Nomos Blend - LUCKY GRAPE","og_description":"NOMOS ist eine im Fass gereifte wei\u00dfe Besonderheit: Eine Cuv\u00e9e aus wei\u00dfen Trauben, 6\u201312 Monate in franz\u00f6sischer Eiche vergoren und gereift \u2013 aromatisch, vollmundig, zitrusfrisch mit lebendiger S\u00e4ure und einem samtigen, holzigen Abgang.","og_url":"https:\/\/lucky-grape.com\/en\/product\/2022-penho-wines-nomos-vinho-verde\/","og_site_name":"LUCKY GRAPE","article_modified_time":"2025-11-05T14:43:34+00:00","og_image":[{"width":810,"height":1013,"url":"https:\/\/lucky-grape.com\/wp-content\/uploads\/2025\/05\/2-2.png","type":"image\/png"}],"twitter_card":"summary_large_image","twitter_misc":{"Estimated reading time":"1 minute"},"schema":{"@context":"https:\/\/schema.org","@graph":[{"@type":"WebPage","@id":"https:\/\/lucky-grape.com\/product\/2022-penho-wines-nomos-vinho-verde\/","url":"https:\/\/lucky-grape.com\/product\/2022-penho-wines-nomos-vinho-verde\/","name":"2022 Nomos Blend - LUCKY GRAPE","isPartOf":{"@id":"https:\/\/lucky-grape.com\/#website"},"primaryImageOfPage":{"@id":"https:\/\/lucky-grape.com\/product\/2022-penho-wines-nomos-vinho-verde\/#primaryimage"},"image":{"@id":"https:\/\/lucky-grape.com\/product\/2022-penho-wines-nomos-vinho-verde\/#primaryimage"},"thumbnailUrl":"https:\/\/lucky-grape.com\/wp-content\/uploads\/2025\/05\/2-2.png","datePublished":"2025-05-27T14:56:02+00:00","dateModified":"2025-11-05T14:43:34+00:00","description":"NOMOS ist eine im Fass gereifte wei\u00dfe Besonderheit: Eine Cuv\u00e9e aus wei\u00dfen Trauben, 6\u201312 Monate in franz\u00f6sischer Eiche vergoren und gereift \u2013 aromatisch, vollmundig, zitrusfrisch mit lebendiger S\u00e4ure und einem samtigen, holzigen Abgang.","breadcrumb":{"@id":"https:\/\/lucky-grape.com\/product\/2022-penho-wines-nomos-vinho-verde\/#breadcrumb"},"inLanguage":"en-GB","potentialAction":[{"@type":"ReadAction","target":["https:\/\/lucky-grape.com\/product\/2022-penho-wines-nomos-vinho-verde\/"]}]},{"@type":"ImageObject","inLanguage":"en-GB","@id":"https:\/\/lucky-grape.com\/product\/2022-penho-wines-nomos-vinho-verde\/#primaryimage","url":"https:\/\/lucky-grape.com\/wp-content\/uploads\/2025\/05\/2-2.png","contentUrl":"https:\/\/lucky-grape.com\/wp-content\/uploads\/2025\/05\/2-2.png","width":810,"height":1013},{"@type":"BreadcrumbList","@id":"https:\/\/lucky-grape.com\/product\/2022-penho-wines-nomos-vinho-verde\/#breadcrumb","itemListElement":[{"@type":"ListItem","position":1,"name":"Home","item":"https:\/\/lucky-grape.com\/"},{"@type":"ListItem","position":2,"name":"WINE SHOP","item":"https:\/\/lucky-grape.com\/home\/wine-shop\/"},{"@type":"ListItem","position":3,"name":"2022 Nomos Blend"}]},{"@type":"WebSite","@id":"https:\/\/lucky-grape.com\/#website","url":"https:\/\/lucky-grape.com\/","name":"LUCKY GRAPE","description":"Natural wine - Low intervention - Small producers","publisher":{"@id":"https:\/\/lucky-grape.com\/#organization"},"potentialAction":[{"@type":"SearchAction","target":{"@type":"EntryPoint","urlTemplate":"https:\/\/lucky-grape.com\/?s={search_term_string}"},"query-input":{"@type":"PropertyValueSpecification","valueRequired":true,"valueName":"search_term_string"}}],"inLanguage":"en-GB"},{"@type":"Organization","@id":"https:\/\/lucky-grape.com\/#organization","name":"LUCKY GRAPE","url":"https:\/\/lucky-grape.com\/","logo":{"@type":"ImageObject","inLanguage":"en-GB","@id":"https:\/\/lucky-grape.com\/#\/schema\/logo\/image\/","url":"https:\/\/lucky-grape.com\/wp-content\/uploads\/2024\/08\/LOGO-WHITE.png","contentUrl":"https:\/\/lucky-grape.com\/wp-content\/uploads\/2024\/08\/LOGO-WHITE.png","width":1000,"height":1000,"caption":"LUCKY GRAPE"},"image":{"@id":"https:\/\/lucky-grape.com\/#\/schema\/logo\/image\/"}}]}},"_links":{"self":[{"href":"https:\/\/lucky-grape.com\/en\/wp-json\/wp\/v2\/product\/598","targetHints":{"allow":["GET"]}}],"collection":[{"href":"https:\/\/lucky-grape.com\/en\/wp-json\/wp\/v2\/product"}],"about":[{"href":"https:\/\/lucky-grape.com\/en\/wp-json\/wp\/v2\/types\/product"}],"replies":[{"embeddable":true,"href":"https:\/\/lucky-grape.com\/en\/wp-json\/wp\/v2\/comments?post=598"}],"wp:featuredmedia":[{"embeddable":true,"href":"https:\/\/lucky-grape.com\/en\/wp-json\/wp\/v2\/media\/599"}],"wp:attachment":[{"href":"https:\/\/lucky-grape.com\/en\/wp-json\/wp\/v2\/media?parent=598"}],"wp:term":[{"taxonomy":"product_brand","embeddable":true,"href":"https:\/\/lucky-grape.com\/en\/wp-json\/wp\/v2\/product_brand?post=598"},{"taxonomy":"product_cat","embeddable":true,"href":"https:\/\/lucky-grape.com\/en\/wp-json\/wp\/v2\/product_cat?post=598"},{"taxonomy":"product_tag","embeddable":true,"href":"https:\/\/lucky-grape.com\/en\/wp-json\/wp\/v2\/product_tag?post=598"}],"curies":[{"name":"wp","href":"https:\/\/api.w.org\/{rel}","templated":true}]}}