{"id":709,"date":"2025-09-09T12:46:42","date_gmt":"2025-09-09T12:46:42","guid":{"rendered":"https:\/\/lucky-grape.com\/?post_type=product&#038;p=709"},"modified":"2025-11-05T14:44:31","modified_gmt":"2025-11-05T14:44:31","slug":"2023-meninaduva-white","status":"publish","type":"product","link":"https:\/\/lucky-grape.com\/en\/product\/2023-meninaduva-white\/","title":{"rendered":"2023 Menina D&#8217;Uva White"},"content":{"rendered":"<p data-start=\"231\" data-end=\"584\"><strong data-start=\"231\" data-end=\"287\">WHITE PEAR \ud83c\udf50 | DRIED HERBS \ud83c\udf3f | SALTY MINERALITY \ud83e\udea8<\/strong><\/p>\n<p data-start=\"231\" data-end=\"584\"><br data-start=\"287\" data-end=\"290\" \/>Restrained yet full of character, L\u00edquen is a white wine that combines aromatic delicacy with a powerful texture. Led by Malvasia and complemented by 30% native grape varieties such as Bastardo Branco, Formosa, and Poilta, it displays a nuanced profile beyond the expected opulence.<\/p>\n<p data-start=\"586\" data-end=\"1032\">In the glass, it presents itself bright and clear with aromas of white fruits such as pear, apple, and cherimoya, accompanied by dried herbs, bread dough, and a hint of dried pasta. The nose evokes highland meadows, dry flora, and cool rocky landscapes under a vast sky. On the palate, it is full-bodied and structured without being heavy\u2014with a salty minerality that carries from the first sip through the long finish.<\/p>\n<p data-start=\"1034\" data-end=\"1202\">With 12.5% \u200b\u200balcohol, L\u00edquen is balanced and lively. Ideal with dishes with a deep umami flavor\u2014such as fried fish, aged cheese, or dishes with herbs and salt.<\/p>\n<p data-start=\"1204\" data-end=\"1283\">Unfiltered. Clear, yet complex. Made to linger, not dominate.<\/p>\n<hr data-start=\"1460\" data-end=\"1463\" \/>","protected":false},"excerpt":{"rendered":"<pre>PORTUGAL | TR\u00c1S-OS-MONTES | WHITE | DRY | 13%<\/pre>\n<p>&nbsp;<\/p>","protected":false},"featured_media":711,"comment_status":"open","ping_status":"closed","template":"","meta":[],"product_brand":[81],"product_cat":[35,25],"product_tag":[30,67,75,68,82,74,37],"class_list":{"0":"post-709","1":"product","2":"type-product","3":"status-publish","4":"has-post-thumbnail","6":"product_brand-menina-duva","7":"product_cat-portuguese-wine","8":"product_cat-white","9":"product_tag-dry","10":"product_tag-natural-wine","11":"product_tag-naturwein","12":"product_tag-portuguese-wine","13":"product_tag-tras-os-montes","14":"product_tag-wein","15":"product_tag-white","17":"first","18":"instock","19":"shipping-taxable","20":"purchasable","21":"product-type-simple"},"yoast_head":"<!-- This site is optimized with the Yoast SEO plugin v27.5 - https:\/\/yoast.com\/product\/yoast-seo-wordpress\/ -->\n<title>2023 Menina D&#039;Uva White - LUCKY GRAPE<\/title>\n<meta name=\"description\" content=\"L\u00edquen ist ein subtiler, unfiltrierter Wei\u00dfwein mit Malvasia im Fokus: aromatisch zur\u00fcckhaltend, kr\u00e4uterw\u00fcrzig und salzig, mit Noten von wei\u00dfen Fr\u00fcchten und getrockneter Flora \u2013 frisch, strukturiert und mineralisch mit langem, vibrierendem Abgang.\" \/>\n<meta name=\"robots\" content=\"index, follow, max-snippet:-1, max-image-preview:large, max-video-preview:-1\" \/>\n<link rel=\"canonical\" href=\"https:\/\/lucky-grape.com\/en\/product\/2023-meninaduva-white\/\" \/>\n<meta property=\"og:locale\" content=\"en_GB\" \/>\n<meta property=\"og:type\" content=\"article\" \/>\n<meta property=\"og:title\" content=\"2023 Menina D&#039;Uva White - LUCKY GRAPE\" \/>\n<meta property=\"og:description\" content=\"L\u00edquen ist ein subtiler, unfiltrierter Wei\u00dfwein mit Malvasia im Fokus: aromatisch zur\u00fcckhaltend, kr\u00e4uterw\u00fcrzig und salzig, mit Noten von wei\u00dfen Fr\u00fcchten und getrockneter Flora \u2013 frisch, strukturiert und mineralisch mit langem, vibrierendem Abgang.\" \/>\n<meta property=\"og:url\" content=\"https:\/\/lucky-grape.com\/en\/product\/2023-meninaduva-white\/\" \/>\n<meta property=\"og:site_name\" content=\"LUCKY GRAPE\" \/>\n<meta property=\"article:modified_time\" content=\"2025-11-05T14:44:31+00:00\" \/>\n<meta property=\"og:image\" content=\"https:\/\/lucky-grape.com\/wp-content\/uploads\/2025\/09\/Wine-Collection-Online.png\" \/>\n\t<meta property=\"og:image:width\" content=\"1080\" \/>\n\t<meta property=\"og:image:height\" content=\"1350\" \/>\n\t<meta property=\"og:image:type\" content=\"image\/png\" \/>\n<meta name=\"twitter:card\" content=\"summary_large_image\" \/>\n<meta name=\"twitter:label1\" content=\"Estimated reading time\" \/>\n\t<meta name=\"twitter:data1\" content=\"1 minute\" \/>\n<script type=\"application\/ld+json\" class=\"yoast-schema-graph\">{\"@context\":\"https:\\\/\\\/schema.org\",\"@graph\":[{\"@type\":\"WebPage\",\"@id\":\"https:\\\/\\\/lucky-grape.com\\\/product\\\/2023-meninaduva-white\\\/\",\"url\":\"https:\\\/\\\/lucky-grape.com\\\/product\\\/2023-meninaduva-white\\\/\",\"name\":\"2023 Menina D'Uva White - LUCKY GRAPE\",\"isPartOf\":{\"@id\":\"https:\\\/\\\/lucky-grape.com\\\/#website\"},\"primaryImageOfPage\":{\"@id\":\"https:\\\/\\\/lucky-grape.com\\\/product\\\/2023-meninaduva-white\\\/#primaryimage\"},\"image\":{\"@id\":\"https:\\\/\\\/lucky-grape.com\\\/product\\\/2023-meninaduva-white\\\/#primaryimage\"},\"thumbnailUrl\":\"https:\\\/\\\/lucky-grape.com\\\/wp-content\\\/uploads\\\/2025\\\/09\\\/Wine-Collection-Online.png\",\"datePublished\":\"2025-09-09T12:46:42+00:00\",\"dateModified\":\"2025-11-05T14:44:31+00:00\",\"description\":\"L\u00edquen ist ein subtiler, unfiltrierter Wei\u00dfwein mit Malvasia im Fokus: aromatisch zur\u00fcckhaltend, kr\u00e4uterw\u00fcrzig und salzig, mit Noten von wei\u00dfen Fr\u00fcchten und getrockneter Flora \u2013 frisch, strukturiert und mineralisch mit langem, vibrierendem Abgang.\",\"breadcrumb\":{\"@id\":\"https:\\\/\\\/lucky-grape.com\\\/product\\\/2023-meninaduva-white\\\/#breadcrumb\"},\"inLanguage\":\"en-GB\",\"potentialAction\":[{\"@type\":\"ReadAction\",\"target\":[\"https:\\\/\\\/lucky-grape.com\\\/product\\\/2023-meninaduva-white\\\/\"]}]},{\"@type\":\"ImageObject\",\"inLanguage\":\"en-GB\",\"@id\":\"https:\\\/\\\/lucky-grape.com\\\/product\\\/2023-meninaduva-white\\\/#primaryimage\",\"url\":\"https:\\\/\\\/lucky-grape.com\\\/wp-content\\\/uploads\\\/2025\\\/09\\\/Wine-Collection-Online.png\",\"contentUrl\":\"https:\\\/\\\/lucky-grape.com\\\/wp-content\\\/uploads\\\/2025\\\/09\\\/Wine-Collection-Online.png\",\"width\":1080,\"height\":1350},{\"@type\":\"BreadcrumbList\",\"@id\":\"https:\\\/\\\/lucky-grape.com\\\/product\\\/2023-meninaduva-white\\\/#breadcrumb\",\"itemListElement\":[{\"@type\":\"ListItem\",\"position\":1,\"name\":\"Home\",\"item\":\"https:\\\/\\\/lucky-grape.com\\\/\"},{\"@type\":\"ListItem\",\"position\":2,\"name\":\"WINE SHOP\",\"item\":\"https:\\\/\\\/lucky-grape.com\\\/home\\\/wine-shop\\\/\"},{\"@type\":\"ListItem\",\"position\":3,\"name\":\"2023 Menina D&#8217;Uva White\"}]},{\"@type\":\"WebSite\",\"@id\":\"https:\\\/\\\/lucky-grape.com\\\/#website\",\"url\":\"https:\\\/\\\/lucky-grape.com\\\/\",\"name\":\"LUCKY GRAPE\",\"description\":\"Natural wine - Low intervention - Small producers\",\"publisher\":{\"@id\":\"https:\\\/\\\/lucky-grape.com\\\/#organization\"},\"potentialAction\":[{\"@type\":\"SearchAction\",\"target\":{\"@type\":\"EntryPoint\",\"urlTemplate\":\"https:\\\/\\\/lucky-grape.com\\\/?s={search_term_string}\"},\"query-input\":{\"@type\":\"PropertyValueSpecification\",\"valueRequired\":true,\"valueName\":\"search_term_string\"}}],\"inLanguage\":\"en-GB\"},{\"@type\":\"Organization\",\"@id\":\"https:\\\/\\\/lucky-grape.com\\\/#organization\",\"name\":\"LUCKY GRAPE\",\"url\":\"https:\\\/\\\/lucky-grape.com\\\/\",\"logo\":{\"@type\":\"ImageObject\",\"inLanguage\":\"en-GB\",\"@id\":\"https:\\\/\\\/lucky-grape.com\\\/#\\\/schema\\\/logo\\\/image\\\/\",\"url\":\"https:\\\/\\\/lucky-grape.com\\\/wp-content\\\/uploads\\\/2024\\\/08\\\/LOGO-WHITE.png\",\"contentUrl\":\"https:\\\/\\\/lucky-grape.com\\\/wp-content\\\/uploads\\\/2024\\\/08\\\/LOGO-WHITE.png\",\"width\":1000,\"height\":1000,\"caption\":\"LUCKY GRAPE\"},\"image\":{\"@id\":\"https:\\\/\\\/lucky-grape.com\\\/#\\\/schema\\\/logo\\\/image\\\/\"}}]}<\/script>\n<!-- \/ Yoast SEO plugin. -->","yoast_head_json":{"title":"2023 Menina D'Uva White - LUCKY GRAPE","description":"L\u00edquen ist ein subtiler, unfiltrierter Wei\u00dfwein mit Malvasia im Fokus: aromatisch zur\u00fcckhaltend, kr\u00e4uterw\u00fcrzig und salzig, mit Noten von wei\u00dfen Fr\u00fcchten und getrockneter Flora \u2013 frisch, strukturiert und mineralisch mit langem, vibrierendem Abgang.","robots":{"index":"index","follow":"follow","max-snippet":"max-snippet:-1","max-image-preview":"max-image-preview:large","max-video-preview":"max-video-preview:-1"},"canonical":"https:\/\/lucky-grape.com\/en\/product\/2023-meninaduva-white\/","og_locale":"en_GB","og_type":"article","og_title":"2023 Menina D'Uva White - LUCKY GRAPE","og_description":"L\u00edquen ist ein subtiler, unfiltrierter Wei\u00dfwein mit Malvasia im Fokus: aromatisch zur\u00fcckhaltend, kr\u00e4uterw\u00fcrzig und salzig, mit Noten von wei\u00dfen Fr\u00fcchten und getrockneter Flora \u2013 frisch, strukturiert und mineralisch mit langem, vibrierendem Abgang.","og_url":"https:\/\/lucky-grape.com\/en\/product\/2023-meninaduva-white\/","og_site_name":"LUCKY GRAPE","article_modified_time":"2025-11-05T14:44:31+00:00","og_image":[{"width":1080,"height":1350,"url":"https:\/\/lucky-grape.com\/wp-content\/uploads\/2025\/09\/Wine-Collection-Online.png","type":"image\/png"}],"twitter_card":"summary_large_image","twitter_misc":{"Estimated reading time":"1 minute"},"schema":{"@context":"https:\/\/schema.org","@graph":[{"@type":"WebPage","@id":"https:\/\/lucky-grape.com\/product\/2023-meninaduva-white\/","url":"https:\/\/lucky-grape.com\/product\/2023-meninaduva-white\/","name":"2023 Menina D'Uva White - LUCKY GRAPE","isPartOf":{"@id":"https:\/\/lucky-grape.com\/#website"},"primaryImageOfPage":{"@id":"https:\/\/lucky-grape.com\/product\/2023-meninaduva-white\/#primaryimage"},"image":{"@id":"https:\/\/lucky-grape.com\/product\/2023-meninaduva-white\/#primaryimage"},"thumbnailUrl":"https:\/\/lucky-grape.com\/wp-content\/uploads\/2025\/09\/Wine-Collection-Online.png","datePublished":"2025-09-09T12:46:42+00:00","dateModified":"2025-11-05T14:44:31+00:00","description":"L\u00edquen ist ein subtiler, unfiltrierter Wei\u00dfwein mit Malvasia im Fokus: aromatisch zur\u00fcckhaltend, kr\u00e4uterw\u00fcrzig und salzig, mit Noten von wei\u00dfen Fr\u00fcchten und getrockneter Flora \u2013 frisch, strukturiert und mineralisch mit langem, vibrierendem Abgang.","breadcrumb":{"@id":"https:\/\/lucky-grape.com\/product\/2023-meninaduva-white\/#breadcrumb"},"inLanguage":"en-GB","potentialAction":[{"@type":"ReadAction","target":["https:\/\/lucky-grape.com\/product\/2023-meninaduva-white\/"]}]},{"@type":"ImageObject","inLanguage":"en-GB","@id":"https:\/\/lucky-grape.com\/product\/2023-meninaduva-white\/#primaryimage","url":"https:\/\/lucky-grape.com\/wp-content\/uploads\/2025\/09\/Wine-Collection-Online.png","contentUrl":"https:\/\/lucky-grape.com\/wp-content\/uploads\/2025\/09\/Wine-Collection-Online.png","width":1080,"height":1350},{"@type":"BreadcrumbList","@id":"https:\/\/lucky-grape.com\/product\/2023-meninaduva-white\/#breadcrumb","itemListElement":[{"@type":"ListItem","position":1,"name":"Home","item":"https:\/\/lucky-grape.com\/"},{"@type":"ListItem","position":2,"name":"WINE SHOP","item":"https:\/\/lucky-grape.com\/home\/wine-shop\/"},{"@type":"ListItem","position":3,"name":"2023 Menina D&#8217;Uva White"}]},{"@type":"WebSite","@id":"https:\/\/lucky-grape.com\/#website","url":"https:\/\/lucky-grape.com\/","name":"LUCKY GRAPE","description":"Natural wine - Low intervention - Small producers","publisher":{"@id":"https:\/\/lucky-grape.com\/#organization"},"potentialAction":[{"@type":"SearchAction","target":{"@type":"EntryPoint","urlTemplate":"https:\/\/lucky-grape.com\/?s={search_term_string}"},"query-input":{"@type":"PropertyValueSpecification","valueRequired":true,"valueName":"search_term_string"}}],"inLanguage":"en-GB"},{"@type":"Organization","@id":"https:\/\/lucky-grape.com\/#organization","name":"LUCKY GRAPE","url":"https:\/\/lucky-grape.com\/","logo":{"@type":"ImageObject","inLanguage":"en-GB","@id":"https:\/\/lucky-grape.com\/#\/schema\/logo\/image\/","url":"https:\/\/lucky-grape.com\/wp-content\/uploads\/2024\/08\/LOGO-WHITE.png","contentUrl":"https:\/\/lucky-grape.com\/wp-content\/uploads\/2024\/08\/LOGO-WHITE.png","width":1000,"height":1000,"caption":"LUCKY GRAPE"},"image":{"@id":"https:\/\/lucky-grape.com\/#\/schema\/logo\/image\/"}}]}},"_links":{"self":[{"href":"https:\/\/lucky-grape.com\/en\/wp-json\/wp\/v2\/product\/709","targetHints":{"allow":["GET"]}}],"collection":[{"href":"https:\/\/lucky-grape.com\/en\/wp-json\/wp\/v2\/product"}],"about":[{"href":"https:\/\/lucky-grape.com\/en\/wp-json\/wp\/v2\/types\/product"}],"replies":[{"embeddable":true,"href":"https:\/\/lucky-grape.com\/en\/wp-json\/wp\/v2\/comments?post=709"}],"wp:featuredmedia":[{"embeddable":true,"href":"https:\/\/lucky-grape.com\/en\/wp-json\/wp\/v2\/media\/711"}],"wp:attachment":[{"href":"https:\/\/lucky-grape.com\/en\/wp-json\/wp\/v2\/media?parent=709"}],"wp:term":[{"taxonomy":"product_brand","embeddable":true,"href":"https:\/\/lucky-grape.com\/en\/wp-json\/wp\/v2\/product_brand?post=709"},{"taxonomy":"product_cat","embeddable":true,"href":"https:\/\/lucky-grape.com\/en\/wp-json\/wp\/v2\/product_cat?post=709"},{"taxonomy":"product_tag","embeddable":true,"href":"https:\/\/lucky-grape.com\/en\/wp-json\/wp\/v2\/product_tag?post=709"}],"curies":[{"name":"wp","href":"https:\/\/api.w.org\/{rel}","templated":true}]}}