{"id":714,"date":"2025-09-09T14:35:18","date_gmt":"2025-09-09T14:35:18","guid":{"rendered":"https:\/\/lucky-grape.com\/?post_type=product&#038;p=714"},"modified":"2025-11-05T14:46:35","modified_gmt":"2025-11-05T14:46:35","slug":"2023-menina-duva-red-copy","status":"publish","type":"product","link":"https:\/\/lucky-grape.com\/en\/product\/2023-menina-duva-red-copy\/","title":{"rendered":"2023 Menina D&#8217;Uva Red"},"content":{"rendered":"<p data-start=\"174\" data-end=\"232\"><strong data-start=\"174\" data-end=\"230\">WILD BERRIES \ud83c\udf53 | DRIED FLOWERS \ud83c\udf38 | GRANITE DUST \ud83e\udea8<\/strong><\/p>\n<p data-start=\"236\" data-end=\"574\">Pristine and complex, this red wine comes from a single, half-hectare vineyard with centuries-old vines planted on granite soils. A co-fermentation of 50% red and 50% white grapes, including Tinta Gorda, Malvasia, Bastardo Preta &amp; Branco, Verdelho, Russo, and many more\u2014over 15 native varieties in total.<\/p>\n<p data-start=\"576\" data-end=\"932\">In the glass, it presents a bright red with vibrant freshness and aromas of wild berries, dried flowers, and a fine, stony minerality. The nose evokes dry soils, granite dust, and the cool clarity of remote highlands. On the palate, it displays structure and energy\u2014carried by bright fruit, floral spice, and a hint of tart freshness.<\/p>\n<p data-start=\"934\" data-end=\"1134\">With a moderate alcohol content, it remains light-hearted but serious. It pairs perfectly with grilled meat, root vegetables, or mature cheese\u2014or simply on its own when a wine needs to convey more than just fruit.<\/p>\n<p data-start=\"1136\" data-end=\"1227\">Fermented in cement. Authentic, not contrived. Made to ground, not dazzle.<\/p>\n<hr data-start=\"1460\" data-end=\"1463\" \/>","protected":false},"excerpt":{"rendered":"<pre>PORTUGAL | TR\u00c1S-OS-MONTES | RED | DRY | 13,5%<\/pre>\n<p>&nbsp;<\/p>","protected":false},"featured_media":715,"comment_status":"open","ping_status":"closed","template":"","meta":[],"product_brand":[81],"product_cat":[35,24],"product_tag":[30,67,75,68,45,82,74],"class_list":{"0":"post-714","1":"product","2":"type-product","3":"status-publish","4":"has-post-thumbnail","6":"product_brand-menina-duva","7":"product_cat-portuguese-wine","8":"product_cat-red-2","9":"product_tag-dry","10":"product_tag-natural-wine","11":"product_tag-naturwein","12":"product_tag-portuguese-wine","13":"product_tag-red","14":"product_tag-tras-os-montes","15":"product_tag-wein","17":"first","18":"instock","19":"shipping-taxable","20":"purchasable","21":"product-type-simple"},"yoast_head":"<!-- This site is optimized with the Yoast SEO plugin v27.4 - https:\/\/yoast.com\/product\/yoast-seo-wordpress\/ -->\n<title>2023 Menina D&#039;Uva Red - LUCKY GRAPE<\/title>\n<meta name=\"description\" content=\"Ein leichter, doch vielschichtiger Rotwein aus 50\u202f% roten und 50\u202f% wei\u00dfen Trauben: floral, kr\u00e4uterw\u00fcrzig und mineralisch, mit Noten von roten Beeren, Bl\u00fcten und Stein \u2013 saftig, strukturiert und klar mit k\u00fchler Tiefe und elegantem Trinkfluss.\" \/>\n<meta name=\"robots\" content=\"index, follow, max-snippet:-1, max-image-preview:large, max-video-preview:-1\" \/>\n<link rel=\"canonical\" href=\"https:\/\/lucky-grape.com\/en\/product\/2023-menina-duva-red-copy\/\" \/>\n<meta property=\"og:locale\" content=\"en_GB\" \/>\n<meta property=\"og:type\" content=\"article\" \/>\n<meta property=\"og:title\" content=\"2023 Menina D&#039;Uva Red - LUCKY GRAPE\" \/>\n<meta property=\"og:description\" content=\"Ein leichter, doch vielschichtiger Rotwein aus 50\u202f% roten und 50\u202f% wei\u00dfen Trauben: floral, kr\u00e4uterw\u00fcrzig und mineralisch, mit Noten von roten Beeren, Bl\u00fcten und Stein \u2013 saftig, strukturiert und klar mit k\u00fchler Tiefe und elegantem Trinkfluss.\" \/>\n<meta property=\"og:url\" content=\"https:\/\/lucky-grape.com\/en\/product\/2023-menina-duva-red-copy\/\" \/>\n<meta property=\"og:site_name\" content=\"LUCKY GRAPE\" \/>\n<meta property=\"article:modified_time\" content=\"2025-11-05T14:46:35+00:00\" \/>\n<meta property=\"og:image\" content=\"https:\/\/lucky-grape.com\/wp-content\/uploads\/2025\/09\/Wine-Collection-Online-3.png\" \/>\n\t<meta property=\"og:image:width\" content=\"1080\" \/>\n\t<meta property=\"og:image:height\" content=\"1350\" \/>\n\t<meta property=\"og:image:type\" content=\"image\/png\" \/>\n<meta name=\"twitter:card\" content=\"summary_large_image\" \/>\n<meta name=\"twitter:label1\" content=\"Estimated reading time\" \/>\n\t<meta name=\"twitter:data1\" content=\"1 minute\" \/>\n<script type=\"application\/ld+json\" class=\"yoast-schema-graph\">{\"@context\":\"https:\\\/\\\/schema.org\",\"@graph\":[{\"@type\":\"WebPage\",\"@id\":\"https:\\\/\\\/lucky-grape.com\\\/product\\\/2023-menina-duva-red-copy\\\/\",\"url\":\"https:\\\/\\\/lucky-grape.com\\\/product\\\/2023-menina-duva-red-copy\\\/\",\"name\":\"2023 Menina D'Uva Red - LUCKY GRAPE\",\"isPartOf\":{\"@id\":\"https:\\\/\\\/lucky-grape.com\\\/#website\"},\"primaryImageOfPage\":{\"@id\":\"https:\\\/\\\/lucky-grape.com\\\/product\\\/2023-menina-duva-red-copy\\\/#primaryimage\"},\"image\":{\"@id\":\"https:\\\/\\\/lucky-grape.com\\\/product\\\/2023-menina-duva-red-copy\\\/#primaryimage\"},\"thumbnailUrl\":\"https:\\\/\\\/lucky-grape.com\\\/wp-content\\\/uploads\\\/2025\\\/09\\\/Wine-Collection-Online-3.png\",\"datePublished\":\"2025-09-09T14:35:18+00:00\",\"dateModified\":\"2025-11-05T14:46:35+00:00\",\"description\":\"Ein leichter, doch vielschichtiger Rotwein aus 50\u202f% roten und 50\u202f% wei\u00dfen Trauben: floral, kr\u00e4uterw\u00fcrzig und mineralisch, mit Noten von roten Beeren, Bl\u00fcten und Stein \u2013 saftig, strukturiert und klar mit k\u00fchler Tiefe und elegantem Trinkfluss.\",\"breadcrumb\":{\"@id\":\"https:\\\/\\\/lucky-grape.com\\\/product\\\/2023-menina-duva-red-copy\\\/#breadcrumb\"},\"inLanguage\":\"en-GB\",\"potentialAction\":[{\"@type\":\"ReadAction\",\"target\":[\"https:\\\/\\\/lucky-grape.com\\\/product\\\/2023-menina-duva-red-copy\\\/\"]}]},{\"@type\":\"ImageObject\",\"inLanguage\":\"en-GB\",\"@id\":\"https:\\\/\\\/lucky-grape.com\\\/product\\\/2023-menina-duva-red-copy\\\/#primaryimage\",\"url\":\"https:\\\/\\\/lucky-grape.com\\\/wp-content\\\/uploads\\\/2025\\\/09\\\/Wine-Collection-Online-3.png\",\"contentUrl\":\"https:\\\/\\\/lucky-grape.com\\\/wp-content\\\/uploads\\\/2025\\\/09\\\/Wine-Collection-Online-3.png\",\"width\":1080,\"height\":1350},{\"@type\":\"BreadcrumbList\",\"@id\":\"https:\\\/\\\/lucky-grape.com\\\/product\\\/2023-menina-duva-red-copy\\\/#breadcrumb\",\"itemListElement\":[{\"@type\":\"ListItem\",\"position\":1,\"name\":\"Home\",\"item\":\"https:\\\/\\\/lucky-grape.com\\\/\"},{\"@type\":\"ListItem\",\"position\":2,\"name\":\"WINE SHOP\",\"item\":\"https:\\\/\\\/lucky-grape.com\\\/home\\\/wine-shop\\\/\"},{\"@type\":\"ListItem\",\"position\":3,\"name\":\"2023 Menina D&#8217;Uva Red\"}]},{\"@type\":\"WebSite\",\"@id\":\"https:\\\/\\\/lucky-grape.com\\\/#website\",\"url\":\"https:\\\/\\\/lucky-grape.com\\\/\",\"name\":\"LUCKY GRAPE\",\"description\":\"Natural wine - Low intervention - Small producers\",\"publisher\":{\"@id\":\"https:\\\/\\\/lucky-grape.com\\\/#organization\"},\"potentialAction\":[{\"@type\":\"SearchAction\",\"target\":{\"@type\":\"EntryPoint\",\"urlTemplate\":\"https:\\\/\\\/lucky-grape.com\\\/?s={search_term_string}\"},\"query-input\":{\"@type\":\"PropertyValueSpecification\",\"valueRequired\":true,\"valueName\":\"search_term_string\"}}],\"inLanguage\":\"en-GB\"},{\"@type\":\"Organization\",\"@id\":\"https:\\\/\\\/lucky-grape.com\\\/#organization\",\"name\":\"LUCKY GRAPE\",\"url\":\"https:\\\/\\\/lucky-grape.com\\\/\",\"logo\":{\"@type\":\"ImageObject\",\"inLanguage\":\"en-GB\",\"@id\":\"https:\\\/\\\/lucky-grape.com\\\/#\\\/schema\\\/logo\\\/image\\\/\",\"url\":\"https:\\\/\\\/lucky-grape.com\\\/wp-content\\\/uploads\\\/2024\\\/08\\\/LOGO-WHITE.png\",\"contentUrl\":\"https:\\\/\\\/lucky-grape.com\\\/wp-content\\\/uploads\\\/2024\\\/08\\\/LOGO-WHITE.png\",\"width\":1000,\"height\":1000,\"caption\":\"LUCKY GRAPE\"},\"image\":{\"@id\":\"https:\\\/\\\/lucky-grape.com\\\/#\\\/schema\\\/logo\\\/image\\\/\"}}]}<\/script>\n<!-- \/ Yoast SEO plugin. -->","yoast_head_json":{"title":"2023 Menina D'Uva Red - LUCKY GRAPE","description":"Ein leichter, doch vielschichtiger Rotwein aus 50\u202f% roten und 50\u202f% wei\u00dfen Trauben: floral, kr\u00e4uterw\u00fcrzig und mineralisch, mit Noten von roten Beeren, Bl\u00fcten und Stein \u2013 saftig, strukturiert und klar mit k\u00fchler Tiefe und elegantem Trinkfluss.","robots":{"index":"index","follow":"follow","max-snippet":"max-snippet:-1","max-image-preview":"max-image-preview:large","max-video-preview":"max-video-preview:-1"},"canonical":"https:\/\/lucky-grape.com\/en\/product\/2023-menina-duva-red-copy\/","og_locale":"en_GB","og_type":"article","og_title":"2023 Menina D'Uva Red - LUCKY GRAPE","og_description":"Ein leichter, doch vielschichtiger Rotwein aus 50\u202f% roten und 50\u202f% wei\u00dfen Trauben: floral, kr\u00e4uterw\u00fcrzig und mineralisch, mit Noten von roten Beeren, Bl\u00fcten und Stein \u2013 saftig, strukturiert und klar mit k\u00fchler Tiefe und elegantem Trinkfluss.","og_url":"https:\/\/lucky-grape.com\/en\/product\/2023-menina-duva-red-copy\/","og_site_name":"LUCKY GRAPE","article_modified_time":"2025-11-05T14:46:35+00:00","og_image":[{"width":1080,"height":1350,"url":"https:\/\/lucky-grape.com\/wp-content\/uploads\/2025\/09\/Wine-Collection-Online-3.png","type":"image\/png"}],"twitter_card":"summary_large_image","twitter_misc":{"Estimated reading time":"1 minute"},"schema":{"@context":"https:\/\/schema.org","@graph":[{"@type":"WebPage","@id":"https:\/\/lucky-grape.com\/product\/2023-menina-duva-red-copy\/","url":"https:\/\/lucky-grape.com\/product\/2023-menina-duva-red-copy\/","name":"2023 Menina D'Uva Red - LUCKY GRAPE","isPartOf":{"@id":"https:\/\/lucky-grape.com\/#website"},"primaryImageOfPage":{"@id":"https:\/\/lucky-grape.com\/product\/2023-menina-duva-red-copy\/#primaryimage"},"image":{"@id":"https:\/\/lucky-grape.com\/product\/2023-menina-duva-red-copy\/#primaryimage"},"thumbnailUrl":"https:\/\/lucky-grape.com\/wp-content\/uploads\/2025\/09\/Wine-Collection-Online-3.png","datePublished":"2025-09-09T14:35:18+00:00","dateModified":"2025-11-05T14:46:35+00:00","description":"Ein leichter, doch vielschichtiger Rotwein aus 50\u202f% roten und 50\u202f% wei\u00dfen Trauben: floral, kr\u00e4uterw\u00fcrzig und mineralisch, mit Noten von roten Beeren, Bl\u00fcten und Stein \u2013 saftig, strukturiert und klar mit k\u00fchler Tiefe und elegantem Trinkfluss.","breadcrumb":{"@id":"https:\/\/lucky-grape.com\/product\/2023-menina-duva-red-copy\/#breadcrumb"},"inLanguage":"en-GB","potentialAction":[{"@type":"ReadAction","target":["https:\/\/lucky-grape.com\/product\/2023-menina-duva-red-copy\/"]}]},{"@type":"ImageObject","inLanguage":"en-GB","@id":"https:\/\/lucky-grape.com\/product\/2023-menina-duva-red-copy\/#primaryimage","url":"https:\/\/lucky-grape.com\/wp-content\/uploads\/2025\/09\/Wine-Collection-Online-3.png","contentUrl":"https:\/\/lucky-grape.com\/wp-content\/uploads\/2025\/09\/Wine-Collection-Online-3.png","width":1080,"height":1350},{"@type":"BreadcrumbList","@id":"https:\/\/lucky-grape.com\/product\/2023-menina-duva-red-copy\/#breadcrumb","itemListElement":[{"@type":"ListItem","position":1,"name":"Home","item":"https:\/\/lucky-grape.com\/"},{"@type":"ListItem","position":2,"name":"WINE SHOP","item":"https:\/\/lucky-grape.com\/home\/wine-shop\/"},{"@type":"ListItem","position":3,"name":"2023 Menina D&#8217;Uva Red"}]},{"@type":"WebSite","@id":"https:\/\/lucky-grape.com\/#website","url":"https:\/\/lucky-grape.com\/","name":"LUCKY GRAPE","description":"Natural wine - Low intervention - Small producers","publisher":{"@id":"https:\/\/lucky-grape.com\/#organization"},"potentialAction":[{"@type":"SearchAction","target":{"@type":"EntryPoint","urlTemplate":"https:\/\/lucky-grape.com\/?s={search_term_string}"},"query-input":{"@type":"PropertyValueSpecification","valueRequired":true,"valueName":"search_term_string"}}],"inLanguage":"en-GB"},{"@type":"Organization","@id":"https:\/\/lucky-grape.com\/#organization","name":"LUCKY GRAPE","url":"https:\/\/lucky-grape.com\/","logo":{"@type":"ImageObject","inLanguage":"en-GB","@id":"https:\/\/lucky-grape.com\/#\/schema\/logo\/image\/","url":"https:\/\/lucky-grape.com\/wp-content\/uploads\/2024\/08\/LOGO-WHITE.png","contentUrl":"https:\/\/lucky-grape.com\/wp-content\/uploads\/2024\/08\/LOGO-WHITE.png","width":1000,"height":1000,"caption":"LUCKY GRAPE"},"image":{"@id":"https:\/\/lucky-grape.com\/#\/schema\/logo\/image\/"}}]}},"_links":{"self":[{"href":"https:\/\/lucky-grape.com\/en\/wp-json\/wp\/v2\/product\/714","targetHints":{"allow":["GET"]}}],"collection":[{"href":"https:\/\/lucky-grape.com\/en\/wp-json\/wp\/v2\/product"}],"about":[{"href":"https:\/\/lucky-grape.com\/en\/wp-json\/wp\/v2\/types\/product"}],"replies":[{"embeddable":true,"href":"https:\/\/lucky-grape.com\/en\/wp-json\/wp\/v2\/comments?post=714"}],"wp:featuredmedia":[{"embeddable":true,"href":"https:\/\/lucky-grape.com\/en\/wp-json\/wp\/v2\/media\/715"}],"wp:attachment":[{"href":"https:\/\/lucky-grape.com\/en\/wp-json\/wp\/v2\/media?parent=714"}],"wp:term":[{"taxonomy":"product_brand","embeddable":true,"href":"https:\/\/lucky-grape.com\/en\/wp-json\/wp\/v2\/product_brand?post=714"},{"taxonomy":"product_cat","embeddable":true,"href":"https:\/\/lucky-grape.com\/en\/wp-json\/wp\/v2\/product_cat?post=714"},{"taxonomy":"product_tag","embeddable":true,"href":"https:\/\/lucky-grape.com\/en\/wp-json\/wp\/v2\/product_tag?post=714"}],"curies":[{"name":"wp","href":"https:\/\/api.w.org\/{rel}","templated":true}]}}