{"id":718,"date":"2025-09-09T15:01:57","date_gmt":"2025-09-09T15:01:57","guid":{"rendered":"https:\/\/lucky-grape.com\/?post_type=product&#038;p=718"},"modified":"2025-11-05T14:48:09","modified_gmt":"2025-11-05T14:48:09","slug":"2023-crazy-javali-white","status":"publish","type":"product","link":"https:\/\/lucky-grape.com\/en\/product\/2023-crazy-javali-white\/","title":{"rendered":"2023 Crazy Javali White"},"content":{"rendered":"<p data-start=\"242\" data-end=\"296\"><strong data-start=\"242\" data-end=\"294\">LEMON ZEST \ud83c\udf4b | MOUNTAIN HERBS \ud83c\udf3f | WET SLATE \ud83e\udea8<\/strong><\/p>\n<p data-start=\"300\" data-end=\"555\">Unconventional yet precise \u2013 this white wine comes from the amphitheater-shaped \"Clos da Bonifata\" vineyard in Ervedosa do Douro. At an altitude of 600 meters, Arinto and Viosinho grow on slate soils \u2013 a terroir that ensures freshness, structure, and expression.<\/p>\n<p data-start=\"557\" data-end=\"943\">In the glass, the wine appears lemon yellow with aromas of citrus zest, high-altitude herbs, and damp stone. The nose is initially closed\u2014notes of metal and yeast hint at the brief skin contact tanning in the concrete. After some aeration, its clear, cool minerality reveals itself. On the palate, it's light-footed and youthful, with invigorating freshness and unaffected directness.<\/p>\n<p data-start=\"945\" data-end=\"1105\">With 12% alcohol, Crazy Javali Branco remains easy to drink and cool. Perfect with grilled fish, vegetable tapas, or served on its own in a glass\u2014a distinctive white wine with a punch of character.<\/p>\n<p data-start=\"1107\" data-end=\"1184\">Unfiltered. Different, but clear. Made to shake things up, not calm them.<\/p>\n<hr data-start=\"1460\" data-end=\"1463\" \/>","protected":false},"excerpt":{"rendered":"<pre>PORTUGAL | DOURO | WHITE | DRY | 12%<\/pre>\n<p>&nbsp;<\/p>","protected":false},"featured_media":719,"comment_status":"open","ping_status":"closed","template":"","meta":[],"product_brand":[83],"product_cat":[35,25],"product_tag":[84,30,67,75,68,82,74,37],"class_list":{"0":"post-718","1":"product","2":"type-product","3":"status-publish","4":"has-post-thumbnail","6":"product_brand-quinta-do-javali","7":"product_cat-portuguese-wine","8":"product_cat-white","9":"product_tag-douro","10":"product_tag-dry","11":"product_tag-natural-wine","12":"product_tag-naturwein","13":"product_tag-portuguese-wine","14":"product_tag-tras-os-montes","15":"product_tag-wein","16":"product_tag-white","18":"first","19":"instock","20":"shipping-taxable","21":"purchasable","22":"product-type-simple"},"yoast_head":"<!-- This site is optimized with the Yoast SEO plugin v27.4 - https:\/\/yoast.com\/product\/yoast-seo-wordpress\/ -->\n<title>2023 Crazy Javali White - LUCKY GRAPE<\/title>\n<meta name=\"description\" content=\"Ein unfiltrierter Wei\u00dfwein aus Arinto und Viosinho: kr\u00e4uterw\u00fcrzig, mineralisch und k\u00fchl, mit Noten von Zitruszeste, Schiefer und Metall \u2013 frisch, leicht und pur mit klarer Struktur und animierender, jugendlicher Energie.\" \/>\n<meta name=\"robots\" content=\"index, follow, max-snippet:-1, max-image-preview:large, max-video-preview:-1\" \/>\n<link rel=\"canonical\" href=\"https:\/\/lucky-grape.com\/en\/product\/2023-crazy-javali-white\/\" \/>\n<meta property=\"og:locale\" content=\"en_GB\" \/>\n<meta property=\"og:type\" content=\"article\" \/>\n<meta property=\"og:title\" content=\"2023 Crazy Javali White - LUCKY GRAPE\" \/>\n<meta property=\"og:description\" content=\"Ein unfiltrierter Wei\u00dfwein aus Arinto und Viosinho: kr\u00e4uterw\u00fcrzig, mineralisch und k\u00fchl, mit Noten von Zitruszeste, Schiefer und Metall \u2013 frisch, leicht und pur mit klarer Struktur und animierender, jugendlicher Energie.\" \/>\n<meta property=\"og:url\" content=\"https:\/\/lucky-grape.com\/en\/product\/2023-crazy-javali-white\/\" \/>\n<meta property=\"og:site_name\" content=\"LUCKY GRAPE\" \/>\n<meta property=\"article:modified_time\" content=\"2025-11-05T14:48:09+00:00\" \/>\n<meta property=\"og:image\" content=\"https:\/\/lucky-grape.com\/wp-content\/uploads\/2025\/09\/Wine-Collection-Online-5.png\" \/>\n\t<meta property=\"og:image:width\" content=\"1080\" \/>\n\t<meta property=\"og:image:height\" content=\"1350\" \/>\n\t<meta property=\"og:image:type\" content=\"image\/png\" \/>\n<meta name=\"twitter:card\" content=\"summary_large_image\" \/>\n<meta name=\"twitter:label1\" content=\"Estimated reading time\" \/>\n\t<meta name=\"twitter:data1\" content=\"1 minute\" \/>\n<script type=\"application\/ld+json\" class=\"yoast-schema-graph\">{\"@context\":\"https:\\\/\\\/schema.org\",\"@graph\":[{\"@type\":\"WebPage\",\"@id\":\"https:\\\/\\\/lucky-grape.com\\\/product\\\/2023-crazy-javali-white\\\/\",\"url\":\"https:\\\/\\\/lucky-grape.com\\\/product\\\/2023-crazy-javali-white\\\/\",\"name\":\"2023 Crazy Javali White - LUCKY GRAPE\",\"isPartOf\":{\"@id\":\"https:\\\/\\\/lucky-grape.com\\\/#website\"},\"primaryImageOfPage\":{\"@id\":\"https:\\\/\\\/lucky-grape.com\\\/product\\\/2023-crazy-javali-white\\\/#primaryimage\"},\"image\":{\"@id\":\"https:\\\/\\\/lucky-grape.com\\\/product\\\/2023-crazy-javali-white\\\/#primaryimage\"},\"thumbnailUrl\":\"https:\\\/\\\/lucky-grape.com\\\/wp-content\\\/uploads\\\/2025\\\/09\\\/Wine-Collection-Online-5.png\",\"datePublished\":\"2025-09-09T15:01:57+00:00\",\"dateModified\":\"2025-11-05T14:48:09+00:00\",\"description\":\"Ein unfiltrierter Wei\u00dfwein aus Arinto und Viosinho: kr\u00e4uterw\u00fcrzig, mineralisch und k\u00fchl, mit Noten von Zitruszeste, Schiefer und Metall \u2013 frisch, leicht und pur mit klarer Struktur und animierender, jugendlicher Energie.\",\"breadcrumb\":{\"@id\":\"https:\\\/\\\/lucky-grape.com\\\/product\\\/2023-crazy-javali-white\\\/#breadcrumb\"},\"inLanguage\":\"en-GB\",\"potentialAction\":[{\"@type\":\"ReadAction\",\"target\":[\"https:\\\/\\\/lucky-grape.com\\\/product\\\/2023-crazy-javali-white\\\/\"]}]},{\"@type\":\"ImageObject\",\"inLanguage\":\"en-GB\",\"@id\":\"https:\\\/\\\/lucky-grape.com\\\/product\\\/2023-crazy-javali-white\\\/#primaryimage\",\"url\":\"https:\\\/\\\/lucky-grape.com\\\/wp-content\\\/uploads\\\/2025\\\/09\\\/Wine-Collection-Online-5.png\",\"contentUrl\":\"https:\\\/\\\/lucky-grape.com\\\/wp-content\\\/uploads\\\/2025\\\/09\\\/Wine-Collection-Online-5.png\",\"width\":1080,\"height\":1350},{\"@type\":\"BreadcrumbList\",\"@id\":\"https:\\\/\\\/lucky-grape.com\\\/product\\\/2023-crazy-javali-white\\\/#breadcrumb\",\"itemListElement\":[{\"@type\":\"ListItem\",\"position\":1,\"name\":\"Home\",\"item\":\"https:\\\/\\\/lucky-grape.com\\\/\"},{\"@type\":\"ListItem\",\"position\":2,\"name\":\"WINE SHOP\",\"item\":\"https:\\\/\\\/lucky-grape.com\\\/home\\\/wine-shop\\\/\"},{\"@type\":\"ListItem\",\"position\":3,\"name\":\"2023 Crazy Javali White\"}]},{\"@type\":\"WebSite\",\"@id\":\"https:\\\/\\\/lucky-grape.com\\\/#website\",\"url\":\"https:\\\/\\\/lucky-grape.com\\\/\",\"name\":\"LUCKY GRAPE\",\"description\":\"Natural wine - Low intervention - Small producers\",\"publisher\":{\"@id\":\"https:\\\/\\\/lucky-grape.com\\\/#organization\"},\"potentialAction\":[{\"@type\":\"SearchAction\",\"target\":{\"@type\":\"EntryPoint\",\"urlTemplate\":\"https:\\\/\\\/lucky-grape.com\\\/?s={search_term_string}\"},\"query-input\":{\"@type\":\"PropertyValueSpecification\",\"valueRequired\":true,\"valueName\":\"search_term_string\"}}],\"inLanguage\":\"en-GB\"},{\"@type\":\"Organization\",\"@id\":\"https:\\\/\\\/lucky-grape.com\\\/#organization\",\"name\":\"LUCKY GRAPE\",\"url\":\"https:\\\/\\\/lucky-grape.com\\\/\",\"logo\":{\"@type\":\"ImageObject\",\"inLanguage\":\"en-GB\",\"@id\":\"https:\\\/\\\/lucky-grape.com\\\/#\\\/schema\\\/logo\\\/image\\\/\",\"url\":\"https:\\\/\\\/lucky-grape.com\\\/wp-content\\\/uploads\\\/2024\\\/08\\\/LOGO-WHITE.png\",\"contentUrl\":\"https:\\\/\\\/lucky-grape.com\\\/wp-content\\\/uploads\\\/2024\\\/08\\\/LOGO-WHITE.png\",\"width\":1000,\"height\":1000,\"caption\":\"LUCKY GRAPE\"},\"image\":{\"@id\":\"https:\\\/\\\/lucky-grape.com\\\/#\\\/schema\\\/logo\\\/image\\\/\"}}]}<\/script>\n<!-- \/ Yoast SEO plugin. -->","yoast_head_json":{"title":"2023 Crazy Javali White - LUCKY GRAPE","description":"Ein unfiltrierter Wei\u00dfwein aus Arinto und Viosinho: kr\u00e4uterw\u00fcrzig, mineralisch und k\u00fchl, mit Noten von Zitruszeste, Schiefer und Metall \u2013 frisch, leicht und pur mit klarer Struktur und animierender, jugendlicher Energie.","robots":{"index":"index","follow":"follow","max-snippet":"max-snippet:-1","max-image-preview":"max-image-preview:large","max-video-preview":"max-video-preview:-1"},"canonical":"https:\/\/lucky-grape.com\/en\/product\/2023-crazy-javali-white\/","og_locale":"en_GB","og_type":"article","og_title":"2023 Crazy Javali White - LUCKY GRAPE","og_description":"Ein unfiltrierter Wei\u00dfwein aus Arinto und Viosinho: kr\u00e4uterw\u00fcrzig, mineralisch und k\u00fchl, mit Noten von Zitruszeste, Schiefer und Metall \u2013 frisch, leicht und pur mit klarer Struktur und animierender, jugendlicher Energie.","og_url":"https:\/\/lucky-grape.com\/en\/product\/2023-crazy-javali-white\/","og_site_name":"LUCKY GRAPE","article_modified_time":"2025-11-05T14:48:09+00:00","og_image":[{"width":1080,"height":1350,"url":"https:\/\/lucky-grape.com\/wp-content\/uploads\/2025\/09\/Wine-Collection-Online-5.png","type":"image\/png"}],"twitter_card":"summary_large_image","twitter_misc":{"Estimated reading time":"1 minute"},"schema":{"@context":"https:\/\/schema.org","@graph":[{"@type":"WebPage","@id":"https:\/\/lucky-grape.com\/product\/2023-crazy-javali-white\/","url":"https:\/\/lucky-grape.com\/product\/2023-crazy-javali-white\/","name":"2023 Crazy Javali White - LUCKY GRAPE","isPartOf":{"@id":"https:\/\/lucky-grape.com\/#website"},"primaryImageOfPage":{"@id":"https:\/\/lucky-grape.com\/product\/2023-crazy-javali-white\/#primaryimage"},"image":{"@id":"https:\/\/lucky-grape.com\/product\/2023-crazy-javali-white\/#primaryimage"},"thumbnailUrl":"https:\/\/lucky-grape.com\/wp-content\/uploads\/2025\/09\/Wine-Collection-Online-5.png","datePublished":"2025-09-09T15:01:57+00:00","dateModified":"2025-11-05T14:48:09+00:00","description":"Ein unfiltrierter Wei\u00dfwein aus Arinto und Viosinho: kr\u00e4uterw\u00fcrzig, mineralisch und k\u00fchl, mit Noten von Zitruszeste, Schiefer und Metall \u2013 frisch, leicht und pur mit klarer Struktur und animierender, jugendlicher Energie.","breadcrumb":{"@id":"https:\/\/lucky-grape.com\/product\/2023-crazy-javali-white\/#breadcrumb"},"inLanguage":"en-GB","potentialAction":[{"@type":"ReadAction","target":["https:\/\/lucky-grape.com\/product\/2023-crazy-javali-white\/"]}]},{"@type":"ImageObject","inLanguage":"en-GB","@id":"https:\/\/lucky-grape.com\/product\/2023-crazy-javali-white\/#primaryimage","url":"https:\/\/lucky-grape.com\/wp-content\/uploads\/2025\/09\/Wine-Collection-Online-5.png","contentUrl":"https:\/\/lucky-grape.com\/wp-content\/uploads\/2025\/09\/Wine-Collection-Online-5.png","width":1080,"height":1350},{"@type":"BreadcrumbList","@id":"https:\/\/lucky-grape.com\/product\/2023-crazy-javali-white\/#breadcrumb","itemListElement":[{"@type":"ListItem","position":1,"name":"Home","item":"https:\/\/lucky-grape.com\/"},{"@type":"ListItem","position":2,"name":"WINE SHOP","item":"https:\/\/lucky-grape.com\/home\/wine-shop\/"},{"@type":"ListItem","position":3,"name":"2023 Crazy Javali White"}]},{"@type":"WebSite","@id":"https:\/\/lucky-grape.com\/#website","url":"https:\/\/lucky-grape.com\/","name":"LUCKY GRAPE","description":"Natural wine - Low intervention - Small producers","publisher":{"@id":"https:\/\/lucky-grape.com\/#organization"},"potentialAction":[{"@type":"SearchAction","target":{"@type":"EntryPoint","urlTemplate":"https:\/\/lucky-grape.com\/?s={search_term_string}"},"query-input":{"@type":"PropertyValueSpecification","valueRequired":true,"valueName":"search_term_string"}}],"inLanguage":"en-GB"},{"@type":"Organization","@id":"https:\/\/lucky-grape.com\/#organization","name":"LUCKY GRAPE","url":"https:\/\/lucky-grape.com\/","logo":{"@type":"ImageObject","inLanguage":"en-GB","@id":"https:\/\/lucky-grape.com\/#\/schema\/logo\/image\/","url":"https:\/\/lucky-grape.com\/wp-content\/uploads\/2024\/08\/LOGO-WHITE.png","contentUrl":"https:\/\/lucky-grape.com\/wp-content\/uploads\/2024\/08\/LOGO-WHITE.png","width":1000,"height":1000,"caption":"LUCKY GRAPE"},"image":{"@id":"https:\/\/lucky-grape.com\/#\/schema\/logo\/image\/"}}]}},"_links":{"self":[{"href":"https:\/\/lucky-grape.com\/en\/wp-json\/wp\/v2\/product\/718","targetHints":{"allow":["GET"]}}],"collection":[{"href":"https:\/\/lucky-grape.com\/en\/wp-json\/wp\/v2\/product"}],"about":[{"href":"https:\/\/lucky-grape.com\/en\/wp-json\/wp\/v2\/types\/product"}],"replies":[{"embeddable":true,"href":"https:\/\/lucky-grape.com\/en\/wp-json\/wp\/v2\/comments?post=718"}],"wp:featuredmedia":[{"embeddable":true,"href":"https:\/\/lucky-grape.com\/en\/wp-json\/wp\/v2\/media\/719"}],"wp:attachment":[{"href":"https:\/\/lucky-grape.com\/en\/wp-json\/wp\/v2\/media?parent=718"}],"wp:term":[{"taxonomy":"product_brand","embeddable":true,"href":"https:\/\/lucky-grape.com\/en\/wp-json\/wp\/v2\/product_brand?post=718"},{"taxonomy":"product_cat","embeddable":true,"href":"https:\/\/lucky-grape.com\/en\/wp-json\/wp\/v2\/product_cat?post=718"},{"taxonomy":"product_tag","embeddable":true,"href":"https:\/\/lucky-grape.com\/en\/wp-json\/wp\/v2\/product_tag?post=718"}],"curies":[{"name":"wp","href":"https:\/\/api.w.org\/{rel}","templated":true}]}}