{"id":735,"date":"2025-09-16T15:02:10","date_gmt":"2025-09-16T15:02:10","guid":{"rendered":"https:\/\/lucky-grape.com\/?post_type=product&#038;p=735"},"modified":"2025-11-05T14:52:31","modified_gmt":"2025-11-05T14:52:31","slug":"super-dope-rivaner","status":"publish","type":"product","link":"https:\/\/lucky-grape.com\/en\/product\/super-dope-rivaner\/","title":{"rendered":"Dope Rivaner"},"content":{"rendered":"<p data-start=\"161\" data-end=\"214\">WILD HERBS \ud83c\udf3f | LEMON ZEST \ud83c\udf4b | GREEN APPLE \ud83c\udf4f<\/p>\n<p data-start=\"216\" data-end=\"465\">Light yet expressive, this Rivaner reflects the fresh signature of a new generation. Hand-picked from old vines, it combines herbal spice with lively acidity and delicate fruit \u2013 a blend of clarity, lightness, and character.<\/p>\n<p data-start=\"467\" data-end=\"770\">In the glass, it shines bright yellow with aromas of wild meadow herbs, crisp apple, and citrus notes. The nose is direct and inviting \u2013 a fragrance reminiscent of early summer days, fresh soils, and pure nature. On the palate, it is juicy and easy to drink, with a delicate finish and invigorating freshness.<\/p>\n<p data-start=\"772\" data-end=\"919\">With its moderate alcohol content and clear lines, it goes perfectly with light dishes, roasted vegetables, or simply as a companion to good conversation.<\/p>\n<p data-start=\"921\" data-end=\"1003\">Organically grown. Cared for with love. Made to share, not to own.<\/p>\n<p data-start=\"1005\" data-end=\"1088\">By Lisa &amp; Jos\u00e9 \u2013 made for a wine world with more diversity, openness and soul.<\/p>\n<hr data-start=\"1460\" data-end=\"1463\" \/>","protected":false},"excerpt":{"rendered":"<pre>GERMANY | RHEINHESSEN | WHITE | DRY | 11,5%<\/pre>\n<p>&nbsp;<\/p>","protected":false},"featured_media":740,"comment_status":"open","ping_status":"closed","template":"","meta":[],"product_brand":[88],"product_cat":[36,25],"product_tag":[30,89,67,75,90,91,74,37],"class_list":{"0":"post-735","1":"product","2":"type-product","3":"status-publish","4":"has-post-thumbnail","6":"product_brand-dope","7":"product_cat-german-wine","8":"product_cat-white","9":"product_tag-dry","10":"product_tag-german-wine","11":"product_tag-natural-wine","12":"product_tag-naturwein","13":"product_tag-rheinhessen","14":"product_tag-rivaner","15":"product_tag-wein","16":"product_tag-white","18":"first","19":"instock","20":"shipping-taxable","21":"purchasable","22":"product-type-simple"},"yoast_head":"<!-- This site is optimized with the Yoast SEO plugin v27.4 - https:\/\/yoast.com\/product\/yoast-seo-wordpress\/ -->\n<title>Dope Rivaner - LUCKY GRAPE<\/title>\n<meta name=\"description\" content=\"Ein leichter, ausdrucksstarker Rivaner mit feiner W\u00fcrze: kr\u00e4utrig, frisch und klar, mit Noten von Apfel, Zitrus und Wiesenkr\u00e4utern \u2013 lebendig, saftig und ausgewogen mit moderatem Alkohol und animierender S\u00e4ure.\" \/>\n<meta name=\"robots\" content=\"index, follow, max-snippet:-1, max-image-preview:large, max-video-preview:-1\" \/>\n<link rel=\"canonical\" href=\"https:\/\/lucky-grape.com\/en\/product\/super-dope-rivaner\/\" \/>\n<meta property=\"og:locale\" content=\"en_GB\" \/>\n<meta property=\"og:type\" content=\"article\" \/>\n<meta property=\"og:title\" content=\"Dope Rivaner - LUCKY GRAPE\" \/>\n<meta property=\"og:description\" content=\"Ein leichter, ausdrucksstarker Rivaner mit feiner W\u00fcrze: kr\u00e4utrig, frisch und klar, mit Noten von Apfel, Zitrus und Wiesenkr\u00e4utern \u2013 lebendig, saftig und ausgewogen mit moderatem Alkohol und animierender S\u00e4ure.\" \/>\n<meta property=\"og:url\" content=\"https:\/\/lucky-grape.com\/en\/product\/super-dope-rivaner\/\" \/>\n<meta property=\"og:site_name\" content=\"LUCKY GRAPE\" \/>\n<meta property=\"article:modified_time\" content=\"2025-11-05T14:52:31+00:00\" \/>\n<meta property=\"og:image\" content=\"https:\/\/lucky-grape.com\/wp-content\/uploads\/2025\/09\/Wine-Collection-Online-9.png\" \/>\n\t<meta property=\"og:image:width\" content=\"1080\" \/>\n\t<meta property=\"og:image:height\" content=\"1350\" \/>\n\t<meta property=\"og:image:type\" content=\"image\/png\" \/>\n<meta name=\"twitter:card\" content=\"summary_large_image\" \/>\n<meta name=\"twitter:label1\" content=\"Estimated reading time\" \/>\n\t<meta name=\"twitter:data1\" content=\"1 minute\" \/>\n<script type=\"application\/ld+json\" class=\"yoast-schema-graph\">{\"@context\":\"https:\\\/\\\/schema.org\",\"@graph\":[{\"@type\":\"WebPage\",\"@id\":\"https:\\\/\\\/lucky-grape.com\\\/product\\\/super-dope-rivaner\\\/\",\"url\":\"https:\\\/\\\/lucky-grape.com\\\/product\\\/super-dope-rivaner\\\/\",\"name\":\"Dope Rivaner - LUCKY GRAPE\",\"isPartOf\":{\"@id\":\"https:\\\/\\\/lucky-grape.com\\\/#website\"},\"primaryImageOfPage\":{\"@id\":\"https:\\\/\\\/lucky-grape.com\\\/product\\\/super-dope-rivaner\\\/#primaryimage\"},\"image\":{\"@id\":\"https:\\\/\\\/lucky-grape.com\\\/product\\\/super-dope-rivaner\\\/#primaryimage\"},\"thumbnailUrl\":\"https:\\\/\\\/lucky-grape.com\\\/wp-content\\\/uploads\\\/2025\\\/09\\\/Wine-Collection-Online-9.png\",\"datePublished\":\"2025-09-16T15:02:10+00:00\",\"dateModified\":\"2025-11-05T14:52:31+00:00\",\"description\":\"Ein leichter, ausdrucksstarker Rivaner mit feiner W\u00fcrze: kr\u00e4utrig, frisch und klar, mit Noten von Apfel, Zitrus und Wiesenkr\u00e4utern \u2013 lebendig, saftig und ausgewogen mit moderatem Alkohol und animierender S\u00e4ure.\",\"breadcrumb\":{\"@id\":\"https:\\\/\\\/lucky-grape.com\\\/product\\\/super-dope-rivaner\\\/#breadcrumb\"},\"inLanguage\":\"en-GB\",\"potentialAction\":[{\"@type\":\"ReadAction\",\"target\":[\"https:\\\/\\\/lucky-grape.com\\\/product\\\/super-dope-rivaner\\\/\"]}]},{\"@type\":\"ImageObject\",\"inLanguage\":\"en-GB\",\"@id\":\"https:\\\/\\\/lucky-grape.com\\\/product\\\/super-dope-rivaner\\\/#primaryimage\",\"url\":\"https:\\\/\\\/lucky-grape.com\\\/wp-content\\\/uploads\\\/2025\\\/09\\\/Wine-Collection-Online-9.png\",\"contentUrl\":\"https:\\\/\\\/lucky-grape.com\\\/wp-content\\\/uploads\\\/2025\\\/09\\\/Wine-Collection-Online-9.png\",\"width\":1080,\"height\":1350},{\"@type\":\"BreadcrumbList\",\"@id\":\"https:\\\/\\\/lucky-grape.com\\\/product\\\/super-dope-rivaner\\\/#breadcrumb\",\"itemListElement\":[{\"@type\":\"ListItem\",\"position\":1,\"name\":\"Home\",\"item\":\"https:\\\/\\\/lucky-grape.com\\\/\"},{\"@type\":\"ListItem\",\"position\":2,\"name\":\"WINE SHOP\",\"item\":\"https:\\\/\\\/lucky-grape.com\\\/home\\\/wine-shop\\\/\"},{\"@type\":\"ListItem\",\"position\":3,\"name\":\"Dope Rivaner\"}]},{\"@type\":\"WebSite\",\"@id\":\"https:\\\/\\\/lucky-grape.com\\\/#website\",\"url\":\"https:\\\/\\\/lucky-grape.com\\\/\",\"name\":\"LUCKY GRAPE\",\"description\":\"Natural wine - Low intervention - Small producers\",\"publisher\":{\"@id\":\"https:\\\/\\\/lucky-grape.com\\\/#organization\"},\"potentialAction\":[{\"@type\":\"SearchAction\",\"target\":{\"@type\":\"EntryPoint\",\"urlTemplate\":\"https:\\\/\\\/lucky-grape.com\\\/?s={search_term_string}\"},\"query-input\":{\"@type\":\"PropertyValueSpecification\",\"valueRequired\":true,\"valueName\":\"search_term_string\"}}],\"inLanguage\":\"en-GB\"},{\"@type\":\"Organization\",\"@id\":\"https:\\\/\\\/lucky-grape.com\\\/#organization\",\"name\":\"LUCKY GRAPE\",\"url\":\"https:\\\/\\\/lucky-grape.com\\\/\",\"logo\":{\"@type\":\"ImageObject\",\"inLanguage\":\"en-GB\",\"@id\":\"https:\\\/\\\/lucky-grape.com\\\/#\\\/schema\\\/logo\\\/image\\\/\",\"url\":\"https:\\\/\\\/lucky-grape.com\\\/wp-content\\\/uploads\\\/2024\\\/08\\\/LOGO-WHITE.png\",\"contentUrl\":\"https:\\\/\\\/lucky-grape.com\\\/wp-content\\\/uploads\\\/2024\\\/08\\\/LOGO-WHITE.png\",\"width\":1000,\"height\":1000,\"caption\":\"LUCKY GRAPE\"},\"image\":{\"@id\":\"https:\\\/\\\/lucky-grape.com\\\/#\\\/schema\\\/logo\\\/image\\\/\"}}]}<\/script>\n<!-- \/ Yoast SEO plugin. -->","yoast_head_json":{"title":"Dope Rivaner - LUCKY GRAPE","description":"Ein leichter, ausdrucksstarker Rivaner mit feiner W\u00fcrze: kr\u00e4utrig, frisch und klar, mit Noten von Apfel, Zitrus und Wiesenkr\u00e4utern \u2013 lebendig, saftig und ausgewogen mit moderatem Alkohol und animierender S\u00e4ure.","robots":{"index":"index","follow":"follow","max-snippet":"max-snippet:-1","max-image-preview":"max-image-preview:large","max-video-preview":"max-video-preview:-1"},"canonical":"https:\/\/lucky-grape.com\/en\/product\/super-dope-rivaner\/","og_locale":"en_GB","og_type":"article","og_title":"Dope Rivaner - LUCKY GRAPE","og_description":"Ein leichter, ausdrucksstarker Rivaner mit feiner W\u00fcrze: kr\u00e4utrig, frisch und klar, mit Noten von Apfel, Zitrus und Wiesenkr\u00e4utern \u2013 lebendig, saftig und ausgewogen mit moderatem Alkohol und animierender S\u00e4ure.","og_url":"https:\/\/lucky-grape.com\/en\/product\/super-dope-rivaner\/","og_site_name":"LUCKY GRAPE","article_modified_time":"2025-11-05T14:52:31+00:00","og_image":[{"width":1080,"height":1350,"url":"https:\/\/lucky-grape.com\/wp-content\/uploads\/2025\/09\/Wine-Collection-Online-9.png","type":"image\/png"}],"twitter_card":"summary_large_image","twitter_misc":{"Estimated reading time":"1 minute"},"schema":{"@context":"https:\/\/schema.org","@graph":[{"@type":"WebPage","@id":"https:\/\/lucky-grape.com\/product\/super-dope-rivaner\/","url":"https:\/\/lucky-grape.com\/product\/super-dope-rivaner\/","name":"Dope Rivaner - LUCKY GRAPE","isPartOf":{"@id":"https:\/\/lucky-grape.com\/#website"},"primaryImageOfPage":{"@id":"https:\/\/lucky-grape.com\/product\/super-dope-rivaner\/#primaryimage"},"image":{"@id":"https:\/\/lucky-grape.com\/product\/super-dope-rivaner\/#primaryimage"},"thumbnailUrl":"https:\/\/lucky-grape.com\/wp-content\/uploads\/2025\/09\/Wine-Collection-Online-9.png","datePublished":"2025-09-16T15:02:10+00:00","dateModified":"2025-11-05T14:52:31+00:00","description":"Ein leichter, ausdrucksstarker Rivaner mit feiner W\u00fcrze: kr\u00e4utrig, frisch und klar, mit Noten von Apfel, Zitrus und Wiesenkr\u00e4utern \u2013 lebendig, saftig und ausgewogen mit moderatem Alkohol und animierender S\u00e4ure.","breadcrumb":{"@id":"https:\/\/lucky-grape.com\/product\/super-dope-rivaner\/#breadcrumb"},"inLanguage":"en-GB","potentialAction":[{"@type":"ReadAction","target":["https:\/\/lucky-grape.com\/product\/super-dope-rivaner\/"]}]},{"@type":"ImageObject","inLanguage":"en-GB","@id":"https:\/\/lucky-grape.com\/product\/super-dope-rivaner\/#primaryimage","url":"https:\/\/lucky-grape.com\/wp-content\/uploads\/2025\/09\/Wine-Collection-Online-9.png","contentUrl":"https:\/\/lucky-grape.com\/wp-content\/uploads\/2025\/09\/Wine-Collection-Online-9.png","width":1080,"height":1350},{"@type":"BreadcrumbList","@id":"https:\/\/lucky-grape.com\/product\/super-dope-rivaner\/#breadcrumb","itemListElement":[{"@type":"ListItem","position":1,"name":"Home","item":"https:\/\/lucky-grape.com\/"},{"@type":"ListItem","position":2,"name":"WINE SHOP","item":"https:\/\/lucky-grape.com\/home\/wine-shop\/"},{"@type":"ListItem","position":3,"name":"Dope Rivaner"}]},{"@type":"WebSite","@id":"https:\/\/lucky-grape.com\/#website","url":"https:\/\/lucky-grape.com\/","name":"LUCKY GRAPE","description":"Natural wine - Low intervention - Small producers","publisher":{"@id":"https:\/\/lucky-grape.com\/#organization"},"potentialAction":[{"@type":"SearchAction","target":{"@type":"EntryPoint","urlTemplate":"https:\/\/lucky-grape.com\/?s={search_term_string}"},"query-input":{"@type":"PropertyValueSpecification","valueRequired":true,"valueName":"search_term_string"}}],"inLanguage":"en-GB"},{"@type":"Organization","@id":"https:\/\/lucky-grape.com\/#organization","name":"LUCKY GRAPE","url":"https:\/\/lucky-grape.com\/","logo":{"@type":"ImageObject","inLanguage":"en-GB","@id":"https:\/\/lucky-grape.com\/#\/schema\/logo\/image\/","url":"https:\/\/lucky-grape.com\/wp-content\/uploads\/2024\/08\/LOGO-WHITE.png","contentUrl":"https:\/\/lucky-grape.com\/wp-content\/uploads\/2024\/08\/LOGO-WHITE.png","width":1000,"height":1000,"caption":"LUCKY GRAPE"},"image":{"@id":"https:\/\/lucky-grape.com\/#\/schema\/logo\/image\/"}}]}},"_links":{"self":[{"href":"https:\/\/lucky-grape.com\/en\/wp-json\/wp\/v2\/product\/735","targetHints":{"allow":["GET"]}}],"collection":[{"href":"https:\/\/lucky-grape.com\/en\/wp-json\/wp\/v2\/product"}],"about":[{"href":"https:\/\/lucky-grape.com\/en\/wp-json\/wp\/v2\/types\/product"}],"replies":[{"embeddable":true,"href":"https:\/\/lucky-grape.com\/en\/wp-json\/wp\/v2\/comments?post=735"}],"wp:featuredmedia":[{"embeddable":true,"href":"https:\/\/lucky-grape.com\/en\/wp-json\/wp\/v2\/media\/740"}],"wp:attachment":[{"href":"https:\/\/lucky-grape.com\/en\/wp-json\/wp\/v2\/media?parent=735"}],"wp:term":[{"taxonomy":"product_brand","embeddable":true,"href":"https:\/\/lucky-grape.com\/en\/wp-json\/wp\/v2\/product_brand?post=735"},{"taxonomy":"product_cat","embeddable":true,"href":"https:\/\/lucky-grape.com\/en\/wp-json\/wp\/v2\/product_cat?post=735"},{"taxonomy":"product_tag","embeddable":true,"href":"https:\/\/lucky-grape.com\/en\/wp-json\/wp\/v2\/product_tag?post=735"}],"curies":[{"name":"wp","href":"https:\/\/api.w.org\/{rel}","templated":true}]}}