{"id":736,"date":"2025-09-16T15:30:55","date_gmt":"2025-09-16T15:30:55","guid":{"rendered":"https:\/\/lucky-grape.com\/?post_type=product&#038;p=736"},"modified":"2025-11-05T14:53:26","modified_gmt":"2025-11-05T14:53:26","slug":"dope-faberrebe","status":"publish","type":"product","link":"https:\/\/lucky-grape.com\/en\/product\/dope-faberrebe\/","title":{"rendered":"Dope Faberrebe"},"content":{"rendered":"<p data-start=\"160\" data-end=\"205\">BLOSSOM HONEY \ud83c\udf6f | MELON \ud83c\udf48 | WHITE BLOSSOMS \ud83c\udf38<\/p>\n<p data-start=\"207\" data-end=\"462\">Delicate yet present \u2013 \u200b\u200bthis Faberrebe evokes the fragrant elegance of a nearly forgotten variety. Carefully harvested and spontaneously fermented, it combines floral notes with delicate fruit and a lively lightness \u2013 a play on fragrance, finesse, and balance.<\/p>\n<p data-start=\"464\" data-end=\"763\">In the glass, it shimmers pale gold with aromas of blossom honey, pale melon, and white blossoms. The nose is delicate and playful\u2014a fragrance reminiscent of spring gardens, bright summer days, and crisp mornings. On the palate, it is soft and flowing, with a gentle structure and invigorating freshness.<\/p>\n<p data-start=\"765\" data-end=\"905\">With its low alcohol content and delicate fruitiness, it pairs perfectly with Asian cuisine, fresh salads, or simply on its own on the balcony.<\/p>\n<p data-start=\"907\" data-end=\"998\">Organically grown. Vinified with joy. Made to surprise, not please.<\/p>\n<p data-start=\"1000\" data-end=\"1057\" data-is-last-node=\"\" data-is-only-node=\"\">From Lisa &amp; Jos\u00e9 \u2013 for more variety in your glass and in your life.<\/p>\n<hr data-start=\"1460\" data-end=\"1463\" \/>","protected":false},"excerpt":{"rendered":"<pre>GERMANY | RHEINHESSEN | WHITE | DRY | 12,5%<\/pre>\n<p>&nbsp;<\/p>","protected":false},"featured_media":742,"comment_status":"open","ping_status":"closed","template":"","meta":[],"product_brand":[88],"product_cat":[36,25],"product_tag":[30,92,89,67,75,90,74,37],"class_list":{"0":"post-736","1":"product","2":"type-product","3":"status-publish","4":"has-post-thumbnail","6":"product_brand-dope","7":"product_cat-german-wine","8":"product_cat-white","9":"product_tag-dry","10":"product_tag-faberrebe","11":"product_tag-german-wine","12":"product_tag-natural-wine","13":"product_tag-naturwein","14":"product_tag-rheinhessen","15":"product_tag-wein","16":"product_tag-white","18":"first","19":"instock","20":"shipping-taxable","21":"purchasable","22":"product-type-simple"},"yoast_head":"<!-- This site is optimized with the Yoast SEO plugin v27.4 - https:\/\/yoast.com\/product\/yoast-seo-wordpress\/ -->\n<title>Dope Faberrebe - LUCKY GRAPE<\/title>\n<meta name=\"description\" content=\"Ein zarter, verspielter Wei\u00dfwein mit floraler Eleganz: duftig, leicht und fein, mit Noten von Bl\u00fctenhonig, Melone und wei\u00dfen Bl\u00fcten \u2013 weich, frisch und harmonisch mit niedrigem Alkohol und flie\u00dfender Struktur.\" \/>\n<meta name=\"robots\" content=\"index, follow, max-snippet:-1, max-image-preview:large, max-video-preview:-1\" \/>\n<link rel=\"canonical\" href=\"https:\/\/lucky-grape.com\/en\/product\/dope-faberrebe\/\" \/>\n<meta property=\"og:locale\" content=\"en_GB\" \/>\n<meta property=\"og:type\" content=\"article\" \/>\n<meta property=\"og:title\" content=\"Dope Faberrebe - LUCKY GRAPE\" \/>\n<meta property=\"og:description\" content=\"Ein zarter, verspielter Wei\u00dfwein mit floraler Eleganz: duftig, leicht und fein, mit Noten von Bl\u00fctenhonig, Melone und wei\u00dfen Bl\u00fcten \u2013 weich, frisch und harmonisch mit niedrigem Alkohol und flie\u00dfender Struktur.\" \/>\n<meta property=\"og:url\" content=\"https:\/\/lucky-grape.com\/en\/product\/dope-faberrebe\/\" \/>\n<meta property=\"og:site_name\" content=\"LUCKY GRAPE\" \/>\n<meta property=\"article:modified_time\" content=\"2025-11-05T14:53:26+00:00\" \/>\n<meta property=\"og:image\" content=\"https:\/\/lucky-grape.com\/wp-content\/uploads\/2025\/09\/Wine-Collection-Online-10.png\" \/>\n\t<meta property=\"og:image:width\" content=\"1080\" \/>\n\t<meta property=\"og:image:height\" content=\"1350\" \/>\n\t<meta property=\"og:image:type\" content=\"image\/png\" \/>\n<meta name=\"twitter:card\" content=\"summary_large_image\" \/>\n<meta name=\"twitter:label1\" content=\"Estimated reading time\" \/>\n\t<meta name=\"twitter:data1\" content=\"1 minute\" \/>\n<script type=\"application\/ld+json\" class=\"yoast-schema-graph\">{\"@context\":\"https:\\\/\\\/schema.org\",\"@graph\":[{\"@type\":\"WebPage\",\"@id\":\"https:\\\/\\\/lucky-grape.com\\\/product\\\/dope-faberrebe\\\/\",\"url\":\"https:\\\/\\\/lucky-grape.com\\\/product\\\/dope-faberrebe\\\/\",\"name\":\"Dope Faberrebe - LUCKY GRAPE\",\"isPartOf\":{\"@id\":\"https:\\\/\\\/lucky-grape.com\\\/#website\"},\"primaryImageOfPage\":{\"@id\":\"https:\\\/\\\/lucky-grape.com\\\/product\\\/dope-faberrebe\\\/#primaryimage\"},\"image\":{\"@id\":\"https:\\\/\\\/lucky-grape.com\\\/product\\\/dope-faberrebe\\\/#primaryimage\"},\"thumbnailUrl\":\"https:\\\/\\\/lucky-grape.com\\\/wp-content\\\/uploads\\\/2025\\\/09\\\/Wine-Collection-Online-10.png\",\"datePublished\":\"2025-09-16T15:30:55+00:00\",\"dateModified\":\"2025-11-05T14:53:26+00:00\",\"description\":\"Ein zarter, verspielter Wei\u00dfwein mit floraler Eleganz: duftig, leicht und fein, mit Noten von Bl\u00fctenhonig, Melone und wei\u00dfen Bl\u00fcten \u2013 weich, frisch und harmonisch mit niedrigem Alkohol und flie\u00dfender Struktur.\",\"breadcrumb\":{\"@id\":\"https:\\\/\\\/lucky-grape.com\\\/product\\\/dope-faberrebe\\\/#breadcrumb\"},\"inLanguage\":\"en-GB\",\"potentialAction\":[{\"@type\":\"ReadAction\",\"target\":[\"https:\\\/\\\/lucky-grape.com\\\/product\\\/dope-faberrebe\\\/\"]}]},{\"@type\":\"ImageObject\",\"inLanguage\":\"en-GB\",\"@id\":\"https:\\\/\\\/lucky-grape.com\\\/product\\\/dope-faberrebe\\\/#primaryimage\",\"url\":\"https:\\\/\\\/lucky-grape.com\\\/wp-content\\\/uploads\\\/2025\\\/09\\\/Wine-Collection-Online-10.png\",\"contentUrl\":\"https:\\\/\\\/lucky-grape.com\\\/wp-content\\\/uploads\\\/2025\\\/09\\\/Wine-Collection-Online-10.png\",\"width\":1080,\"height\":1350},{\"@type\":\"BreadcrumbList\",\"@id\":\"https:\\\/\\\/lucky-grape.com\\\/product\\\/dope-faberrebe\\\/#breadcrumb\",\"itemListElement\":[{\"@type\":\"ListItem\",\"position\":1,\"name\":\"Home\",\"item\":\"https:\\\/\\\/lucky-grape.com\\\/\"},{\"@type\":\"ListItem\",\"position\":2,\"name\":\"WINE SHOP\",\"item\":\"https:\\\/\\\/lucky-grape.com\\\/home\\\/wine-shop\\\/\"},{\"@type\":\"ListItem\",\"position\":3,\"name\":\"Dope Faberrebe\"}]},{\"@type\":\"WebSite\",\"@id\":\"https:\\\/\\\/lucky-grape.com\\\/#website\",\"url\":\"https:\\\/\\\/lucky-grape.com\\\/\",\"name\":\"LUCKY GRAPE\",\"description\":\"Natural wine - Low intervention - Small producers\",\"publisher\":{\"@id\":\"https:\\\/\\\/lucky-grape.com\\\/#organization\"},\"potentialAction\":[{\"@type\":\"SearchAction\",\"target\":{\"@type\":\"EntryPoint\",\"urlTemplate\":\"https:\\\/\\\/lucky-grape.com\\\/?s={search_term_string}\"},\"query-input\":{\"@type\":\"PropertyValueSpecification\",\"valueRequired\":true,\"valueName\":\"search_term_string\"}}],\"inLanguage\":\"en-GB\"},{\"@type\":\"Organization\",\"@id\":\"https:\\\/\\\/lucky-grape.com\\\/#organization\",\"name\":\"LUCKY GRAPE\",\"url\":\"https:\\\/\\\/lucky-grape.com\\\/\",\"logo\":{\"@type\":\"ImageObject\",\"inLanguage\":\"en-GB\",\"@id\":\"https:\\\/\\\/lucky-grape.com\\\/#\\\/schema\\\/logo\\\/image\\\/\",\"url\":\"https:\\\/\\\/lucky-grape.com\\\/wp-content\\\/uploads\\\/2024\\\/08\\\/LOGO-WHITE.png\",\"contentUrl\":\"https:\\\/\\\/lucky-grape.com\\\/wp-content\\\/uploads\\\/2024\\\/08\\\/LOGO-WHITE.png\",\"width\":1000,\"height\":1000,\"caption\":\"LUCKY GRAPE\"},\"image\":{\"@id\":\"https:\\\/\\\/lucky-grape.com\\\/#\\\/schema\\\/logo\\\/image\\\/\"}}]}<\/script>\n<!-- \/ Yoast SEO plugin. -->","yoast_head_json":{"title":"Dope Faberrebe - LUCKY GRAPE","description":"Ein zarter, verspielter Wei\u00dfwein mit floraler Eleganz: duftig, leicht und fein, mit Noten von Bl\u00fctenhonig, Melone und wei\u00dfen Bl\u00fcten \u2013 weich, frisch und harmonisch mit niedrigem Alkohol und flie\u00dfender Struktur.","robots":{"index":"index","follow":"follow","max-snippet":"max-snippet:-1","max-image-preview":"max-image-preview:large","max-video-preview":"max-video-preview:-1"},"canonical":"https:\/\/lucky-grape.com\/en\/product\/dope-faberrebe\/","og_locale":"en_GB","og_type":"article","og_title":"Dope Faberrebe - LUCKY GRAPE","og_description":"Ein zarter, verspielter Wei\u00dfwein mit floraler Eleganz: duftig, leicht und fein, mit Noten von Bl\u00fctenhonig, Melone und wei\u00dfen Bl\u00fcten \u2013 weich, frisch und harmonisch mit niedrigem Alkohol und flie\u00dfender Struktur.","og_url":"https:\/\/lucky-grape.com\/en\/product\/dope-faberrebe\/","og_site_name":"LUCKY GRAPE","article_modified_time":"2025-11-05T14:53:26+00:00","og_image":[{"width":1080,"height":1350,"url":"https:\/\/lucky-grape.com\/wp-content\/uploads\/2025\/09\/Wine-Collection-Online-10.png","type":"image\/png"}],"twitter_card":"summary_large_image","twitter_misc":{"Estimated reading time":"1 minute"},"schema":{"@context":"https:\/\/schema.org","@graph":[{"@type":"WebPage","@id":"https:\/\/lucky-grape.com\/product\/dope-faberrebe\/","url":"https:\/\/lucky-grape.com\/product\/dope-faberrebe\/","name":"Dope Faberrebe - LUCKY GRAPE","isPartOf":{"@id":"https:\/\/lucky-grape.com\/#website"},"primaryImageOfPage":{"@id":"https:\/\/lucky-grape.com\/product\/dope-faberrebe\/#primaryimage"},"image":{"@id":"https:\/\/lucky-grape.com\/product\/dope-faberrebe\/#primaryimage"},"thumbnailUrl":"https:\/\/lucky-grape.com\/wp-content\/uploads\/2025\/09\/Wine-Collection-Online-10.png","datePublished":"2025-09-16T15:30:55+00:00","dateModified":"2025-11-05T14:53:26+00:00","description":"Ein zarter, verspielter Wei\u00dfwein mit floraler Eleganz: duftig, leicht und fein, mit Noten von Bl\u00fctenhonig, Melone und wei\u00dfen Bl\u00fcten \u2013 weich, frisch und harmonisch mit niedrigem Alkohol und flie\u00dfender Struktur.","breadcrumb":{"@id":"https:\/\/lucky-grape.com\/product\/dope-faberrebe\/#breadcrumb"},"inLanguage":"en-GB","potentialAction":[{"@type":"ReadAction","target":["https:\/\/lucky-grape.com\/product\/dope-faberrebe\/"]}]},{"@type":"ImageObject","inLanguage":"en-GB","@id":"https:\/\/lucky-grape.com\/product\/dope-faberrebe\/#primaryimage","url":"https:\/\/lucky-grape.com\/wp-content\/uploads\/2025\/09\/Wine-Collection-Online-10.png","contentUrl":"https:\/\/lucky-grape.com\/wp-content\/uploads\/2025\/09\/Wine-Collection-Online-10.png","width":1080,"height":1350},{"@type":"BreadcrumbList","@id":"https:\/\/lucky-grape.com\/product\/dope-faberrebe\/#breadcrumb","itemListElement":[{"@type":"ListItem","position":1,"name":"Home","item":"https:\/\/lucky-grape.com\/"},{"@type":"ListItem","position":2,"name":"WINE SHOP","item":"https:\/\/lucky-grape.com\/home\/wine-shop\/"},{"@type":"ListItem","position":3,"name":"Dope Faberrebe"}]},{"@type":"WebSite","@id":"https:\/\/lucky-grape.com\/#website","url":"https:\/\/lucky-grape.com\/","name":"LUCKY GRAPE","description":"Natural wine - Low intervention - Small producers","publisher":{"@id":"https:\/\/lucky-grape.com\/#organization"},"potentialAction":[{"@type":"SearchAction","target":{"@type":"EntryPoint","urlTemplate":"https:\/\/lucky-grape.com\/?s={search_term_string}"},"query-input":{"@type":"PropertyValueSpecification","valueRequired":true,"valueName":"search_term_string"}}],"inLanguage":"en-GB"},{"@type":"Organization","@id":"https:\/\/lucky-grape.com\/#organization","name":"LUCKY GRAPE","url":"https:\/\/lucky-grape.com\/","logo":{"@type":"ImageObject","inLanguage":"en-GB","@id":"https:\/\/lucky-grape.com\/#\/schema\/logo\/image\/","url":"https:\/\/lucky-grape.com\/wp-content\/uploads\/2024\/08\/LOGO-WHITE.png","contentUrl":"https:\/\/lucky-grape.com\/wp-content\/uploads\/2024\/08\/LOGO-WHITE.png","width":1000,"height":1000,"caption":"LUCKY GRAPE"},"image":{"@id":"https:\/\/lucky-grape.com\/#\/schema\/logo\/image\/"}}]}},"_links":{"self":[{"href":"https:\/\/lucky-grape.com\/en\/wp-json\/wp\/v2\/product\/736","targetHints":{"allow":["GET"]}}],"collection":[{"href":"https:\/\/lucky-grape.com\/en\/wp-json\/wp\/v2\/product"}],"about":[{"href":"https:\/\/lucky-grape.com\/en\/wp-json\/wp\/v2\/types\/product"}],"replies":[{"embeddable":true,"href":"https:\/\/lucky-grape.com\/en\/wp-json\/wp\/v2\/comments?post=736"}],"wp:featuredmedia":[{"embeddable":true,"href":"https:\/\/lucky-grape.com\/en\/wp-json\/wp\/v2\/media\/742"}],"wp:attachment":[{"href":"https:\/\/lucky-grape.com\/en\/wp-json\/wp\/v2\/media?parent=736"}],"wp:term":[{"taxonomy":"product_brand","embeddable":true,"href":"https:\/\/lucky-grape.com\/en\/wp-json\/wp\/v2\/product_brand?post=736"},{"taxonomy":"product_cat","embeddable":true,"href":"https:\/\/lucky-grape.com\/en\/wp-json\/wp\/v2\/product_cat?post=736"},{"taxonomy":"product_tag","embeddable":true,"href":"https:\/\/lucky-grape.com\/en\/wp-json\/wp\/v2\/product_tag?post=736"}],"curies":[{"name":"wp","href":"https:\/\/api.w.org\/{rel}","templated":true}]}}