{"id":790,"date":"2025-10-30T15:02:27","date_gmt":"2025-10-30T15:02:27","guid":{"rendered":"https:\/\/lucky-grape.com\/?post_type=product&#038;p=790"},"modified":"2025-11-05T14:57:14","modified_gmt":"2025-11-05T14:57:14","slug":"rage-against-the-bamboche","status":"publish","type":"product","link":"https:\/\/lucky-grape.com\/en\/product\/rage-against-the-bamboche\/","title":{"rendered":"Rage Against the Bamboche"},"content":{"rendered":"<p data-start=\"0\" data-end=\"59\">BLACK PEPPER \ud83c\udf36\ufe0f | RIPE CHERRY \ud83c\udf52 | SUNSHINE \u2600\ufe0f<\/p>\n<p data-start=\"61\" data-end=\"380\">Lively and full of character \u2013 this Duras showcases the potential of the native Gaillac grape variety: spice, freshness, and pure expression. 90% Duras, 10% Syrah \u2013 partly destemmed, partly fermented as whole clusters, with gentle extraction and a relaxed approach. No pushing, no tamping \u2013 just daily, careful pump-overs.<\/p>\n<p data-start=\"382\" data-end=\"687\">In the glass, it shimmers a deep ruby \u200b\u200bred with aromas of black pepper, ripe cherry, and a hint of wild herbs. The nose is open and vibrant \u2013 it speaks of sun, wind, and old vines on warm limestone soil. On the palate, it is juicy and crisp, with a delicate tension between spice and fruit.<\/p>\n<p data-start=\"689\" data-end=\"833\">Winter brought calm, the winemaking process precision. The result: a wine with energy, structure and lasting freshness \u2013 sunny, but never heavy.<\/p>\n<p data-start=\"835\" data-end=\"878\">Made to celebrate, not to pose.<\/p>\n<hr data-start=\"1460\" data-end=\"1463\" \/>","protected":false},"excerpt":{"rendered":"<pre>FRANCE | SUDOUEST | RED | DRY | 14%<\/pre>\n<p>&nbsp;<\/p>","protected":false},"featured_media":791,"comment_status":"open","ping_status":"closed","template":"","meta":[],"product_brand":[98],"product_cat":[99,24],"product_tag":[30,100,95,67,75,45,97,101,74],"class_list":{"0":"post-790","1":"product","2":"type-product","3":"status-publish","4":"has-post-thumbnail","6":"product_brand-la-bonne-pioche","7":"product_cat-french-wine","8":"product_cat-red-2","9":"product_tag-dry","10":"product_tag-duras","11":"product_tag-france","12":"product_tag-natural-wine","13":"product_tag-naturwein","14":"product_tag-red","15":"product_tag-sudouest","16":"product_tag-syrah","17":"product_tag-wein","19":"first","20":"instock","21":"shipping-taxable","22":"purchasable","23":"product-type-simple"},"yoast_head":"<!-- This site is optimized with the Yoast SEO plugin v27.4 - https:\/\/yoast.com\/product\/yoast-seo-wordpress\/ -->\n<title>Rage Against the Bamboche - LUCKY GRAPE<\/title>\n<meta name=\"description\" content=\"Ein lebendiger, w\u00fcrziger Duras mit s\u00fcdlicher Energie: klar, saftig und charaktervoll, mit Noten von schwarzem Pfeffer, reifer Kirsche und wilden Kr\u00e4utern \u2013 frisch, spannungsvoll und pr\u00e4zise mit feiner Struktur und anhaltender Frische.\" \/>\n<meta name=\"robots\" content=\"index, follow, max-snippet:-1, max-image-preview:large, max-video-preview:-1\" \/>\n<link rel=\"canonical\" href=\"https:\/\/lucky-grape.com\/en\/product\/rage-against-the-bamboche\/\" \/>\n<meta property=\"og:locale\" content=\"en_GB\" \/>\n<meta property=\"og:type\" content=\"article\" \/>\n<meta property=\"og:title\" content=\"Rage Against the Bamboche - LUCKY GRAPE\" \/>\n<meta property=\"og:description\" content=\"Ein lebendiger, w\u00fcrziger Duras mit s\u00fcdlicher Energie: klar, saftig und charaktervoll, mit Noten von schwarzem Pfeffer, reifer Kirsche und wilden Kr\u00e4utern \u2013 frisch, spannungsvoll und pr\u00e4zise mit feiner Struktur und anhaltender Frische.\" \/>\n<meta property=\"og:url\" content=\"https:\/\/lucky-grape.com\/en\/product\/rage-against-the-bamboche\/\" \/>\n<meta property=\"og:site_name\" content=\"LUCKY GRAPE\" \/>\n<meta property=\"article:modified_time\" content=\"2025-11-05T14:57:14+00:00\" \/>\n<meta property=\"og:image\" content=\"https:\/\/lucky-grape.com\/wp-content\/uploads\/2025\/10\/1.png\" \/>\n\t<meta property=\"og:image:width\" content=\"1080\" \/>\n\t<meta property=\"og:image:height\" content=\"1350\" \/>\n\t<meta property=\"og:image:type\" content=\"image\/png\" \/>\n<meta name=\"twitter:card\" content=\"summary_large_image\" \/>\n<meta name=\"twitter:label1\" content=\"Estimated reading time\" \/>\n\t<meta name=\"twitter:data1\" content=\"1 minute\" \/>\n<script type=\"application\/ld+json\" class=\"yoast-schema-graph\">{\"@context\":\"https:\\\/\\\/schema.org\",\"@graph\":[{\"@type\":\"WebPage\",\"@id\":\"https:\\\/\\\/lucky-grape.com\\\/product\\\/rage-against-the-bamboche\\\/\",\"url\":\"https:\\\/\\\/lucky-grape.com\\\/product\\\/rage-against-the-bamboche\\\/\",\"name\":\"Rage Against the Bamboche - LUCKY GRAPE\",\"isPartOf\":{\"@id\":\"https:\\\/\\\/lucky-grape.com\\\/#website\"},\"primaryImageOfPage\":{\"@id\":\"https:\\\/\\\/lucky-grape.com\\\/product\\\/rage-against-the-bamboche\\\/#primaryimage\"},\"image\":{\"@id\":\"https:\\\/\\\/lucky-grape.com\\\/product\\\/rage-against-the-bamboche\\\/#primaryimage\"},\"thumbnailUrl\":\"https:\\\/\\\/lucky-grape.com\\\/wp-content\\\/uploads\\\/2025\\\/10\\\/1.png\",\"datePublished\":\"2025-10-30T15:02:27+00:00\",\"dateModified\":\"2025-11-05T14:57:14+00:00\",\"description\":\"Ein lebendiger, w\u00fcrziger Duras mit s\u00fcdlicher Energie: klar, saftig und charaktervoll, mit Noten von schwarzem Pfeffer, reifer Kirsche und wilden Kr\u00e4utern \u2013 frisch, spannungsvoll und pr\u00e4zise mit feiner Struktur und anhaltender Frische.\",\"breadcrumb\":{\"@id\":\"https:\\\/\\\/lucky-grape.com\\\/product\\\/rage-against-the-bamboche\\\/#breadcrumb\"},\"inLanguage\":\"en-GB\",\"potentialAction\":[{\"@type\":\"ReadAction\",\"target\":[\"https:\\\/\\\/lucky-grape.com\\\/product\\\/rage-against-the-bamboche\\\/\"]}]},{\"@type\":\"ImageObject\",\"inLanguage\":\"en-GB\",\"@id\":\"https:\\\/\\\/lucky-grape.com\\\/product\\\/rage-against-the-bamboche\\\/#primaryimage\",\"url\":\"https:\\\/\\\/lucky-grape.com\\\/wp-content\\\/uploads\\\/2025\\\/10\\\/1.png\",\"contentUrl\":\"https:\\\/\\\/lucky-grape.com\\\/wp-content\\\/uploads\\\/2025\\\/10\\\/1.png\",\"width\":1080,\"height\":1350},{\"@type\":\"BreadcrumbList\",\"@id\":\"https:\\\/\\\/lucky-grape.com\\\/product\\\/rage-against-the-bamboche\\\/#breadcrumb\",\"itemListElement\":[{\"@type\":\"ListItem\",\"position\":1,\"name\":\"Home\",\"item\":\"https:\\\/\\\/lucky-grape.com\\\/\"},{\"@type\":\"ListItem\",\"position\":2,\"name\":\"WINE SHOP\",\"item\":\"https:\\\/\\\/lucky-grape.com\\\/home\\\/wine-shop\\\/\"},{\"@type\":\"ListItem\",\"position\":3,\"name\":\"Rage Against the Bamboche\"}]},{\"@type\":\"WebSite\",\"@id\":\"https:\\\/\\\/lucky-grape.com\\\/#website\",\"url\":\"https:\\\/\\\/lucky-grape.com\\\/\",\"name\":\"LUCKY GRAPE\",\"description\":\"Natural wine - Low intervention - Small producers\",\"publisher\":{\"@id\":\"https:\\\/\\\/lucky-grape.com\\\/#organization\"},\"potentialAction\":[{\"@type\":\"SearchAction\",\"target\":{\"@type\":\"EntryPoint\",\"urlTemplate\":\"https:\\\/\\\/lucky-grape.com\\\/?s={search_term_string}\"},\"query-input\":{\"@type\":\"PropertyValueSpecification\",\"valueRequired\":true,\"valueName\":\"search_term_string\"}}],\"inLanguage\":\"en-GB\"},{\"@type\":\"Organization\",\"@id\":\"https:\\\/\\\/lucky-grape.com\\\/#organization\",\"name\":\"LUCKY GRAPE\",\"url\":\"https:\\\/\\\/lucky-grape.com\\\/\",\"logo\":{\"@type\":\"ImageObject\",\"inLanguage\":\"en-GB\",\"@id\":\"https:\\\/\\\/lucky-grape.com\\\/#\\\/schema\\\/logo\\\/image\\\/\",\"url\":\"https:\\\/\\\/lucky-grape.com\\\/wp-content\\\/uploads\\\/2024\\\/08\\\/LOGO-WHITE.png\",\"contentUrl\":\"https:\\\/\\\/lucky-grape.com\\\/wp-content\\\/uploads\\\/2024\\\/08\\\/LOGO-WHITE.png\",\"width\":1000,\"height\":1000,\"caption\":\"LUCKY GRAPE\"},\"image\":{\"@id\":\"https:\\\/\\\/lucky-grape.com\\\/#\\\/schema\\\/logo\\\/image\\\/\"}}]}<\/script>\n<!-- \/ Yoast SEO plugin. -->","yoast_head_json":{"title":"Rage Against the Bamboche - LUCKY GRAPE","description":"Ein lebendiger, w\u00fcrziger Duras mit s\u00fcdlicher Energie: klar, saftig und charaktervoll, mit Noten von schwarzem Pfeffer, reifer Kirsche und wilden Kr\u00e4utern \u2013 frisch, spannungsvoll und pr\u00e4zise mit feiner Struktur und anhaltender Frische.","robots":{"index":"index","follow":"follow","max-snippet":"max-snippet:-1","max-image-preview":"max-image-preview:large","max-video-preview":"max-video-preview:-1"},"canonical":"https:\/\/lucky-grape.com\/en\/product\/rage-against-the-bamboche\/","og_locale":"en_GB","og_type":"article","og_title":"Rage Against the Bamboche - LUCKY GRAPE","og_description":"Ein lebendiger, w\u00fcrziger Duras mit s\u00fcdlicher Energie: klar, saftig und charaktervoll, mit Noten von schwarzem Pfeffer, reifer Kirsche und wilden Kr\u00e4utern \u2013 frisch, spannungsvoll und pr\u00e4zise mit feiner Struktur und anhaltender Frische.","og_url":"https:\/\/lucky-grape.com\/en\/product\/rage-against-the-bamboche\/","og_site_name":"LUCKY GRAPE","article_modified_time":"2025-11-05T14:57:14+00:00","og_image":[{"width":1080,"height":1350,"url":"https:\/\/lucky-grape.com\/wp-content\/uploads\/2025\/10\/1.png","type":"image\/png"}],"twitter_card":"summary_large_image","twitter_misc":{"Estimated reading time":"1 minute"},"schema":{"@context":"https:\/\/schema.org","@graph":[{"@type":"WebPage","@id":"https:\/\/lucky-grape.com\/product\/rage-against-the-bamboche\/","url":"https:\/\/lucky-grape.com\/product\/rage-against-the-bamboche\/","name":"Rage Against the Bamboche - LUCKY GRAPE","isPartOf":{"@id":"https:\/\/lucky-grape.com\/#website"},"primaryImageOfPage":{"@id":"https:\/\/lucky-grape.com\/product\/rage-against-the-bamboche\/#primaryimage"},"image":{"@id":"https:\/\/lucky-grape.com\/product\/rage-against-the-bamboche\/#primaryimage"},"thumbnailUrl":"https:\/\/lucky-grape.com\/wp-content\/uploads\/2025\/10\/1.png","datePublished":"2025-10-30T15:02:27+00:00","dateModified":"2025-11-05T14:57:14+00:00","description":"Ein lebendiger, w\u00fcrziger Duras mit s\u00fcdlicher Energie: klar, saftig und charaktervoll, mit Noten von schwarzem Pfeffer, reifer Kirsche und wilden Kr\u00e4utern \u2013 frisch, spannungsvoll und pr\u00e4zise mit feiner Struktur und anhaltender Frische.","breadcrumb":{"@id":"https:\/\/lucky-grape.com\/product\/rage-against-the-bamboche\/#breadcrumb"},"inLanguage":"en-GB","potentialAction":[{"@type":"ReadAction","target":["https:\/\/lucky-grape.com\/product\/rage-against-the-bamboche\/"]}]},{"@type":"ImageObject","inLanguage":"en-GB","@id":"https:\/\/lucky-grape.com\/product\/rage-against-the-bamboche\/#primaryimage","url":"https:\/\/lucky-grape.com\/wp-content\/uploads\/2025\/10\/1.png","contentUrl":"https:\/\/lucky-grape.com\/wp-content\/uploads\/2025\/10\/1.png","width":1080,"height":1350},{"@type":"BreadcrumbList","@id":"https:\/\/lucky-grape.com\/product\/rage-against-the-bamboche\/#breadcrumb","itemListElement":[{"@type":"ListItem","position":1,"name":"Home","item":"https:\/\/lucky-grape.com\/"},{"@type":"ListItem","position":2,"name":"WINE SHOP","item":"https:\/\/lucky-grape.com\/home\/wine-shop\/"},{"@type":"ListItem","position":3,"name":"Rage Against the Bamboche"}]},{"@type":"WebSite","@id":"https:\/\/lucky-grape.com\/#website","url":"https:\/\/lucky-grape.com\/","name":"LUCKY GRAPE","description":"Natural wine - Low intervention - Small producers","publisher":{"@id":"https:\/\/lucky-grape.com\/#organization"},"potentialAction":[{"@type":"SearchAction","target":{"@type":"EntryPoint","urlTemplate":"https:\/\/lucky-grape.com\/?s={search_term_string}"},"query-input":{"@type":"PropertyValueSpecification","valueRequired":true,"valueName":"search_term_string"}}],"inLanguage":"en-GB"},{"@type":"Organization","@id":"https:\/\/lucky-grape.com\/#organization","name":"LUCKY GRAPE","url":"https:\/\/lucky-grape.com\/","logo":{"@type":"ImageObject","inLanguage":"en-GB","@id":"https:\/\/lucky-grape.com\/#\/schema\/logo\/image\/","url":"https:\/\/lucky-grape.com\/wp-content\/uploads\/2024\/08\/LOGO-WHITE.png","contentUrl":"https:\/\/lucky-grape.com\/wp-content\/uploads\/2024\/08\/LOGO-WHITE.png","width":1000,"height":1000,"caption":"LUCKY GRAPE"},"image":{"@id":"https:\/\/lucky-grape.com\/#\/schema\/logo\/image\/"}}]}},"_links":{"self":[{"href":"https:\/\/lucky-grape.com\/en\/wp-json\/wp\/v2\/product\/790","targetHints":{"allow":["GET"]}}],"collection":[{"href":"https:\/\/lucky-grape.com\/en\/wp-json\/wp\/v2\/product"}],"about":[{"href":"https:\/\/lucky-grape.com\/en\/wp-json\/wp\/v2\/types\/product"}],"replies":[{"embeddable":true,"href":"https:\/\/lucky-grape.com\/en\/wp-json\/wp\/v2\/comments?post=790"}],"wp:featuredmedia":[{"embeddable":true,"href":"https:\/\/lucky-grape.com\/en\/wp-json\/wp\/v2\/media\/791"}],"wp:attachment":[{"href":"https:\/\/lucky-grape.com\/en\/wp-json\/wp\/v2\/media?parent=790"}],"wp:term":[{"taxonomy":"product_brand","embeddable":true,"href":"https:\/\/lucky-grape.com\/en\/wp-json\/wp\/v2\/product_brand?post=790"},{"taxonomy":"product_cat","embeddable":true,"href":"https:\/\/lucky-grape.com\/en\/wp-json\/wp\/v2\/product_cat?post=790"},{"taxonomy":"product_tag","embeddable":true,"href":"https:\/\/lucky-grape.com\/en\/wp-json\/wp\/v2\/product_tag?post=790"}],"curies":[{"name":"wp","href":"https:\/\/api.w.org\/{rel}","templated":true}]}}